{"id":13035,"date":"2024-10-15T12:11:06","date_gmt":"2024-10-15T10:11:06","guid":{"rendered":"https:\/\/bodenbender.com\/technique-et-produits\/milwaukee\/"},"modified":"2025-07-16T10:38:18","modified_gmt":"2025-07-16T08:38:18","slug":"milwaukee","status":"publish","type":"page","link":"https:\/\/bodenbender.com\/fr\/technique-et-produits\/milwaukee\/","title":{"rendered":"Milwaukee"},"content":{"rendered":"\t\t<div data-elementor-type=\"wp-page\" data-elementor-id=\"13035\" class=\"elementor elementor-13035 elementor-463\" data-elementor-post-type=\"page\">\n\t\t\t\t<div class=\"elementor-element elementor-element-c027cfe e-flex e-con-boxed e-con e-parent\" data-id=\"c027cfe\" data-element_type=\"container\" data-e-type=\"container\">\n\t\t\t\t\t<div class=\"e-con-inner\">\n\t\t<div class=\"elementor-element elementor-element-d087b88 e-con-full e-flex e-con e-child\" data-id=\"d087b88\" data-element_type=\"container\" data-e-type=\"container\">\n\t\t\t\t<div class=\"elementor-element elementor-element-b562b2a elementor-widget elementor-widget-image\" data-id=\"b562b2a\" data-element_type=\"widget\" data-e-type=\"widget\" data-widget_type=\"image.default\">\n\t\t\t\t<div class=\"elementor-widget-container\">\n\t\t\t\t\t\t\t\t\t\t\t\t\t\t\t<img fetchpriority=\"high\" decoding=\"async\" width=\"1024\" height=\"500\" src=\"https:\/\/bodenbender.com\/wp-content\/uploads\/2025\/01\/Milwaukee_Logo-1024x500.png\" class=\"attachment-large size-large wp-image-6422\" alt=\"Milwaukee Logo\" srcset=\"https:\/\/bodenbender.com\/wp-content\/uploads\/2025\/01\/Milwaukee_Logo-1024x500.png 1024w, https:\/\/bodenbender.com\/wp-content\/uploads\/2025\/01\/Milwaukee_Logo-300x147.png 300w, https:\/\/bodenbender.com\/wp-content\/uploads\/2025\/01\/Milwaukee_Logo-768x375.png 768w, https:\/\/bodenbender.com\/wp-content\/uploads\/2025\/01\/Milwaukee_Logo.png 1200w\" sizes=\"(max-width: 1024px) 100vw, 1024px\" \/>\t\t\t\t\t\t\t\t\t\t\t\t\t\t\t<\/div>\n\t\t\t\t<\/div>\n\t\t\t\t<\/div>\n\t\t<div class=\"elementor-element elementor-element-3823e05 e-con-full e-flex e-con e-child\" data-id=\"3823e05\" data-element_type=\"container\" data-e-type=\"container\">\n\t\t\t\t<div class=\"elementor-element elementor-element-7b5fa4b elementor-widget elementor-widget-heading\" data-id=\"7b5fa4b\" data-element_type=\"widget\" data-e-type=\"widget\" data-widget_type=\"heading.default\">\n\t\t\t\t<div class=\"elementor-widget-container\">\n\t\t\t\t\t<h1 class=\"elementor-heading-title elementor-size-default\">Milwaukee<\/h1>\t\t\t\t<\/div>\n\t\t\t\t<\/div>\n\t\t\t\t<div class=\"elementor-element elementor-element-77dad38 elementor-widget elementor-widget-text-editor\" data-id=\"77dad38\" data-element_type=\"widget\" data-e-type=\"widget\" data-widget_type=\"text-editor.default\">\n\t\t\t\t<div class=\"elementor-widget-container\">\n\t\t\t\t\t\t\t\t\t<p><strong>Bodenbender est un distributeur de MILWAUKEE\u00ae Tools Allemagne. Nous nous concentrons sur les outils de r\u00e9habilitation des canalisations, les cam\u00e9ras d&rsquo;inspection et bien plus encore. <\/strong><\/p>\t\t\t\t\t\t\t\t<\/div>\n\t\t\t\t<\/div>\n\t\t\t\t<\/div>\n\t\t\t\t\t<\/div>\n\t\t\t\t<\/div>\n\t\t<div class=\"elementor-element elementor-element-64c7a17 e-flex e-con-boxed e-con e-parent\" data-id=\"64c7a17\" data-element_type=\"container\" data-e-type=\"container\">\n\t\t\t\t\t<div class=\"e-con-inner\">\n\t\t<div class=\"elementor-element elementor-element-5d18dd3 e-con-full e-flex e-con e-child\" data-id=\"5d18dd3\" data-element_type=\"container\" data-e-type=\"container\">\n\t\t\t\t<div class=\"elementor-element elementor-element-ffebce0 elementor-widget elementor-widget-text-editor\" data-id=\"ffebce0\" data-element_type=\"widget\" data-e-type=\"widget\" data-widget_type=\"text-editor.default\">\n\t\t\t\t<div class=\"elementor-widget-container\">\n\t\t\t\t\t\t\t\t\t<p>Avec Milwaukee\u00ae, nous pouvons offrir la meilleure qualit\u00e9 \u00e0 nos utilisateurs, car \u00ab\u00a0Heavy Duty\u00a0\u00bb est plus qu&rsquo;un slogan chez Milwaukee \u00ae. C&rsquo;est une promesse d&rsquo;offrir le meilleur aux utilisateurs professionnels\u00a0\u00bb. N&rsquo;h\u00e9sitez pas \u00e0 consulter notre site web ou notre boutique en ligne pour trouver les produits qui vous conviennent, ou \u00e0 nous contacter directement. En outre, nous pouvons \u00e9galement nous procurer des produits Milwaukee\u00ae au-del\u00e0 de notre domaine de pr\u00e9dilection !  <\/p>\t\t\t\t\t\t\t\t<\/div>\n\t\t\t\t<\/div>\n\t\t<div class=\"elementor-element elementor-element-d670f51 e-con-full e-flex e-con e-child\" data-id=\"d670f51\" data-element_type=\"container\" data-e-type=\"container\">\n\t\t<div class=\"elementor-element elementor-element-ebe82a6 e-con-full e-flex e-con e-child\" data-id=\"ebe82a6\" data-element_type=\"container\" data-e-type=\"container\">\n\t\t\t\t<div class=\"elementor-element elementor-element-94602d5 elementor-widget elementor-widget-image\" data-id=\"94602d5\" data-element_type=\"widget\" data-e-type=\"widget\" data-widget_type=\"image.default\">\n\t\t\t\t<div class=\"elementor-widget-container\">\n\t\t\t\t\t\t\t\t\t\t\t\t\t\t\t<img decoding=\"async\" width=\"1050\" height=\"700\" src=\"https:\/\/bodenbender.com\/wp-content\/uploads\/2025\/01\/Inspektionskamera.jpg\" class=\"attachment-full size-full wp-image-6416\" alt=\"Inspektionskamera im Einsatz.\" srcset=\"https:\/\/bodenbender.com\/wp-content\/uploads\/2025\/01\/Inspektionskamera.jpg 1050w, https:\/\/bodenbender.com\/wp-content\/uploads\/2025\/01\/Inspektionskamera-300x200.jpg 300w, https:\/\/bodenbender.com\/wp-content\/uploads\/2025\/01\/Inspektionskamera-1024x683.jpg 1024w, https:\/\/bodenbender.com\/wp-content\/uploads\/2025\/01\/Inspektionskamera-768x512.jpg 768w\" sizes=\"(max-width: 1050px) 100vw, 1050px\" \/>\t\t\t\t\t\t\t\t\t\t\t\t\t\t\t<\/div>\n\t\t\t\t<\/div>\n\t\t\t\t<\/div>\n\t\t<div class=\"elementor-element elementor-element-c2cf1c0 e-con-full e-flex e-con e-child\" data-id=\"c2cf1c0\" data-element_type=\"container\" data-e-type=\"container\">\n\t\t\t\t<div class=\"elementor-element elementor-element-70c760e elementor-widget elementor-widget-heading\" data-id=\"70c760e\" data-element_type=\"widget\" data-e-type=\"widget\" data-widget_type=\"heading.default\">\n\t\t\t\t<div class=\"elementor-widget-container\">\n\t\t\t\t\t<h2 class=\"elementor-heading-title elementor-size-default\">Cam\u00e9ras d'inspection<\/h2>\t\t\t\t<\/div>\n\t\t\t\t<\/div>\n\t\t\t\t<div class=\"elementor-element elementor-element-3c2c7a1 elementor-widget elementor-widget-text-editor\" data-id=\"3c2c7a1\" data-element_type=\"widget\" data-e-type=\"widget\" data-widget_type=\"text-editor.default\">\n\t\t\t\t<div class=\"elementor-widget-container\">\n\t\t\t\t\t\t\t\t\t<p>&#8230;et accessoires<\/p>\t\t\t\t\t\t\t\t<\/div>\n\t\t\t\t<\/div>\n\t\t\t\t<div class=\"elementor-element elementor-element-3b8bafa elementor-widget elementor-widget-button\" data-id=\"3b8bafa\" data-element_type=\"widget\" data-e-type=\"widget\" data-widget_type=\"button.default\">\n\t\t\t\t<div class=\"elementor-widget-container\">\n\t\t\t\t\t\t\t\t\t<div class=\"elementor-button-wrapper\">\n\t\t\t\t\t<a class=\"elementor-button elementor-button-link elementor-size-sm\" href=\"https:\/\/bodenbender.com\/fr\/technique-et-produits\/milwaukee\/camera-dinspection\/\">\n\t\t\t\t\t\t<span class=\"elementor-button-content-wrapper\">\n\t\t\t\t\t\t<span class=\"elementor-button-icon\">\n\t\t\t\t<svg xmlns=\"http:\/\/www.w3.org\/2000\/svg\" width=\"13.918\" height=\"9.282\" viewBox=\"0 0 13.918 9.282\"><path id=\"Icon_ion-ios-arrow-round-forward\" data-name=\"Icon ion-ios-arrow-round-forward\" d=\"M16.751,11.429a.632.632,0,0,0,0,.889l2.939,2.944H8.5a.628.628,0,0,0,0,1.257H19.68l-2.939,2.944a.636.636,0,0,0,0,.889.626.626,0,0,0,.885,0l3.983-4.012a.706.706,0,0,0,.131-.2.6.6,0,0,0,.048-.242.63.63,0,0,0-.179-.44L17.63,11.444a.616.616,0,0,0-.88-.015Z\" transform=\"translate(-7.875 -11.252)\" fill=\"#ececec\"><\/path><\/svg>\t\t\t<\/span>\n\t\t\t\t\t\t\t\t\t<span class=\"elementor-button-text\">en savoir plus<\/span>\n\t\t\t\t\t<\/span>\n\t\t\t\t\t<\/a>\n\t\t\t\t<\/div>\n\t\t\t\t\t\t\t\t<\/div>\n\t\t\t\t<\/div>\n\t\t\t\t<\/div>\n\t\t\t\t<\/div>\n\t\t<div class=\"elementor-element elementor-element-b4c8aaf e-con-full e-flex e-con e-child\" data-id=\"b4c8aaf\" data-element_type=\"container\" data-e-type=\"container\">\n\t\t<div class=\"elementor-element elementor-element-a261ca1 e-con-full e-flex e-con e-child\" data-id=\"a261ca1\" data-element_type=\"container\" data-e-type=\"container\">\n\t\t\t\t<div class=\"elementor-element elementor-element-59b5769 elementor-widget elementor-widget-heading\" data-id=\"59b5769\" data-element_type=\"widget\" data-e-type=\"widget\" data-widget_type=\"heading.default\">\n\t\t\t\t<div class=\"elementor-widget-container\">\n\t\t\t\t\t<h2 class=\"elementor-heading-title elementor-size-default\">Localisation et nettoyage<\/h2>\t\t\t\t<\/div>\n\t\t\t\t<\/div>\n\t\t\t\t<div class=\"elementor-element elementor-element-f56aca1 elementor-widget elementor-widget-text-editor\" data-id=\"f56aca1\" data-element_type=\"widget\" data-e-type=\"widget\" data-widget_type=\"text-editor.default\">\n\t\t\t\t<div class=\"elementor-widget-container\">\n\t\t\t\t\t\t\t\t\t<p>&#8230;parfait pour la r\u00e9novation<\/p>\t\t\t\t\t\t\t\t<\/div>\n\t\t\t\t<\/div>\n\t\t\t\t<div class=\"elementor-element elementor-element-6de5118 elementor-widget elementor-widget-button\" data-id=\"6de5118\" data-element_type=\"widget\" data-e-type=\"widget\" data-widget_type=\"button.default\">\n\t\t\t\t<div class=\"elementor-widget-container\">\n\t\t\t\t\t\t\t\t\t<div class=\"elementor-button-wrapper\">\n\t\t\t\t\t<a class=\"elementor-button elementor-button-link elementor-size-sm\" href=\"https:\/\/bodenbender.com\/fr\/technique-et-produits\/milwaukee\/localisation-et-nettoyage\/\">\n\t\t\t\t\t\t<span class=\"elementor-button-content-wrapper\">\n\t\t\t\t\t\t<span class=\"elementor-button-icon\">\n\t\t\t\t<svg xmlns=\"http:\/\/www.w3.org\/2000\/svg\" width=\"13.918\" height=\"9.282\" viewBox=\"0 0 13.918 9.282\"><path id=\"Icon_ion-ios-arrow-round-forward\" data-name=\"Icon ion-ios-arrow-round-forward\" d=\"M16.751,11.429a.632.632,0,0,0,0,.889l2.939,2.944H8.5a.628.628,0,0,0,0,1.257H19.68l-2.939,2.944a.636.636,0,0,0,0,.889.626.626,0,0,0,.885,0l3.983-4.012a.706.706,0,0,0,.131-.2.6.6,0,0,0,.048-.242.63.63,0,0,0-.179-.44L17.63,11.444a.616.616,0,0,0-.88-.015Z\" transform=\"translate(-7.875 -11.252)\" fill=\"#ececec\"><\/path><\/svg>\t\t\t<\/span>\n\t\t\t\t\t\t\t\t\t<span class=\"elementor-button-text\">en savoir plus<\/span>\n\t\t\t\t\t<\/span>\n\t\t\t\t\t<\/a>\n\t\t\t\t<\/div>\n\t\t\t\t\t\t\t\t<\/div>\n\t\t\t\t<\/div>\n\t\t\t\t<\/div>\n\t\t<div class=\"elementor-element elementor-element-09a8f52 e-con-full e-flex e-con e-child\" data-id=\"09a8f52\" data-element_type=\"container\" data-e-type=\"container\">\n\t\t\t\t<div class=\"elementor-element elementor-element-3a4870b elementor-widget elementor-widget-image\" data-id=\"3a4870b\" data-element_type=\"widget\" data-e-type=\"widget\" data-widget_type=\"image.default\">\n\t\t\t\t<div class=\"elementor-widget-container\">\n\t\t\t\t\t\t\t\t\t\t\t\t\t\t\t<img decoding=\"async\" width=\"1050\" height=\"700\" src=\"https:\/\/bodenbender.com\/wp-content\/uploads\/2025\/01\/Ortungsgeraet.jpg\" class=\"attachment-full size-full wp-image-6428\" alt=\"Ortungs- und Reinigungsmaschine im Einsatz.\" srcset=\"https:\/\/bodenbender.com\/wp-content\/uploads\/2025\/01\/Ortungsgeraet.jpg 1050w, https:\/\/bodenbender.com\/wp-content\/uploads\/2025\/01\/Ortungsgeraet-300x200.jpg 300w, https:\/\/bodenbender.com\/wp-content\/uploads\/2025\/01\/Ortungsgeraet-1024x683.jpg 1024w, https:\/\/bodenbender.com\/wp-content\/uploads\/2025\/01\/Ortungsgeraet-768x512.jpg 768w\" sizes=\"(max-width: 1050px) 100vw, 1050px\" \/>\t\t\t\t\t\t\t\t\t\t\t\t\t\t\t<\/div>\n\t\t\t\t<\/div>\n\t\t\t\t<\/div>\n\t\t\t\t<\/div>\n\t\t<div class=\"elementor-element elementor-element-ffe34e9 e-con-full e-flex e-con e-child\" data-id=\"ffe34e9\" data-element_type=\"container\" data-e-type=\"container\">\n\t\t<div class=\"elementor-element elementor-element-3f6bc60 e-con-full e-flex e-con e-child\" data-id=\"3f6bc60\" data-element_type=\"container\" data-e-type=\"container\">\n\t\t\t\t<div class=\"elementor-element elementor-element-67f76f7 elementor-widget elementor-widget-image\" data-id=\"67f76f7\" data-element_type=\"widget\" data-e-type=\"widget\" data-widget_type=\"image.default\">\n\t\t\t\t<div class=\"elementor-widget-container\">\n\t\t\t\t\t\t\t\t\t\t\t\t\t\t\t<img loading=\"lazy\" decoding=\"async\" width=\"1584\" height=\"1262\" src=\"https:\/\/bodenbender.com\/wp-content\/uploads\/2025\/01\/Werkzeugpaket.png\" class=\"attachment-full size-full wp-image-6458\" alt=\"Werkzeugpaket Inliner.\" srcset=\"https:\/\/bodenbender.com\/wp-content\/uploads\/2025\/01\/Werkzeugpaket.png 1584w, https:\/\/bodenbender.com\/wp-content\/uploads\/2025\/01\/Werkzeugpaket-300x239.png 300w, https:\/\/bodenbender.com\/wp-content\/uploads\/2025\/01\/Werkzeugpaket-1024x816.png 1024w, https:\/\/bodenbender.com\/wp-content\/uploads\/2025\/01\/Werkzeugpaket-768x612.png 768w, https:\/\/bodenbender.com\/wp-content\/uploads\/2025\/01\/Werkzeugpaket-1536x1224.png 1536w\" sizes=\"(max-width: 1584px) 100vw, 1584px\" \/>\t\t\t\t\t\t\t\t\t\t\t\t\t\t\t<\/div>\n\t\t\t\t<\/div>\n\t\t\t\t<\/div>\n\t\t<div class=\"elementor-element elementor-element-cee63b2 e-con-full e-flex e-con e-child\" data-id=\"cee63b2\" data-element_type=\"container\" data-e-type=\"container\">\n\t\t\t\t<div class=\"elementor-element elementor-element-fc9560a elementor-widget elementor-widget-heading\" data-id=\"fc9560a\" data-element_type=\"widget\" data-e-type=\"widget\" data-widget_type=\"heading.default\">\n\t\t\t\t<div class=\"elementor-widget-container\">\n\t\t\t\t\t<h2 class=\"elementor-heading-title elementor-size-default\">Kit d'outils Inliner<\/h2>\t\t\t\t<\/div>\n\t\t\t\t<\/div>\n\t\t\t\t<div class=\"elementor-element elementor-element-71b2908 elementor-widget elementor-widget-text-editor\" data-id=\"71b2908\" data-element_type=\"widget\" data-e-type=\"widget\" data-widget_type=\"text-editor.default\">\n\t\t\t\t<div class=\"elementor-widget-container\">\n\t\t\t\t\t\t\t\t\t<p>&#8230;avec ou sans KofferSet<\/p>\t\t\t\t\t\t\t\t<\/div>\n\t\t\t\t<\/div>\n\t\t\t\t<div class=\"elementor-element elementor-element-922a7e3 elementor-widget elementor-widget-button\" data-id=\"922a7e3\" data-element_type=\"widget\" data-e-type=\"widget\" data-widget_type=\"button.default\">\n\t\t\t\t<div class=\"elementor-widget-container\">\n\t\t\t\t\t\t\t\t\t<div class=\"elementor-button-wrapper\">\n\t\t\t\t\t<a class=\"elementor-button elementor-button-link elementor-size-sm\" href=\"https:\/\/bodenbender.com\/fr\/technique-et-produits\/inliner\/accessoires\/\">\n\t\t\t\t\t\t<span class=\"elementor-button-content-wrapper\">\n\t\t\t\t\t\t<span class=\"elementor-button-icon\">\n\t\t\t\t<svg xmlns=\"http:\/\/www.w3.org\/2000\/svg\" width=\"13.918\" height=\"9.282\" viewBox=\"0 0 13.918 9.282\"><path id=\"Icon_ion-ios-arrow-round-forward\" data-name=\"Icon ion-ios-arrow-round-forward\" d=\"M16.751,11.429a.632.632,0,0,0,0,.889l2.939,2.944H8.5a.628.628,0,0,0,0,1.257H19.68l-2.939,2.944a.636.636,0,0,0,0,.889.626.626,0,0,0,.885,0l3.983-4.012a.706.706,0,0,0,.131-.2.6.6,0,0,0,.048-.242.63.63,0,0,0-.179-.44L17.63,11.444a.616.616,0,0,0-.88-.015Z\" transform=\"translate(-7.875 -11.252)\" fill=\"#ececec\"><\/path><\/svg>\t\t\t<\/span>\n\t\t\t\t\t\t\t\t\t<span class=\"elementor-button-text\">en savoir plus<\/span>\n\t\t\t\t\t<\/span>\n\t\t\t\t\t<\/a>\n\t\t\t\t<\/div>\n\t\t\t\t\t\t\t\t<\/div>\n\t\t\t\t<\/div>\n\t\t\t\t<\/div>\n\t\t\t\t<\/div>\n\t\t\t\t<\/div>\n\t\t<div class=\"elementor-element elementor-element-0710b51 e-con-full e-flex e-con e-child\" data-id=\"0710b51\" data-element_type=\"container\" data-e-type=\"container\">\n\t\t\t\t<div class=\"elementor-element elementor-element-a965de2 elementor-widget elementor-widget-text-editor\" data-id=\"a965de2\" data-element_type=\"widget\" data-e-type=\"widget\" data-widget_type=\"text-editor.default\">\n\t\t\t\t<div class=\"elementor-widget-container\">\n\t\t\t\t\t\t\t\t\t<p><strong>Vous avez des questions ?<br><\/strong><\/p>\t\t\t\t\t\t\t\t<\/div>\n\t\t\t\t<\/div>\n\t\t\t\t<div class=\"elementor-element elementor-element-ddef1d5 elementor-widget elementor-widget-image\" data-id=\"ddef1d5\" data-element_type=\"widget\" data-e-type=\"widget\" data-widget_type=\"image.default\">\n\t\t\t\t<div class=\"elementor-widget-container\">\n\t\t\t\t\t\t\t\t\t\t\t\t\t\t\t<img loading=\"lazy\" decoding=\"async\" width=\"1024\" height=\"683\" src=\"https:\/\/bodenbender.com\/wp-content\/uploads\/2024\/12\/dennis_treptau-1-1024x683.jpg\" class=\"attachment-large size-large wp-image-2323\" alt=\"Foto Portrait von Dennis Treptau.\" srcset=\"https:\/\/bodenbender.com\/wp-content\/uploads\/2024\/12\/dennis_treptau-1-1024x683.jpg 1024w, https:\/\/bodenbender.com\/wp-content\/uploads\/2024\/12\/dennis_treptau-1-300x200.jpg 300w, https:\/\/bodenbender.com\/wp-content\/uploads\/2024\/12\/dennis_treptau-1-768x512.jpg 768w, https:\/\/bodenbender.com\/wp-content\/uploads\/2024\/12\/dennis_treptau-1-1536x1025.jpg 1536w, https:\/\/bodenbender.com\/wp-content\/uploads\/2024\/12\/dennis_treptau-1.jpg 1920w\" sizes=\"(max-width: 1024px) 100vw, 1024px\" \/>\t\t\t\t\t\t\t\t\t\t\t\t\t\t\t<\/div>\n\t\t\t\t<\/div>\n\t\t\t\t<div class=\"elementor-element elementor-element-7611dde elementor-widget elementor-widget-text-editor\" data-id=\"7611dde\" data-element_type=\"widget\" data-e-type=\"widget\" data-widget_type=\"text-editor.default\">\n\t\t\t\t<div class=\"elementor-widget-container\">\n\t\t\t\t\t\t\t\t\t<p><strong>Dennis Treptau<\/strong><\/p><p>Technique d&rsquo;application et vente<\/p><p><a href=\"tel:+49646198520\" target=\"_blank\" rel=\"noopener\">+49 6461 98520<\/a><\/p><p><a href=\"mailto:dennis.treptau@bodenbender.com\">dennis.treptau@bodenbender.com<\/a><\/p>\t\t\t\t\t\t\t\t<\/div>\n\t\t\t\t<\/div>\n\t\t\t\t<div class=\"elementor-element elementor-element-265c2d1 elementor-widget elementor-widget-spacer\" data-id=\"265c2d1\" data-element_type=\"widget\" data-e-type=\"widget\" data-widget_type=\"spacer.default\">\n\t\t\t\t<div class=\"elementor-widget-container\">\n\t\t\t\t\t\t\t<div class=\"elementor-spacer\">\n\t\t\t<div class=\"elementor-spacer-inner\"><\/div>\n\t\t<\/div>\n\t\t\t\t\t\t<\/div>\n\t\t\t\t<\/div>\n\t\t\t\t<div class=\"elementor-element elementor-element-4cf4c63 elementor-widget elementor-widget-text-editor\" data-id=\"4cf4c63\" data-element_type=\"widget\" data-e-type=\"widget\" data-widget_type=\"text-editor.default\">\n\t\t\t\t<div class=\"elementor-widget-container\">\n\t\t\t\t\t\t\t\t\t<p><strong>Autres produits Milwaukee<br><\/strong><\/p>\t\t\t\t\t\t\t\t<\/div>\n\t\t\t\t<\/div>\n\t\t\t\t<div class=\"elementor-element elementor-element-c70d795 elementor-icon-list--layout-traditional elementor-list-item-link-full_width elementor-widget elementor-widget-icon-list\" data-id=\"c70d795\" data-element_type=\"widget\" data-e-type=\"widget\" data-widget_type=\"icon-list.default\">\n\t\t\t\t<div class=\"elementor-widget-container\">\n\t\t\t\t\t\t\t<ul class=\"elementor-icon-list-items\">\n\t\t\t\t\t\t\t<li class=\"elementor-icon-list-item\">\n\t\t\t\t\t\t\t\t\t\t\t<a href=\"https:\/\/bodenbender.com\/technik-produkte\/milwaukee\/inspektionskamera\/\">\n\n\t\t\t\t\t\t\t\t\t\t\t\t<span class=\"elementor-icon-list-icon\">\n\t\t\t\t\t\t\t<svg aria-hidden=\"true\" class=\"e-font-icon-svg e-fas-angle-right\" viewBox=\"0 0 256 512\" xmlns=\"http:\/\/www.w3.org\/2000\/svg\"><path d=\"M224.3 273l-136 136c-9.4 9.4-24.6 9.4-33.9 0l-22.6-22.6c-9.4-9.4-9.4-24.6 0-33.9l96.4-96.4-96.4-96.4c-9.4-9.4-9.4-24.6 0-33.9L54.3 103c9.4-9.4 24.6-9.4 33.9 0l136 136c9.5 9.4 9.5 24.6.1 34z\"><\/path><\/svg>\t\t\t\t\t\t<\/span>\n\t\t\t\t\t\t\t\t\t\t<span class=\"elementor-icon-list-text\">Cam\u00e9ra d'inspection<\/span>\n\t\t\t\t\t\t\t\t\t\t\t<\/a>\n\t\t\t\t\t\t\t\t\t<\/li>\n\t\t\t\t\t\t\t\t<li class=\"elementor-icon-list-item\">\n\t\t\t\t\t\t\t\t\t\t\t<a href=\"https:\/\/bodenbender.com\/technik-produkte\/milwaukee\/ortung-und-reinigung\/\">\n\n\t\t\t\t\t\t\t\t\t\t\t\t<span class=\"elementor-icon-list-icon\">\n\t\t\t\t\t\t\t<svg aria-hidden=\"true\" class=\"e-font-icon-svg e-fas-angle-right\" viewBox=\"0 0 256 512\" xmlns=\"http:\/\/www.w3.org\/2000\/svg\"><path d=\"M224.3 273l-136 136c-9.4 9.4-24.6 9.4-33.9 0l-22.6-22.6c-9.4-9.4-9.4-24.6 0-33.9l96.4-96.4-96.4-96.4c-9.4-9.4-9.4-24.6 0-33.9L54.3 103c9.4-9.4 24.6-9.4 33.9 0l136 136c9.5 9.4 9.5 24.6.1 34z\"><\/path><\/svg>\t\t\t\t\t\t<\/span>\n\t\t\t\t\t\t\t\t\t\t<span class=\"elementor-icon-list-text\">Localisation et nettoyage<\/span>\n\t\t\t\t\t\t\t\t\t\t\t<\/a>\n\t\t\t\t\t\t\t\t\t<\/li>\n\t\t\t\t\t\t<\/ul>\n\t\t\t\t\t\t<\/div>\n\t\t\t\t<\/div>\n\t\t\t\t<\/div>\n\t\t\t\t\t<\/div>\n\t\t\t\t<\/div>\n\t\t<div class=\"elementor-element elementor-element-5f32c5f e-flex e-con-boxed e-con e-parent\" data-id=\"5f32c5f\" data-element_type=\"container\" data-e-type=\"container\" data-settings=\"{&quot;background_background&quot;:&quot;classic&quot;}\">\n\t\t\t\t\t<div class=\"e-con-inner\">\n\t\t<div class=\"elementor-element elementor-element-e9493db e-con-full e-flex e-con e-child\" data-id=\"e9493db\" data-element_type=\"container\" data-e-type=\"container\">\n\t\t\t\t<div class=\"elementor-element elementor-element-4bf777d elementor-widget elementor-widget-heading\" data-id=\"4bf777d\" data-element_type=\"widget\" data-e-type=\"widget\" data-widget_type=\"heading.default\">\n\t\t\t\t<div class=\"elementor-widget-container\">\n\t\t\t\t\t<h2 class=\"elementor-heading-title elementor-size-default\">Vous \u00eates int\u00e9ress\u00e9 par nos produits MILWAUKEE\u00ae ? Alors contactez-nous d\u00e8s maintenant :<\/h2>\t\t\t\t<\/div>\n\t\t\t\t<\/div>\n\t\t\t\t<\/div>\n\t\t<div class=\"elementor-element elementor-element-3073250 e-con-full e-flex e-con e-child\" data-id=\"3073250\" data-element_type=\"container\" data-e-type=\"container\">\n\t\t\t\t<div class=\"elementor-element elementor-element-e898692 elementor-widget elementor-widget-button\" data-id=\"e898692\" data-element_type=\"widget\" data-e-type=\"widget\" data-widget_type=\"button.default\">\n\t\t\t\t<div class=\"elementor-widget-container\">\n\t\t\t\t\t\t\t\t\t<div class=\"elementor-button-wrapper\">\n\t\t\t\t\t<a class=\"elementor-button elementor-button-link elementor-size-sm\" href=\"https:\/\/bodenbender.com\/fr\/contact\/\">\n\t\t\t\t\t\t<span class=\"elementor-button-content-wrapper\">\n\t\t\t\t\t\t\t\t\t<span class=\"elementor-button-text\">Contact<\/span>\n\t\t\t\t\t<\/span>\n\t\t\t\t\t<\/a>\n\t\t\t\t<\/div>\n\t\t\t\t\t\t\t\t<\/div>\n\t\t\t\t<\/div>\n\t\t\t\t<\/div>\n\t\t\t\t\t<\/div>\n\t\t\t\t<\/div>\n\t\t\t\t<\/div>\n\t\t","protected":false},"excerpt":{"rendered":"<p>Bodenbender est un distributeur de MILWAUKEE\u00ae Tools Allemagne. Nous nous concentrons sur les outils de r\u00e9habilitation des canalisations, les cam\u00e9ras [&hellip;]<\/p>\n","protected":false},"author":1,"featured_media":0,"parent":12721,"menu_order":0,"comment_status":"closed","ping_status":"closed","template":"elementor_theme","meta":{"site-sidebar-layout":"no-sidebar","site-content-layout":"","ast-site-content-layout":"full-width-container","site-content-style":"default","site-sidebar-style":"default","ast-global-header-display":"","ast-banner-title-visibility":"","ast-main-header-display":"","ast-hfb-above-header-display":"","ast-hfb-below-header-display":"","ast-hfb-mobile-header-display":"","site-post-title":"disabled","ast-breadcrumbs-content":"","ast-featured-img":"disabled","footer-sml-layout":"","ast-disable-related-posts":"","theme-transparent-header-meta":"","adv-header-id-meta":"","stick-header-meta":"","header-above-stick-meta":"","header-main-stick-meta":"","header-below-stick-meta":"","astra-migrate-meta-layouts":"default","ast-page-background-enabled":"default","ast-page-background-meta":{"desktop":{"background-color":"var(--ast-global-color-4)","background-image":"","background-repeat":"repeat","background-position":"center center","background-size":"auto","background-attachment":"scroll","background-type":"","background-media":"","overlay-type":"","overlay-color":"","overlay-opacity":"","overlay-gradient":""},"tablet":{"background-color":"","background-image":"","background-repeat":"repeat","background-position":"center center","background-size":"auto","background-attachment":"scroll","background-type":"","background-media":"","overlay-type":"","overlay-color":"","overlay-opacity":"","overlay-gradient":""},"mobile":{"background-color":"","background-image":"","background-repeat":"repeat","background-position":"center center","background-size":"auto","background-attachment":"scroll","background-type":"","background-media":"","overlay-type":"","overlay-color":"","overlay-opacity":"","overlay-gradient":""}},"ast-content-background-meta":{"desktop":{"background-color":"var(--ast-global-color-5)","background-image":"","background-repeat":"repeat","background-position":"center center","background-size":"auto","background-attachment":"scroll","background-type":"","background-media":"","overlay-type":"","overlay-color":"","overlay-opacity":"","overlay-gradient":""},"tablet":{"background-color":"var(--ast-global-color-5)","background-image":"","background-repeat":"repeat","background-position":"center center","background-size":"auto","background-attachment":"scroll","background-type":"","background-media":"","overlay-type":"","overlay-color":"","overlay-opacity":"","overlay-gradient":""},"mobile":{"background-color":"var(--ast-global-color-5)","background-image":"","background-repeat":"repeat","background-position":"center center","background-size":"auto","background-attachment":"scroll","background-type":"","background-media":"","overlay-type":"","overlay-color":"","overlay-opacity":"","overlay-gradient":""}},"footnotes":""},"class_list":["post-13035","page","type-page","status-publish","hentry"],"_links":{"self":[{"href":"https:\/\/bodenbender.com\/fr\/wp-json\/wp\/v2\/pages\/13035","targetHints":{"allow":["GET"]}}],"collection":[{"href":"https:\/\/bodenbender.com\/fr\/wp-json\/wp\/v2\/pages"}],"about":[{"href":"https:\/\/bodenbender.com\/fr\/wp-json\/wp\/v2\/types\/page"}],"author":[{"embeddable":true,"href":"https:\/\/bodenbender.com\/fr\/wp-json\/wp\/v2\/users\/1"}],"replies":[{"embeddable":true,"href":"https:\/\/bodenbender.com\/fr\/wp-json\/wp\/v2\/comments?post=13035"}],"version-history":[{"count":7,"href":"https:\/\/bodenbender.com\/fr\/wp-json\/wp\/v2\/pages\/13035\/revisions"}],"predecessor-version":[{"id":14263,"href":"https:\/\/bodenbender.com\/fr\/wp-json\/wp\/v2\/pages\/13035\/revisions\/14263"}],"up":[{"embeddable":true,"href":"https:\/\/bodenbender.com\/fr\/wp-json\/wp\/v2\/pages\/12721"}],"wp:attachment":[{"href":"https:\/\/bodenbender.com\/fr\/wp-json\/wp\/v2\/media?parent=13035"}],"curies":[{"name":"wp","href":"https:\/\/api.w.org\/{rel}","templated":true}]}}