{"id":13031,"date":"2024-10-15T13:46:24","date_gmt":"2024-10-15T11:46:24","guid":{"rendered":"https:\/\/bodenbender.com\/services-partenaires\/formation-en-ligne\/"},"modified":"2025-07-10T11:03:03","modified_gmt":"2025-07-10T09:03:03","slug":"formation-en-ligne","status":"publish","type":"page","link":"https:\/\/bodenbender.com\/fr\/services-partenaires\/formation-en-ligne\/","title":{"rendered":"Formation en ligne"},"content":{"rendered":"\t\t<div data-elementor-type=\"wp-page\" data-elementor-id=\"13031\" class=\"elementor elementor-13031 elementor-496\" data-elementor-post-type=\"page\">\n\t\t\t\t<div class=\"elementor-element elementor-element-57875cde e-flex e-con-boxed e-con e-parent\" data-id=\"57875cde\" data-element_type=\"container\" data-e-type=\"container\">\n\t\t\t\t\t<div class=\"e-con-inner\">\n\t\t<div class=\"elementor-element elementor-element-3975315 e-con-full e-flex e-con e-child\" data-id=\"3975315\" data-element_type=\"container\" data-e-type=\"container\" data-settings=\"{&quot;background_background&quot;:&quot;classic&quot;}\">\n\t\t\t\t<div class=\"elementor-element elementor-element-268d65bc elementor-widget elementor-widget-heading\" data-id=\"268d65bc\" data-element_type=\"widget\" data-e-type=\"widget\" data-widget_type=\"heading.default\">\n\t\t\t\t<div class=\"elementor-widget-container\">\n\t\t\t\t\t<h1 class=\"elementor-heading-title elementor-size-default\">Formation en ligne<\/h1>\t\t\t\t<\/div>\n\t\t\t\t<\/div>\n\t\t\t\t<div class=\"elementor-element elementor-element-30f3109 elementor-widget elementor-widget-text-editor\" data-id=\"30f3109\" data-element_type=\"widget\" data-e-type=\"widget\" data-widget_type=\"text-editor.default\">\n\t\t\t\t<div class=\"elementor-widget-container\">\n\t\t\t\t\t\t\t\t\t<p><strong>Formation num\u00e9rique sur la r\u00e9habilitation des canalisations sans tranch\u00e9e &#8211; flexible et pratique. Acc\u00e9dez \u00e0 tout moment \u00e0 de pr\u00e9cieuses connaissances d&rsquo;experts et \u00e0 des contenus p\u00e9dagogiques interactifs pour d\u00e9velopper votre expertise et former efficacement vos collaborateurs.<\/strong><\/p>\t\t\t\t\t\t\t\t<\/div>\n\t\t\t\t<\/div>\n\t\t\t\t<\/div>\n\t\t\t\t\t<\/div>\n\t\t\t\t<\/div>\n\t\t<div class=\"elementor-element elementor-element-d8c9114 e-flex e-con-boxed e-con e-parent\" data-id=\"d8c9114\" data-element_type=\"container\" data-e-type=\"container\">\n\t\t\t\t\t<div class=\"e-con-inner\">\n\t\t<div class=\"elementor-element elementor-element-fee6d26 e-con-full e-flex e-con e-child\" data-id=\"fee6d26\" data-element_type=\"container\" data-e-type=\"container\">\n\t\t\t\t<div class=\"elementor-element elementor-element-697a638 elementor-widget elementor-widget-heading\" data-id=\"697a638\" data-element_type=\"widget\" data-e-type=\"widget\" data-widget_type=\"heading.default\">\n\t\t\t\t<div class=\"elementor-widget-container\">\n\t\t\t\t\t<h2 class=\"elementor-heading-title elementor-size-default\">Notre plate-forme d'apprentissage en ligne<\/h2>\t\t\t\t<\/div>\n\t\t\t\t<\/div>\n\t\t\t\t<div class=\"elementor-element elementor-element-37e657d elementor-widget elementor-widget-text-editor\" data-id=\"37e657d\" data-element_type=\"widget\" data-e-type=\"widget\" data-widget_type=\"text-editor.default\">\n\t\t\t\t<div class=\"elementor-widget-container\">\n\t\t\t\t\t\t\t\t\t<p>En plus des formations que nous dispensons dans notre acad\u00e9mie ou sur place sur vos chantiers, nous proposons \u00e9galement une plateforme d&rsquo;apprentissage num\u00e9rique. Dans notre espace d&rsquo;apprentissage en ligne exclusif, vous avez la possibilit\u00e9 d&rsquo;apprendre \u00e0 utiliser nos produits et nos machines de mani\u00e8re intensive. Notre objectif est de partager librement notre savoir-faire. Notre vision est d&rsquo;\u00e9changer en permanence avec vous sur les probl\u00e8mes rencontr\u00e9s sur les chantiers et de transformer ces exp\u00e9riences en connaissances et en d\u00e9veloppement de produits.   <\/p><p> <\/p><p><strong>Les avantages en bref<\/strong><\/p><p> <\/p><p>En plus des instructions \u00e9tape par \u00e9tape, vous trouverez ici des tutoriels vid\u00e9o, des fiches techniques, des rapports de chantier num\u00e9riques et bien plus encore ! Une fois connect\u00e9, vous pourrez \u00e9galement consulter les donn\u00e9es utiles en direct sur le chantier. <\/p><ul><li>Ind\u00e9pendance du lieu<\/li><li>Ind\u00e9pendance temporelle<\/li><li>Apprentissage autonome \u00e0 son propre rythme<\/li><li>Qualit\u00e9 constante<\/li><li>Un contenu toujours \u00e0 jour<\/li><li>Attestation de participation num\u00e9rique<\/li><\/ul>\t\t\t\t\t\t\t\t<\/div>\n\t\t\t\t<\/div>\n\t\t\t\t<div class=\"elementor-element elementor-element-431ebe4 elementor-widget-mobile__width-inherit elementor-widget elementor-widget-image\" data-id=\"431ebe4\" data-element_type=\"widget\" data-e-type=\"widget\" data-widget_type=\"image.default\">\n\t\t\t\t<div class=\"elementor-widget-container\">\n\t\t\t\t\t\t\t\t\t\t\t\t\t\t\t\t<a href=\"https:\/\/bodenbender.com\/wp-content\/uploads\/2025\/01\/Ablauf-eLearning-.png\" data-elementor-open-lightbox=\"yes\" data-elementor-lightbox-title=\"Ablauf-eLearning-\" data-e-action-hash=\"#elementor-action%3Aaction%3Dlightbox%26settings%3DeyJpZCI6Nzg3NywidXJsIjoiaHR0cHM6XC9cL2JvZGVuYmVuZGVyLmNvbVwvd3AtY29udGVudFwvdXBsb2Fkc1wvMjAyNVwvMDFcL0FibGF1Zi1lTGVhcm5pbmctLnBuZyJ9\">\n\t\t\t\t\t\t\t<img fetchpriority=\"high\" decoding=\"async\" width=\"1839\" height=\"935\" src=\"https:\/\/bodenbender.com\/wp-content\/uploads\/2025\/01\/Ablauf-eLearning-.png\" class=\"attachment-full size-full wp-image-7877\" alt=\"Ablauf E-Learning Anmeldung.\" srcset=\"https:\/\/bodenbender.com\/wp-content\/uploads\/2025\/01\/Ablauf-eLearning-.png 1839w, https:\/\/bodenbender.com\/wp-content\/uploads\/2025\/01\/Ablauf-eLearning--300x153.png 300w, https:\/\/bodenbender.com\/wp-content\/uploads\/2025\/01\/Ablauf-eLearning--1024x521.png 1024w, https:\/\/bodenbender.com\/wp-content\/uploads\/2025\/01\/Ablauf-eLearning--768x390.png 768w, https:\/\/bodenbender.com\/wp-content\/uploads\/2025\/01\/Ablauf-eLearning--1536x781.png 1536w\" sizes=\"(max-width: 1839px) 100vw, 1839px\" \/>\t\t\t\t\t\t\t\t<\/a>\n\t\t\t\t\t\t\t\t\t\t\t\t\t\t\t<\/div>\n\t\t\t\t<\/div>\n\t\t\t\t<div class=\"elementor-element elementor-element-61ba53a elementor-widget elementor-widget-button\" data-id=\"61ba53a\" data-element_type=\"widget\" data-e-type=\"widget\" data-widget_type=\"button.default\">\n\t\t\t\t<div class=\"elementor-widget-container\">\n\t\t\t\t\t\t\t\t\t<div class=\"elementor-button-wrapper\">\n\t\t\t\t\t<a class=\"elementor-button elementor-button-link elementor-size-sm\" href=\"https:\/\/elearning.bodenbender.com\/\" target=\"_blank\">\n\t\t\t\t\t\t<span class=\"elementor-button-content-wrapper\">\n\t\t\t\t\t\t\t\t\t<span class=\"elementor-button-text\">Vers notre plate-forme e-Learning<\/span>\n\t\t\t\t\t<\/span>\n\t\t\t\t\t<\/a>\n\t\t\t\t<\/div>\n\t\t\t\t\t\t\t\t<\/div>\n\t\t\t\t<\/div>\n\t\t\t\t<\/div>\n\t\t<div class=\"elementor-element elementor-element-cd25b02 e-con-full e-flex e-con e-child\" data-id=\"cd25b02\" data-element_type=\"container\" data-e-type=\"container\">\n\t\t\t\t<div class=\"elementor-element elementor-element-4d8efa6 elementor-widget elementor-widget-text-editor\" data-id=\"4d8efa6\" data-element_type=\"widget\" data-e-type=\"widget\" data-widget_type=\"text-editor.default\">\n\t\t\t\t<div class=\"elementor-widget-container\">\n\t\t\t\t\t\t\t\t\t<p><strong>Vous avez des questions ?<br><\/strong><\/p>\t\t\t\t\t\t\t\t<\/div>\n\t\t\t\t<\/div>\n\t\t\t\t<div class=\"elementor-element elementor-element-916ed3c elementor-widget elementor-widget-image\" data-id=\"916ed3c\" data-element_type=\"widget\" data-e-type=\"widget\" data-widget_type=\"image.default\">\n\t\t\t\t<div class=\"elementor-widget-container\">\n\t\t\t\t\t\t\t\t\t\t\t\t\t\t\t<img decoding=\"async\" width=\"1024\" height=\"683\" src=\"https:\/\/bodenbender.com\/wp-content\/uploads\/2024\/12\/anna_gerlach_klein-1024x683.jpg\" class=\"attachment-large size-large wp-image-2305\" alt=\"Foto Portrait von Anna Gerlach.\" srcset=\"https:\/\/bodenbender.com\/wp-content\/uploads\/2024\/12\/anna_gerlach_klein-1024x683.jpg 1024w, https:\/\/bodenbender.com\/wp-content\/uploads\/2024\/12\/anna_gerlach_klein-300x200.jpg 300w, https:\/\/bodenbender.com\/wp-content\/uploads\/2024\/12\/anna_gerlach_klein-768x512.jpg 768w, https:\/\/bodenbender.com\/wp-content\/uploads\/2024\/12\/anna_gerlach_klein.jpg 1200w\" sizes=\"(max-width: 1024px) 100vw, 1024px\" \/>\t\t\t\t\t\t\t\t\t\t\t\t\t\t\t<\/div>\n\t\t\t\t<\/div>\n\t\t\t\t<div class=\"elementor-element elementor-element-f43648f elementor-widget elementor-widget-text-editor\" data-id=\"f43648f\" data-element_type=\"widget\" data-e-type=\"widget\" data-widget_type=\"text-editor.default\">\n\t\t\t\t<div class=\"elementor-widget-container\">\n\t\t\t\t\t\t\t\t\t<p><strong>Anna Gerlach<br><\/strong><\/p><p>Responsable de l&rsquo;\u00e9quipe des ventes internes, du marketing et de la communication<\/p><p><a href=\"tel:+496461985228\" target=\"_blank\" rel=\"noopener\">+49 6461 985228<\/a><\/p><p><a href=\"tel:+491707666566\" target=\"_blank\" rel=\"noopener\">+49 170 7666566<\/a><\/p><p><a href=\"mailto:anna.gerlach@bodenbender.com\" target=\"_blank\" rel=\"noopener\">anna.gerlach@bodenbender.com<\/a><\/p>\t\t\t\t\t\t\t\t<\/div>\n\t\t\t\t<\/div>\n\t\t\t\t<\/div>\n\t\t\t\t\t<\/div>\n\t\t\t\t<\/div>\n\t\t\t\t<\/div>\n\t\t","protected":false},"excerpt":{"rendered":"<p>Formation num\u00e9rique sur la r\u00e9habilitation des canalisations sans tranch\u00e9e &#8211; flexible et pratique. Acc\u00e9dez \u00e0 tout moment \u00e0 de pr\u00e9cieuses [&hellip;]<\/p>\n","protected":false},"author":1,"featured_media":0,"parent":12788,"menu_order":0,"comment_status":"closed","ping_status":"closed","template":"elementor_theme","meta":{"site-sidebar-layout":"no-sidebar","site-content-layout":"","ast-site-content-layout":"full-width-container","site-content-style":"default","site-sidebar-style":"default","ast-global-header-display":"","ast-banner-title-visibility":"","ast-main-header-display":"","ast-hfb-above-header-display":"","ast-hfb-below-header-display":"","ast-hfb-mobile-header-display":"","site-post-title":"disabled","ast-breadcrumbs-content":"","ast-featured-img":"disabled","footer-sml-layout":"","ast-disable-related-posts":"","theme-transparent-header-meta":"","adv-header-id-meta":"","stick-header-meta":"","header-above-stick-meta":"","header-main-stick-meta":"","header-below-stick-meta":"","astra-migrate-meta-layouts":"default","ast-page-background-enabled":"default","ast-page-background-meta":{"desktop":{"background-color":"var(--ast-global-color-4)","background-image":"","background-repeat":"repeat","background-position":"center center","background-size":"auto","background-attachment":"scroll","background-type":"","background-media":"","overlay-type":"","overlay-color":"","overlay-opacity":"","overlay-gradient":""},"tablet":{"background-color":"","background-image":"","background-repeat":"repeat","background-position":"center center","background-size":"auto","background-attachment":"scroll","background-type":"","background-media":"","overlay-type":"","overlay-color":"","overlay-opacity":"","overlay-gradient":""},"mobile":{"background-color":"","background-image":"","background-repeat":"repeat","background-position":"center center","background-size":"auto","background-attachment":"scroll","background-type":"","background-media":"","overlay-type":"","overlay-color":"","overlay-opacity":"","overlay-gradient":""}},"ast-content-background-meta":{"desktop":{"background-color":"var(--ast-global-color-5)","background-image":"","background-repeat":"repeat","background-position":"center center","background-size":"auto","background-attachment":"scroll","background-type":"","background-media":"","overlay-type":"","overlay-color":"","overlay-opacity":"","overlay-gradient":""},"tablet":{"background-color":"var(--ast-global-color-5)","background-image":"","background-repeat":"repeat","background-position":"center center","background-size":"auto","background-attachment":"scroll","background-type":"","background-media":"","overlay-type":"","overlay-color":"","overlay-opacity":"","overlay-gradient":""},"mobile":{"background-color":"var(--ast-global-color-5)","background-image":"","background-repeat":"repeat","background-position":"center center","background-size":"auto","background-attachment":"scroll","background-type":"","background-media":"","overlay-type":"","overlay-color":"","overlay-opacity":"","overlay-gradient":""}},"footnotes":""},"class_list":["post-13031","page","type-page","status-publish","hentry"],"_links":{"self":[{"href":"https:\/\/bodenbender.com\/fr\/wp-json\/wp\/v2\/pages\/13031","targetHints":{"allow":["GET"]}}],"collection":[{"href":"https:\/\/bodenbender.com\/fr\/wp-json\/wp\/v2\/pages"}],"about":[{"href":"https:\/\/bodenbender.com\/fr\/wp-json\/wp\/v2\/types\/page"}],"author":[{"embeddable":true,"href":"https:\/\/bodenbender.com\/fr\/wp-json\/wp\/v2\/users\/1"}],"replies":[{"embeddable":true,"href":"https:\/\/bodenbender.com\/fr\/wp-json\/wp\/v2\/comments?post=13031"}],"version-history":[{"count":5,"href":"https:\/\/bodenbender.com\/fr\/wp-json\/wp\/v2\/pages\/13031\/revisions"}],"predecessor-version":[{"id":14170,"href":"https:\/\/bodenbender.com\/fr\/wp-json\/wp\/v2\/pages\/13031\/revisions\/14170"}],"up":[{"embeddable":true,"href":"https:\/\/bodenbender.com\/fr\/wp-json\/wp\/v2\/pages\/12788"}],"wp:attachment":[{"href":"https:\/\/bodenbender.com\/fr\/wp-json\/wp\/v2\/media?parent=13031"}],"curies":[{"name":"wp","href":"https:\/\/api.w.org\/{rel}","templated":true}]}}