{"id":13003,"date":"2024-10-15T14:07:45","date_gmt":"2024-10-15T12:07:45","guid":{"rendered":"https:\/\/bodenbender.com\/societe\/"},"modified":"2025-07-09T15:35:11","modified_gmt":"2025-07-09T13:35:11","slug":"societe","status":"publish","type":"page","link":"https:\/\/bodenbender.com\/fr\/societe\/","title":{"rendered":"Soci\u00e9t\u00e9"},"content":{"rendered":"\t\t<div data-elementor-type=\"wp-page\" data-elementor-id=\"13003\" class=\"elementor elementor-13003 elementor-511\" data-elementor-post-type=\"page\">\n\t\t\t\t<div class=\"elementor-element elementor-element-3c31446d e-flex e-con-boxed e-con e-parent\" data-id=\"3c31446d\" data-element_type=\"container\" data-e-type=\"container\">\n\t\t\t\t\t<div class=\"e-con-inner\">\n\t\t<div class=\"elementor-element elementor-element-675d2d57 e-con-full e-flex e-con e-child\" data-id=\"675d2d57\" data-element_type=\"container\" data-e-type=\"container\">\n\t\t\t\t<div class=\"elementor-element elementor-element-57e0ca9f elementor-widget elementor-widget-heading\" data-id=\"57e0ca9f\" data-element_type=\"widget\" data-e-type=\"widget\" data-widget_type=\"heading.default\">\n\t\t\t\t<div class=\"elementor-widget-container\">\n\t\t\t\t\t<h1 class=\"elementor-heading-title elementor-size-default\">Soci\u00e9t\u00e9<\/h1>\t\t\t\t<\/div>\n\t\t\t\t<\/div>\n\t\t\t\t<div class=\"elementor-element elementor-element-6a29596d elementor-widget elementor-widget-text-editor\" data-id=\"6a29596d\" data-element_type=\"widget\" data-e-type=\"widget\" data-widget_type=\"text-editor.default\">\n\t\t\t\t<div class=\"elementor-widget-container\">\n\t\t\t\t\t\t\t\t\t<p><strong>Le bon fonctionnement des syst\u00e8mes d&rsquo;assainissement est un \u00e9l\u00e9ment essentiel de toute infrastructure. Pour qu&rsquo;ils restent fonctionnels, il faut des entreprises sp\u00e9cialis\u00e9es dans la r\u00e9habilitation et l&rsquo;entretien. En tant que partenaire de ces sp\u00e9cialistes, nous veillons \u00e0 ce que l&rsquo;assainissement des \u00e9gouts soit constamment am\u00e9lior\u00e9 gr\u00e2ce \u00e0 notre technique, nos id\u00e9es et nos connaissances.  <\/strong><\/p>\t\t\t\t\t\t\t\t<\/div>\n\t\t\t\t<\/div>\n\t\t\t\t<\/div>\n\t\t\t\t\t<\/div>\n\t\t\t\t<\/div>\n\t\t<div class=\"elementor-element elementor-element-932b357 e-flex e-con-boxed e-con e-parent\" data-id=\"932b357\" data-element_type=\"container\" data-e-type=\"container\">\n\t\t\t\t\t<div class=\"e-con-inner\">\n\t\t<div class=\"elementor-element elementor-element-8c83bbd e-con-full e-flex e-con e-child\" data-id=\"8c83bbd\" data-element_type=\"container\" data-e-type=\"container\">\n\t\t\t\t<div class=\"elementor-element elementor-element-7736ec0 elementor-widget elementor-widget-heading\" data-id=\"7736ec0\" data-element_type=\"widget\" data-e-type=\"widget\" data-widget_type=\"heading.default\">\n\t\t\t\t<div class=\"elementor-widget-container\">\n\t\t\t\t\t<h2 class=\"elementor-heading-title elementor-size-default\">Avoir Bodenbender comme partenaire, c'est pr\u00e9tendre \u00eatre le leader de la r\u00e9habilitation des canalisations.<\/h2>\t\t\t\t<\/div>\n\t\t\t\t<\/div>\n\t\t\t\t<div class=\"elementor-element elementor-element-8461ad7 elementor-widget elementor-widget-text-editor\" data-id=\"8461ad7\" data-element_type=\"widget\" data-e-type=\"widget\" data-widget_type=\"text-editor.default\">\n\t\t\t\t<div class=\"elementor-widget-container\">\n\t\t\t\t\t\t\t\t\t<p>Nous veillons \u00e0 ce que nos partenaires, leurs services et leurs collaborateurs soient parmi les meilleurs du m\u00e9tier.<\/p>\t\t\t\t\t\t\t\t<\/div>\n\t\t\t\t<\/div>\n\t\t\t\t<\/div>\n\t\t\t\t\t<\/div>\n\t\t\t\t<\/div>\n\t\t<div class=\"elementor-element elementor-element-d126da8 e-flex e-con-boxed e-con e-parent\" data-id=\"d126da8\" data-element_type=\"container\" data-e-type=\"container\">\n\t\t\t\t\t<div class=\"e-con-inner\">\n\t\t<div class=\"elementor-element elementor-element-d2dd31b e-con-full e-flex e-con e-child\" data-id=\"d2dd31b\" data-element_type=\"container\" data-e-type=\"container\">\n\t\t<div class=\"elementor-element elementor-element-d8d9d92 e-con-full e-flex e-con e-child\" data-id=\"d8d9d92\" data-element_type=\"container\" data-e-type=\"container\">\n\t\t\t\t<div class=\"elementor-element elementor-element-13cc4e0 elementor-widget elementor-widget-image\" data-id=\"13cc4e0\" data-element_type=\"widget\" data-e-type=\"widget\" data-widget_type=\"image.default\">\n\t\t\t\t<div class=\"elementor-widget-container\">\n\t\t\t\t\t\t\t\t\t\t\t\t\t\t\t<img fetchpriority=\"high\" decoding=\"async\" width=\"768\" height=\"596\" src=\"https:\/\/bodenbender.com\/wp-content\/uploads\/2024\/12\/ansprechpartner_klein-1080x838-1-768x596.jpg\" class=\"attachment-medium_large size-medium_large wp-image-1875\" alt=\"Bodenbender Team-Foto.\" srcset=\"https:\/\/bodenbender.com\/wp-content\/uploads\/2024\/12\/ansprechpartner_klein-1080x838-1-768x596.jpg 768w, https:\/\/bodenbender.com\/wp-content\/uploads\/2024\/12\/ansprechpartner_klein-1080x838-1-300x233.jpg 300w, https:\/\/bodenbender.com\/wp-content\/uploads\/2024\/12\/ansprechpartner_klein-1080x838-1-1024x795.jpg 1024w, https:\/\/bodenbender.com\/wp-content\/uploads\/2024\/12\/ansprechpartner_klein-1080x838-1.jpg 1080w\" sizes=\"(max-width: 768px) 100vw, 768px\" \/>\t\t\t\t\t\t\t\t\t\t\t\t\t\t\t<\/div>\n\t\t\t\t<\/div>\n\t\t\t\t<\/div>\n\t\t\t\t<\/div>\n\t\t<div class=\"elementor-element elementor-element-e052cf7 e-con-full e-flex e-con e-child\" data-id=\"e052cf7\" data-element_type=\"container\" data-e-type=\"container\">\n\t\t<div class=\"elementor-element elementor-element-d950094 e-con-full e-flex e-con e-child\" data-id=\"d950094\" data-element_type=\"container\" data-e-type=\"container\">\n\t\t\t\t<div class=\"elementor-element elementor-element-c2c0fad elementor-widget elementor-widget-heading\" data-id=\"c2c0fad\" data-element_type=\"widget\" data-e-type=\"widget\" data-widget_type=\"heading.default\">\n\t\t\t\t<div class=\"elementor-widget-container\">\n\t\t\t\t\t<h2 class=\"elementor-heading-title elementor-size-default\">Vos contacts<\/h2>\t\t\t\t<\/div>\n\t\t\t\t<\/div>\n\t\t\t\t<div class=\"elementor-element elementor-element-ad3dc1b elementor-widget elementor-widget-text-editor\" data-id=\"ad3dc1b\" data-element_type=\"widget\" data-e-type=\"widget\" data-widget_type=\"text-editor.default\">\n\t\t\t\t<div class=\"elementor-widget-container\">\n\t\t\t\t\t\t\t\t\t<p>Chez nous, la fiabilit\u00e9 a plusieurs visages.<\/p>\t\t\t\t\t\t\t\t<\/div>\n\t\t\t\t<\/div>\n\t\t\t\t<div class=\"elementor-element elementor-element-e23f17d elementor-widget elementor-widget-button\" data-id=\"e23f17d\" data-element_type=\"widget\" data-e-type=\"widget\" data-widget_type=\"button.default\">\n\t\t\t\t<div class=\"elementor-widget-container\">\n\t\t\t\t\t\t\t\t\t<div class=\"elementor-button-wrapper\">\n\t\t\t\t\t<a class=\"elementor-button elementor-button-link elementor-size-sm\" href=\"#\">\n\t\t\t\t\t\t<span class=\"elementor-button-content-wrapper\">\n\t\t\t\t\t\t<span class=\"elementor-button-icon\">\n\t\t\t\t<svg xmlns=\"http:\/\/www.w3.org\/2000\/svg\" width=\"13.918\" height=\"9.282\" viewBox=\"0 0 13.918 9.282\"><path id=\"Icon_ion-ios-arrow-round-forward\" data-name=\"Icon ion-ios-arrow-round-forward\" d=\"M16.751,11.429a.632.632,0,0,0,0,.889l2.939,2.944H8.5a.628.628,0,0,0,0,1.257H19.68l-2.939,2.944a.636.636,0,0,0,0,.889.626.626,0,0,0,.885,0l3.983-4.012a.706.706,0,0,0,.131-.2.6.6,0,0,0,.048-.242.63.63,0,0,0-.179-.44L17.63,11.444a.616.616,0,0,0-.88-.015Z\" transform=\"translate(-7.875 -11.252)\" fill=\"#ececec\"><\/path><\/svg>\t\t\t<\/span>\n\t\t\t\t\t\t\t\t\t<span class=\"elementor-button-text\">en savoir plus<\/span>\n\t\t\t\t\t<\/span>\n\t\t\t\t\t<\/a>\n\t\t\t\t<\/div>\n\t\t\t\t\t\t\t\t<\/div>\n\t\t\t\t<\/div>\n\t\t\t\t<\/div>\n\t\t\t\t<\/div>\n\t\t\t\t\t<\/div>\n\t\t\t\t<\/div>\n\t\t<div class=\"elementor-element elementor-element-de23349 e-flex e-con-boxed e-con e-parent\" data-id=\"de23349\" data-element_type=\"container\" data-e-type=\"container\">\n\t\t\t\t\t<div class=\"e-con-inner\">\n\t\t<div class=\"elementor-element elementor-element-303b7c1 e-con-full e-flex e-con e-child\" data-id=\"303b7c1\" data-element_type=\"container\" data-e-type=\"container\">\n\t\t<div class=\"elementor-element elementor-element-2db4a7e e-con-full e-flex e-con e-child\" data-id=\"2db4a7e\" data-element_type=\"container\" data-e-type=\"container\">\n\t\t\t\t<div class=\"elementor-element elementor-element-17bd950 elementor-widget elementor-widget-heading\" data-id=\"17bd950\" data-element_type=\"widget\" data-e-type=\"widget\" data-widget_type=\"heading.default\">\n\t\t\t\t<div class=\"elementor-widget-container\">\n\t\t\t\t\t<h2 class=\"elementor-heading-title elementor-size-default\">Notre entreprise<\/h2>\t\t\t\t<\/div>\n\t\t\t\t<\/div>\n\t\t\t\t<div class=\"elementor-element elementor-element-e22b59e elementor-widget elementor-widget-text-editor\" data-id=\"e22b59e\" data-element_type=\"widget\" data-e-type=\"widget\" data-widget_type=\"text-editor.default\">\n\t\t\t\t<div class=\"elementor-widget-container\">\n\t\t\t\t\t\t\t\t\t<p>Du camion-aspirateur au pr\u00e9curseur de la r\u00e9habilitation des canalisations sans tranch\u00e9e.<\/p>\t\t\t\t\t\t\t\t<\/div>\n\t\t\t\t<\/div>\n\t\t\t\t<div class=\"elementor-element elementor-element-8319713 elementor-widget elementor-widget-button\" data-id=\"8319713\" data-element_type=\"widget\" data-e-type=\"widget\" data-widget_type=\"button.default\">\n\t\t\t\t<div class=\"elementor-widget-container\">\n\t\t\t\t\t\t\t\t\t<div class=\"elementor-button-wrapper\">\n\t\t\t\t\t<a class=\"elementor-button elementor-button-link elementor-size-sm\" href=\"#\">\n\t\t\t\t\t\t<span class=\"elementor-button-content-wrapper\">\n\t\t\t\t\t\t<span class=\"elementor-button-icon\">\n\t\t\t\t<svg xmlns=\"http:\/\/www.w3.org\/2000\/svg\" width=\"13.918\" height=\"9.282\" viewBox=\"0 0 13.918 9.282\"><path id=\"Icon_ion-ios-arrow-round-forward\" data-name=\"Icon ion-ios-arrow-round-forward\" d=\"M16.751,11.429a.632.632,0,0,0,0,.889l2.939,2.944H8.5a.628.628,0,0,0,0,1.257H19.68l-2.939,2.944a.636.636,0,0,0,0,.889.626.626,0,0,0,.885,0l3.983-4.012a.706.706,0,0,0,.131-.2.6.6,0,0,0,.048-.242.63.63,0,0,0-.179-.44L17.63,11.444a.616.616,0,0,0-.88-.015Z\" transform=\"translate(-7.875 -11.252)\" fill=\"#ececec\"><\/path><\/svg>\t\t\t<\/span>\n\t\t\t\t\t\t\t\t\t<span class=\"elementor-button-text\">en savoir plus<\/span>\n\t\t\t\t\t<\/span>\n\t\t\t\t\t<\/a>\n\t\t\t\t<\/div>\n\t\t\t\t\t\t\t\t<\/div>\n\t\t\t\t<\/div>\n\t\t\t\t<\/div>\n\t\t\t\t<\/div>\n\t\t<div class=\"elementor-element elementor-element-8db33ed e-con-full e-flex e-con e-child\" data-id=\"8db33ed\" data-element_type=\"container\" data-e-type=\"container\">\n\t\t<div class=\"elementor-element elementor-element-43ffbe8 e-con-full e-flex e-con e-child\" data-id=\"43ffbe8\" data-element_type=\"container\" data-e-type=\"container\">\n\t\t\t\t<div class=\"elementor-element elementor-element-4d730e6 elementor-widget elementor-widget-image\" data-id=\"4d730e6\" data-element_type=\"widget\" data-e-type=\"widget\" data-widget_type=\"image.default\">\n\t\t\t\t<div class=\"elementor-widget-container\">\n\t\t\t\t\t\t\t\t\t\t\t\t\t\t\t<img decoding=\"async\" width=\"768\" height=\"596\" src=\"https:\/\/bodenbender.com\/wp-content\/uploads\/2024\/12\/eltern_und_kinder-768x596.jpg\" class=\"attachment-medium_large size-medium_large wp-image-1881\" alt=\"Bodenbender Familien-Foto.\" srcset=\"https:\/\/bodenbender.com\/wp-content\/uploads\/2024\/12\/eltern_und_kinder-768x596.jpg 768w, https:\/\/bodenbender.com\/wp-content\/uploads\/2024\/12\/eltern_und_kinder-300x233.jpg 300w, https:\/\/bodenbender.com\/wp-content\/uploads\/2024\/12\/eltern_und_kinder-1024x795.jpg 1024w, https:\/\/bodenbender.com\/wp-content\/uploads\/2024\/12\/eltern_und_kinder.jpg 1080w\" sizes=\"(max-width: 768px) 100vw, 768px\" \/>\t\t\t\t\t\t\t\t\t\t\t\t\t\t\t<\/div>\n\t\t\t\t<\/div>\n\t\t\t\t<\/div>\n\t\t\t\t<\/div>\n\t\t\t\t\t<\/div>\n\t\t\t\t<\/div>\n\t\t<div class=\"elementor-element elementor-element-44ea60c e-flex e-con-boxed e-con e-parent\" data-id=\"44ea60c\" data-element_type=\"container\" data-e-type=\"container\">\n\t\t\t\t\t<div class=\"e-con-inner\">\n\t\t<div class=\"elementor-element elementor-element-a948c55 e-con-full e-flex e-con e-child\" data-id=\"a948c55\" data-element_type=\"container\" data-e-type=\"container\">\n\t\t<div class=\"elementor-element elementor-element-4417228 e-con-full e-flex e-con e-child\" data-id=\"4417228\" data-element_type=\"container\" data-e-type=\"container\">\n\t\t\t\t<div class=\"elementor-element elementor-element-67bfbce elementor-widget elementor-widget-image\" data-id=\"67bfbce\" data-element_type=\"widget\" data-e-type=\"widget\" data-widget_type=\"image.default\">\n\t\t\t\t<div class=\"elementor-widget-container\">\n\t\t\t\t\t\t\t\t\t\t\t\t\t\t\t<img decoding=\"async\" width=\"768\" height=\"596\" src=\"https:\/\/bodenbender.com\/wp-content\/uploads\/2024\/12\/haende_stellen_produkt_her-768x596.jpg\" class=\"attachment-medium_large size-medium_large wp-image-1890\" alt=\"H\u00e4nde stellen ein Produkt her.\" srcset=\"https:\/\/bodenbender.com\/wp-content\/uploads\/2024\/12\/haende_stellen_produkt_her-768x596.jpg 768w, https:\/\/bodenbender.com\/wp-content\/uploads\/2024\/12\/haende_stellen_produkt_her-300x233.jpg 300w, https:\/\/bodenbender.com\/wp-content\/uploads\/2024\/12\/haende_stellen_produkt_her.jpg 980w\" sizes=\"(max-width: 768px) 100vw, 768px\" \/>\t\t\t\t\t\t\t\t\t\t\t\t\t\t\t<\/div>\n\t\t\t\t<\/div>\n\t\t\t\t<\/div>\n\t\t\t\t<\/div>\n\t\t<div class=\"elementor-element elementor-element-ee3283e e-con-full e-flex e-con e-child\" data-id=\"ee3283e\" data-element_type=\"container\" data-e-type=\"container\">\n\t\t<div class=\"elementor-element elementor-element-474885d e-con-full e-flex e-con e-child\" data-id=\"474885d\" data-element_type=\"container\" data-e-type=\"container\">\n\t\t\t\t<div class=\"elementor-element elementor-element-e845458 elementor-widget elementor-widget-heading\" data-id=\"e845458\" data-element_type=\"widget\" data-e-type=\"widget\" data-widget_type=\"heading.default\">\n\t\t\t\t<div class=\"elementor-widget-container\">\n\t\t\t\t\t<h2 class=\"elementor-heading-title elementor-size-default\">Notre exigence<\/h2>\t\t\t\t<\/div>\n\t\t\t\t<\/div>\n\t\t\t\t<div class=\"elementor-element elementor-element-0b7bf6d elementor-widget elementor-widget-text-editor\" data-id=\"0b7bf6d\" data-element_type=\"widget\" data-e-type=\"widget\" data-widget_type=\"text-editor.default\">\n\t\t\t\t<div class=\"elementor-widget-container\">\n\t\t\t\t\t\t\t\t\t<p>L&rsquo;exp\u00e9rience d\u00e9bouche sur la qualit\u00e9. La curiosit\u00e9 cr\u00e9e l&rsquo;innovation. <\/p>\t\t\t\t\t\t\t\t<\/div>\n\t\t\t\t<\/div>\n\t\t\t\t<div class=\"elementor-element elementor-element-6277e36 elementor-widget elementor-widget-button\" data-id=\"6277e36\" data-element_type=\"widget\" data-e-type=\"widget\" data-widget_type=\"button.default\">\n\t\t\t\t<div class=\"elementor-widget-container\">\n\t\t\t\t\t\t\t\t\t<div class=\"elementor-button-wrapper\">\n\t\t\t\t\t<a class=\"elementor-button elementor-button-link elementor-size-sm\" href=\"#\">\n\t\t\t\t\t\t<span class=\"elementor-button-content-wrapper\">\n\t\t\t\t\t\t<span class=\"elementor-button-icon\">\n\t\t\t\t<svg xmlns=\"http:\/\/www.w3.org\/2000\/svg\" width=\"13.918\" height=\"9.282\" viewBox=\"0 0 13.918 9.282\"><path id=\"Icon_ion-ios-arrow-round-forward\" data-name=\"Icon ion-ios-arrow-round-forward\" d=\"M16.751,11.429a.632.632,0,0,0,0,.889l2.939,2.944H8.5a.628.628,0,0,0,0,1.257H19.68l-2.939,2.944a.636.636,0,0,0,0,.889.626.626,0,0,0,.885,0l3.983-4.012a.706.706,0,0,0,.131-.2.6.6,0,0,0,.048-.242.63.63,0,0,0-.179-.44L17.63,11.444a.616.616,0,0,0-.88-.015Z\" transform=\"translate(-7.875 -11.252)\" fill=\"#ececec\"><\/path><\/svg>\t\t\t<\/span>\n\t\t\t\t\t\t\t\t\t<span class=\"elementor-button-text\">en savoir plus<\/span>\n\t\t\t\t\t<\/span>\n\t\t\t\t\t<\/a>\n\t\t\t\t<\/div>\n\t\t\t\t\t\t\t\t<\/div>\n\t\t\t\t<\/div>\n\t\t\t\t<\/div>\n\t\t\t\t<\/div>\n\t\t\t\t\t<\/div>\n\t\t\t\t<\/div>\n\t\t<div class=\"elementor-element elementor-element-d702812 e-flex e-con-boxed e-con e-parent\" data-id=\"d702812\" data-element_type=\"container\" data-e-type=\"container\">\n\t\t\t\t\t<div class=\"e-con-inner\">\n\t\t<div class=\"elementor-element elementor-element-68a2f45 e-con-full e-flex e-con e-child\" data-id=\"68a2f45\" data-element_type=\"container\" data-e-type=\"container\">\n\t\t<div class=\"elementor-element elementor-element-2769e5a e-con-full e-flex e-con e-child\" data-id=\"2769e5a\" data-element_type=\"container\" data-e-type=\"container\">\n\t\t\t\t<div class=\"elementor-element elementor-element-e6b1611 elementor-widget elementor-widget-heading\" data-id=\"e6b1611\" data-element_type=\"widget\" data-e-type=\"widget\" data-widget_type=\"heading.default\">\n\t\t\t\t<div class=\"elementor-widget-container\">\n\t\t\t\t\t<h2 class=\"elementor-heading-title elementor-size-default\">Notre responsabilit\u00e9<\/h2>\t\t\t\t<\/div>\n\t\t\t\t<\/div>\n\t\t\t\t<div class=\"elementor-element elementor-element-0a22804 elementor-widget elementor-widget-text-editor\" data-id=\"0a22804\" data-element_type=\"widget\" data-e-type=\"widget\" data-widget_type=\"text-editor.default\">\n\t\t\t\t<div class=\"elementor-widget-container\">\n\t\t\t\t\t\t\t\t\t<p>Pour un avenir meilleur.<\/p>\t\t\t\t\t\t\t\t<\/div>\n\t\t\t\t<\/div>\n\t\t\t\t<div class=\"elementor-element elementor-element-a06b936 elementor-widget elementor-widget-button\" data-id=\"a06b936\" data-element_type=\"widget\" data-e-type=\"widget\" data-widget_type=\"button.default\">\n\t\t\t\t<div class=\"elementor-widget-container\">\n\t\t\t\t\t\t\t\t\t<div class=\"elementor-button-wrapper\">\n\t\t\t\t\t<a class=\"elementor-button elementor-button-link elementor-size-sm\" href=\"#\">\n\t\t\t\t\t\t<span class=\"elementor-button-content-wrapper\">\n\t\t\t\t\t\t<span class=\"elementor-button-icon\">\n\t\t\t\t<svg xmlns=\"http:\/\/www.w3.org\/2000\/svg\" width=\"13.918\" height=\"9.282\" viewBox=\"0 0 13.918 9.282\"><path id=\"Icon_ion-ios-arrow-round-forward\" data-name=\"Icon ion-ios-arrow-round-forward\" d=\"M16.751,11.429a.632.632,0,0,0,0,.889l2.939,2.944H8.5a.628.628,0,0,0,0,1.257H19.68l-2.939,2.944a.636.636,0,0,0,0,.889.626.626,0,0,0,.885,0l3.983-4.012a.706.706,0,0,0,.131-.2.6.6,0,0,0,.048-.242.63.63,0,0,0-.179-.44L17.63,11.444a.616.616,0,0,0-.88-.015Z\" transform=\"translate(-7.875 -11.252)\" fill=\"#ececec\"><\/path><\/svg>\t\t\t<\/span>\n\t\t\t\t\t\t\t\t\t<span class=\"elementor-button-text\">en savoir plus<\/span>\n\t\t\t\t\t<\/span>\n\t\t\t\t\t<\/a>\n\t\t\t\t<\/div>\n\t\t\t\t\t\t\t\t<\/div>\n\t\t\t\t<\/div>\n\t\t\t\t<\/div>\n\t\t\t\t<\/div>\n\t\t<div class=\"elementor-element elementor-element-001af78 e-con-full e-flex e-con e-child\" data-id=\"001af78\" data-element_type=\"container\" data-e-type=\"container\">\n\t\t<div class=\"elementor-element elementor-element-92fae6e e-con-full e-flex e-con e-child\" data-id=\"92fae6e\" data-element_type=\"container\" data-e-type=\"container\">\n\t\t\t\t<div class=\"elementor-element elementor-element-cd65cb0 elementor-widget elementor-widget-image\" data-id=\"cd65cb0\" data-element_type=\"widget\" data-e-type=\"widget\" data-widget_type=\"image.default\">\n\t\t\t\t<div class=\"elementor-widget-container\">\n\t\t\t\t\t\t\t\t\t\t\t\t\t\t\t<img loading=\"lazy\" decoding=\"async\" width=\"768\" height=\"596\" src=\"https:\/\/bodenbender.com\/wp-content\/uploads\/2024\/12\/verantwortung_klein-980x760-1-768x596.jpg\" class=\"attachment-medium_large size-medium_large wp-image-1900\" alt=\"Rechts flie\u00dft Wasserfall artig Wasser von einem Damm runter und links spiegelt sich ein gro\u00dfes Gesicht im Wasser.\" srcset=\"https:\/\/bodenbender.com\/wp-content\/uploads\/2024\/12\/verantwortung_klein-980x760-1-768x596.jpg 768w, https:\/\/bodenbender.com\/wp-content\/uploads\/2024\/12\/verantwortung_klein-980x760-1-300x233.jpg 300w, https:\/\/bodenbender.com\/wp-content\/uploads\/2024\/12\/verantwortung_klein-980x760-1.jpg 980w\" sizes=\"(max-width: 768px) 100vw, 768px\" \/>\t\t\t\t\t\t\t\t\t\t\t\t\t\t\t<\/div>\n\t\t\t\t<\/div>\n\t\t\t\t<\/div>\n\t\t\t\t<\/div>\n\t\t\t\t\t<\/div>\n\t\t\t\t<\/div>\n\t\t\t\t<\/div>\n\t\t","protected":false},"excerpt":{"rendered":"<p>Le bon fonctionnement des syst\u00e8mes d&rsquo;assainissement est un \u00e9l\u00e9ment essentiel de toute infrastructure. Pour qu&rsquo;ils restent fonctionnels, il faut des [&hellip;]<\/p>\n","protected":false},"author":1,"featured_media":0,"parent":0,"menu_order":0,"comment_status":"closed","ping_status":"closed","template":"","meta":{"site-sidebar-layout":"no-sidebar","site-content-layout":"","ast-site-content-layout":"full-width-container","site-content-style":"default","site-sidebar-style":"default","ast-global-header-display":"","ast-banner-title-visibility":"","ast-main-header-display":"","ast-hfb-above-header-display":"","ast-hfb-below-header-display":"","ast-hfb-mobile-header-display":"","site-post-title":"disabled","ast-breadcrumbs-content":"","ast-featured-img":"disabled","footer-sml-layout":"","ast-disable-related-posts":"","theme-transparent-header-meta":"","adv-header-id-meta":"","stick-header-meta":"","header-above-stick-meta":"","header-main-stick-meta":"","header-below-stick-meta":"","astra-migrate-meta-layouts":"default","ast-page-background-enabled":"default","ast-page-background-meta":{"desktop":{"background-color":"var(--ast-global-color-4)","background-image":"","background-repeat":"repeat","background-position":"center center","background-size":"auto","background-attachment":"scroll","background-type":"","background-media":"","overlay-type":"","overlay-color":"","overlay-opacity":"","overlay-gradient":""},"tablet":{"background-color":"","background-image":"","background-repeat":"repeat","background-position":"center center","background-size":"auto","background-attachment":"scroll","background-type":"","background-media":"","overlay-type":"","overlay-color":"","overlay-opacity":"","overlay-gradient":""},"mobile":{"background-color":"","background-image":"","background-repeat":"repeat","background-position":"center center","background-size":"auto","background-attachment":"scroll","background-type":"","background-media":"","overlay-type":"","overlay-color":"","overlay-opacity":"","overlay-gradient":""}},"ast-content-background-meta":{"desktop":{"background-color":"var(--ast-global-color-5)","background-image":"","background-repeat":"repeat","background-position":"center center","background-size":"auto","background-attachment":"scroll","background-type":"","background-media":"","overlay-type":"","overlay-color":"","overlay-opacity":"","overlay-gradient":""},"tablet":{"background-color":"var(--ast-global-color-5)","background-image":"","background-repeat":"repeat","background-position":"center center","background-size":"auto","background-attachment":"scroll","background-type":"","background-media":"","overlay-type":"","overlay-color":"","overlay-opacity":"","overlay-gradient":""},"mobile":{"background-color":"var(--ast-global-color-5)","background-image":"","background-repeat":"repeat","background-position":"center center","background-size":"auto","background-attachment":"scroll","background-type":"","background-media":"","overlay-type":"","overlay-color":"","overlay-opacity":"","overlay-gradient":""}},"footnotes":""},"class_list":["post-13003","page","type-page","status-publish","hentry"],"_links":{"self":[{"href":"https:\/\/bodenbender.com\/fr\/wp-json\/wp\/v2\/pages\/13003","targetHints":{"allow":["GET"]}}],"collection":[{"href":"https:\/\/bodenbender.com\/fr\/wp-json\/wp\/v2\/pages"}],"about":[{"href":"https:\/\/bodenbender.com\/fr\/wp-json\/wp\/v2\/types\/page"}],"author":[{"embeddable":true,"href":"https:\/\/bodenbender.com\/fr\/wp-json\/wp\/v2\/users\/1"}],"replies":[{"embeddable":true,"href":"https:\/\/bodenbender.com\/fr\/wp-json\/wp\/v2\/comments?post=13003"}],"version-history":[{"count":3,"href":"https:\/\/bodenbender.com\/fr\/wp-json\/wp\/v2\/pages\/13003\/revisions"}],"predecessor-version":[{"id":13931,"href":"https:\/\/bodenbender.com\/fr\/wp-json\/wp\/v2\/pages\/13003\/revisions\/13931"}],"wp:attachment":[{"href":"https:\/\/bodenbender.com\/fr\/wp-json\/wp\/v2\/media?parent=13003"}],"curies":[{"name":"wp","href":"https:\/\/api.w.org\/{rel}","templated":true}]}}