{"id":12998,"date":"2024-10-15T14:10:05","date_gmt":"2024-10-15T12:10:05","guid":{"rendered":"https:\/\/bodenbender.com\/notre-exigence\/"},"modified":"2025-07-10T11:03:05","modified_gmt":"2025-07-10T09:03:05","slug":"notre-exigence","status":"publish","type":"page","link":"https:\/\/bodenbender.com\/fr\/societe\/notre-exigence\/","title":{"rendered":"Notre exigence"},"content":{"rendered":"\t\t<div data-elementor-type=\"wp-page\" data-elementor-id=\"12998\" class=\"elementor elementor-12998 elementor-519\" data-elementor-post-type=\"page\">\n\t\t\t\t<div class=\"elementor-element elementor-element-ce6f957 e-flex e-con-boxed e-con e-parent\" data-id=\"ce6f957\" data-element_type=\"container\" data-e-type=\"container\">\n\t\t\t\t\t<div class=\"e-con-inner\">\n\t\t<div class=\"elementor-element elementor-element-7bac2308 e-con-full e-flex e-con e-child\" data-id=\"7bac2308\" data-element_type=\"container\" data-e-type=\"container\">\n\t\t\t\t<div class=\"elementor-element elementor-element-4bebbede elementor-widget elementor-widget-heading\" data-id=\"4bebbede\" data-element_type=\"widget\" data-e-type=\"widget\" data-widget_type=\"heading.default\">\n\t\t\t\t<div class=\"elementor-widget-container\">\n\t\t\t\t\t<h1 class=\"elementor-heading-title elementor-size-default\">Notre exigence<\/h1>\t\t\t\t<\/div>\n\t\t\t\t<\/div>\n\t\t\t\t<div class=\"elementor-element elementor-element-6c18a0dd elementor-widget__width-initial elementor-widget elementor-widget-text-editor\" data-id=\"6c18a0dd\" data-element_type=\"widget\" data-e-type=\"widget\" data-widget_type=\"text-editor.default\">\n\t\t\t\t<div class=\"elementor-widget-container\">\n\t\t\t\t\t\t\t\t\t<p><strong>La plus haute qualit\u00e9 et l&rsquo;innovation dans la r\u00e9habilitation des canalisations sans tranch\u00e9e. Nous misons sur un d\u00e9veloppement continu et des solutions sur mesure pour d\u00e9passer vos exigences. Pour ce faire, nous accordons une importance particuli\u00e8re \u00e0 la qualit\u00e9, au service et \u00e0 la fiabilit\u00e9. <\/strong><\/p>\t\t\t\t\t\t\t\t<\/div>\n\t\t\t\t<\/div>\n\t\t\t\t<\/div>\n\t\t\t\t\t<\/div>\n\t\t\t\t<\/div>\n\t\t<div class=\"elementor-element elementor-element-74662c6 e-flex e-con-boxed e-con e-parent\" data-id=\"74662c6\" data-element_type=\"container\" data-e-type=\"container\">\n\t\t\t\t\t<div class=\"e-con-inner\">\n\t\t<div class=\"elementor-element elementor-element-7d9e6b52 e-con-full e-flex e-con e-child\" data-id=\"7d9e6b52\" data-element_type=\"container\" data-e-type=\"container\">\n\t\t\t\t<div class=\"elementor-element elementor-element-da93b5f elementor-widget elementor-widget-heading\" data-id=\"da93b5f\" data-element_type=\"widget\" data-e-type=\"widget\" data-widget_type=\"heading.default\">\n\t\t\t\t<div class=\"elementor-widget-container\">\n\t\t\t\t\t<h2 class=\"elementor-heading-title elementor-size-default\">Une qualit\u00e9 incomparable et une tradition<\/h2>\t\t\t\t<\/div>\n\t\t\t\t<\/div>\n\t\t\t\t<div class=\"elementor-element elementor-element-10325d3 elementor-widget__width-initial elementor-widget elementor-widget-text-editor\" data-id=\"10325d3\" data-element_type=\"widget\" data-e-type=\"widget\" data-widget_type=\"text-editor.default\">\n\t\t\t\t<div class=\"elementor-widget-container\">\n\t\t\t\t\t\t\t\t\t<p>Chacun de nos produits int\u00e8gre non seulement les exigences de qualit\u00e9 strictes du Deutsches Institut f\u00fcr Bautechnik (DIBt), mais aussi notre propre exigence de solutions de qualit\u00e9 sup\u00e9rieure :<\/p><p>Gr\u00e2ce \u00e0 nos ann\u00e9es d&rsquo;exp\u00e9rience en tant que prestataire de services, nous connaissons parfaitement les diff\u00e9rents d\u00e9fis des chantiers.<\/p><p>Le d\u00e9veloppement et la mise au point de nos propres produits et machines ne reposent donc pas uniquement sur notre savoir-faire technique, mais vont toujours de pair avec des tests et des essais pratiques. Nous ne proposons que des produits qui peuvent apporter un avantage sur le chantier, qui sont faciles \u00e0 utiliser et qui sont s\u00fbrs. <\/p><p>Il en r\u00e9sulte notre qualit\u00e9 typique Bodenbender &#8211; et ces normes s&rsquo;appliquent \u00e0 tous les domaines : qu&rsquo;il s&rsquo;agisse de r\u00e9sines, de tuyaux, d&rsquo;\u00e9quipements ou de la construction, de la transformation et de l&rsquo;am\u00e9nagement des v\u00e9hicules de r\u00e9habilitation.<\/p><p>Le fait que l&rsquo;un des premiers syst\u00e8mes de r\u00e9paration pour la r\u00e9habilitation partielle des canalisations d&rsquo;eaux us\u00e9es, issu de nos locaux, soit rest\u00e9 pratiquement inchang\u00e9 et fasse toujours partie int\u00e9grante de notre gamme de produits, t\u00e9moigne de la qualit\u00e9 de Bodenbender. Rien qu&rsquo;au cours des 20 premi\u00e8res ann\u00e9es, on estime que 550.000 syst\u00e8mes Bodenbender Point-Liner \u00ae ont \u00e9t\u00e9 install\u00e9s &#8211; en particulier nos syst\u00e8mes de r\u00e9sine innovants \u00e0 formulation sp\u00e9ciale, qui sont une garantie de durabilit\u00e9. <\/p><p>Notre promesse de qualit\u00e9 va au-del\u00e0 du contr\u00f4le dans notre propre entreprise. Gr\u00e2ce au soutien de toute l&rsquo;\u00e9quipe sur les chantiers, nous mettons tout en \u0153uvre pour que vos projets de r\u00e9novation brillent de la meilleure qualit\u00e9 possible. Pour cela, nous ne nous contentons pas de vous conseiller et de vous aider par t\u00e9l\u00e9phone ou sur place, nous vous formons \u00e9galement. Nous proposons des formations pratiques dans notre propre acad\u00e9mie ou des formations num\u00e9riques via notre offre eLearning.   <\/p>\t\t\t\t\t\t\t\t<\/div>\n\t\t\t\t<\/div>\n\t\t\t\t<div class=\"elementor-element elementor-element-cdff6ed elementor-widget elementor-widget-heading\" data-id=\"cdff6ed\" data-element_type=\"widget\" data-e-type=\"widget\" data-widget_type=\"heading.default\">\n\t\t\t\t<div class=\"elementor-widget-container\">\n\t\t\t\t\t<h3 class=\"elementor-heading-title elementor-size-default\">Un service l\u00e0 o\u00f9 vous en avez besoin<\/h3>\t\t\t\t<\/div>\n\t\t\t\t<\/div>\n\t\t\t\t<div class=\"elementor-element elementor-element-cb376af elementor-widget elementor-widget-text-editor\" data-id=\"cb376af\" data-element_type=\"widget\" data-e-type=\"widget\" data-widget_type=\"text-editor.default\">\n\t\t\t\t<div class=\"elementor-widget-container\">\n\t\t\t\t\t\t\t\t\t<p>En tant que pionnier dans le domaine de la r\u00e9habilitation des canalisations sans tranch\u00e9e, nous sommes aujourd&rsquo;hui l&rsquo;un des principaux acteurs du secteur en termes de savoir-faire et de solutions propos\u00e9es. Mais en tant que praticiens, nous savons ce qui est important en plus : <\/p><p>\u00catre l\u00e0 o\u00f9 on a besoin de nous &#8211; au t\u00e9l\u00e9phone, sur le chantier ou \u00e0 l&rsquo;acad\u00e9mie.<\/p><p>Chez Bodenbender, chaque employ\u00e9 a fait ses propres exp\u00e9riences sur le chantier ou lors de formations. Du nettoyage \u00e0 la r\u00e9novation. C&rsquo;est pourquoi nous vous conseillons et vous assistons comme nous l&rsquo;attendrions nous-m\u00eames.  <\/p><p>La r\u00e9novation de canalisations sans tranch\u00e9e est une vocation &#8211; c&rsquo;est le principe directeur ici.<\/p><p>C&rsquo;est le lien \u00e9troit avec la mati\u00e8re, le plaisir de relever les d\u00e9fis des chantiers et la proximit\u00e9 avec vous qui font notre service. Nous nous consid\u00e9rons comme des partenaires. Partenaire de l&rsquo;artisanat et partenaire de vous.  <\/p>\t\t\t\t\t\t\t\t<\/div>\n\t\t\t\t<\/div>\n\t\t\t\t<div class=\"elementor-element elementor-element-5952a2a elementor-widget elementor-widget-heading\" data-id=\"5952a2a\" data-element_type=\"widget\" data-e-type=\"widget\" data-widget_type=\"heading.default\">\n\t\t\t\t<div class=\"elementor-widget-container\">\n\t\t\t\t\t<h3 class=\"elementor-heading-title elementor-size-default\">Fiable pour vous<\/h3>\t\t\t\t<\/div>\n\t\t\t\t<\/div>\n\t\t\t\t<div class=\"elementor-element elementor-element-3abb419 elementor-widget elementor-widget-text-editor\" data-id=\"3abb419\" data-element_type=\"widget\" data-e-type=\"widget\" data-widget_type=\"text-editor.default\">\n\t\t\t\t<div class=\"elementor-widget-container\">\n\t\t\t\t\t\t\t\t\t<p>La fiabilit\u00e9 ne concerne pas seulement nos produits, mais aussi notre \u00e9quipe. La fiabilit\u00e9 est pour nous une \u00e9vidence, mais nous offrons encore plus. Nos techniciens d&rsquo;application sont \u00e0 votre disposition pour vous aider et vous conseiller, m\u00eame en dehors des heures de bureau. Avec l&rsquo;ensemble de nos services, nous ne nous consid\u00e9rons pas seulement comme un fournisseur de mat\u00e9riaux recyclables, mais aussi comme un conseiller et un partenaire qui fait progresser votre entreprise de mani\u00e8re s\u00fbre et constante.   <\/p>\t\t\t\t\t\t\t\t<\/div>\n\t\t\t\t<\/div>\n\t\t\t\t<\/div>\n\t\t<div class=\"elementor-element elementor-element-af9fbbd e-con-full e-flex e-con e-child\" data-id=\"af9fbbd\" data-element_type=\"container\" data-e-type=\"container\">\n\t\t\t\t<div class=\"elementor-element elementor-element-000accf elementor-widget elementor-widget-text-editor\" data-id=\"000accf\" data-element_type=\"widget\" data-e-type=\"widget\" data-widget_type=\"text-editor.default\">\n\t\t\t\t<div class=\"elementor-widget-container\">\n\t\t\t\t\t\t\t\t\t<p><strong>Vous avez des questions ?<br><\/strong><\/p>\t\t\t\t\t\t\t\t<\/div>\n\t\t\t\t<\/div>\n\t\t\t\t<div class=\"elementor-element elementor-element-60a4a8b elementor-widget elementor-widget-image\" data-id=\"60a4a8b\" data-element_type=\"widget\" data-e-type=\"widget\" data-widget_type=\"image.default\">\n\t\t\t\t<div class=\"elementor-widget-container\">\n\t\t\t\t\t\t\t\t\t\t\t\t\t\t\t<img fetchpriority=\"high\" decoding=\"async\" width=\"1024\" height=\"682\" src=\"https:\/\/bodenbender.com\/wp-content\/uploads\/2024\/12\/jonas_bodenbender-1-1024x682.jpg\" class=\"attachment-large size-large wp-image-2295\" alt=\"Foto Portrait Jonas Bodenbender.\" srcset=\"https:\/\/bodenbender.com\/wp-content\/uploads\/2024\/12\/jonas_bodenbender-1-1024x682.jpg 1024w, https:\/\/bodenbender.com\/wp-content\/uploads\/2024\/12\/jonas_bodenbender-1-300x200.jpg 300w, https:\/\/bodenbender.com\/wp-content\/uploads\/2024\/12\/jonas_bodenbender-1-768x512.jpg 768w, https:\/\/bodenbender.com\/wp-content\/uploads\/2024\/12\/jonas_bodenbender-1.jpg 1181w\" sizes=\"(max-width: 1024px) 100vw, 1024px\" \/>\t\t\t\t\t\t\t\t\t\t\t\t\t\t\t<\/div>\n\t\t\t\t<\/div>\n\t\t\t\t<div class=\"elementor-element elementor-element-e1d500a elementor-widget elementor-widget-text-editor\" data-id=\"e1d500a\" data-element_type=\"widget\" data-e-type=\"widget\" data-widget_type=\"text-editor.default\">\n\t\t\t\t<div class=\"elementor-widget-container\">\n\t\t\t\t\t\t\t\t\t<p><strong>Jonas Bodenbender<\/strong><\/p><p>Directeur g\u00e9n\u00e9ral<\/p><p><a href=\"tel:+49646198520\" target=\"_blank\" rel=\"noopener\">+49 6461 98520<\/a><\/p><p><a href=\"mailto:jonas.bodenbender@bodenbender.com\" target=\"_blank\" rel=\"noopener\">jonas.bodenbender@bodenbender.com<\/a><\/p>\t\t\t\t\t\t\t\t<\/div>\n\t\t\t\t<\/div>\n\t\t\t\t<\/div>\n\t\t\t\t\t<\/div>\n\t\t\t\t<\/div>\n\t\t\t\t<\/div>\n\t\t","protected":false},"excerpt":{"rendered":"<p>La plus haute qualit\u00e9 et l&rsquo;innovation dans la r\u00e9habilitation des canalisations sans tranch\u00e9e. Nous misons sur un d\u00e9veloppement continu et [&hellip;]<\/p>\n","protected":false},"author":1,"featured_media":0,"parent":13003,"menu_order":0,"comment_status":"closed","ping_status":"closed","template":"elementor_theme","meta":{"site-sidebar-layout":"no-sidebar","site-content-layout":"","ast-site-content-layout":"full-width-container","site-content-style":"default","site-sidebar-style":"default","ast-global-header-display":"","ast-banner-title-visibility":"","ast-main-header-display":"","ast-hfb-above-header-display":"","ast-hfb-below-header-display":"","ast-hfb-mobile-header-display":"","site-post-title":"disabled","ast-breadcrumbs-content":"","ast-featured-img":"disabled","footer-sml-layout":"","ast-disable-related-posts":"","theme-transparent-header-meta":"","adv-header-id-meta":"","stick-header-meta":"","header-above-stick-meta":"","header-main-stick-meta":"","header-below-stick-meta":"","astra-migrate-meta-layouts":"default","ast-page-background-enabled":"default","ast-page-background-meta":{"desktop":{"background-color":"var(--ast-global-color-4)","background-image":"","background-repeat":"repeat","background-position":"center center","background-size":"auto","background-attachment":"scroll","background-type":"","background-media":"","overlay-type":"","overlay-color":"","overlay-opacity":"","overlay-gradient":""},"tablet":{"background-color":"","background-image":"","background-repeat":"repeat","background-position":"center center","background-size":"auto","background-attachment":"scroll","background-type":"","background-media":"","overlay-type":"","overlay-color":"","overlay-opacity":"","overlay-gradient":""},"mobile":{"background-color":"","background-image":"","background-repeat":"repeat","background-position":"center center","background-size":"auto","background-attachment":"scroll","background-type":"","background-media":"","overlay-type":"","overlay-color":"","overlay-opacity":"","overlay-gradient":""}},"ast-content-background-meta":{"desktop":{"background-color":"var(--ast-global-color-5)","background-image":"","background-repeat":"repeat","background-position":"center center","background-size":"auto","background-attachment":"scroll","background-type":"","background-media":"","overlay-type":"","overlay-color":"","overlay-opacity":"","overlay-gradient":""},"tablet":{"background-color":"var(--ast-global-color-5)","background-image":"","background-repeat":"repeat","background-position":"center center","background-size":"auto","background-attachment":"scroll","background-type":"","background-media":"","overlay-type":"","overlay-color":"","overlay-opacity":"","overlay-gradient":""},"mobile":{"background-color":"var(--ast-global-color-5)","background-image":"","background-repeat":"repeat","background-position":"center center","background-size":"auto","background-attachment":"scroll","background-type":"","background-media":"","overlay-type":"","overlay-color":"","overlay-opacity":"","overlay-gradient":""}},"footnotes":""},"class_list":["post-12998","page","type-page","status-publish","hentry"],"_links":{"self":[{"href":"https:\/\/bodenbender.com\/fr\/wp-json\/wp\/v2\/pages\/12998","targetHints":{"allow":["GET"]}}],"collection":[{"href":"https:\/\/bodenbender.com\/fr\/wp-json\/wp\/v2\/pages"}],"about":[{"href":"https:\/\/bodenbender.com\/fr\/wp-json\/wp\/v2\/types\/page"}],"author":[{"embeddable":true,"href":"https:\/\/bodenbender.com\/fr\/wp-json\/wp\/v2\/users\/1"}],"replies":[{"embeddable":true,"href":"https:\/\/bodenbender.com\/fr\/wp-json\/wp\/v2\/comments?post=12998"}],"version-history":[{"count":5,"href":"https:\/\/bodenbender.com\/fr\/wp-json\/wp\/v2\/pages\/12998\/revisions"}],"predecessor-version":[{"id":14179,"href":"https:\/\/bodenbender.com\/fr\/wp-json\/wp\/v2\/pages\/12998\/revisions\/14179"}],"up":[{"embeddable":true,"href":"https:\/\/bodenbender.com\/fr\/wp-json\/wp\/v2\/pages\/13003"}],"wp:attachment":[{"href":"https:\/\/bodenbender.com\/fr\/wp-json\/wp\/v2\/media?parent=12998"}],"curies":[{"name":"wp","href":"https:\/\/api.w.org\/{rel}","templated":true}]}}