{"id":12984,"date":"2024-10-15T14:10:32","date_gmt":"2024-10-15T12:10:32","guid":{"rendered":"https:\/\/bodenbender.com\/notre-responsabilite\/"},"modified":"2025-07-10T11:03:06","modified_gmt":"2025-07-10T09:03:06","slug":"notre-responsabilite","status":"publish","type":"page","link":"https:\/\/bodenbender.com\/fr\/societe\/notre-responsabilite\/","title":{"rendered":"Notre responsabilit\u00e9"},"content":{"rendered":"\t\t<div data-elementor-type=\"wp-page\" data-elementor-id=\"12984\" class=\"elementor elementor-12984 elementor-521\" data-elementor-post-type=\"page\">\n\t\t\t\t<div class=\"elementor-element elementor-element-56739133 e-flex e-con-boxed e-con e-parent\" data-id=\"56739133\" data-element_type=\"container\" data-e-type=\"container\">\n\t\t\t\t\t<div class=\"e-con-inner\">\n\t\t<div class=\"elementor-element elementor-element-121c670 e-con-full e-flex e-con e-child\" data-id=\"121c670\" data-element_type=\"container\" data-e-type=\"container\">\n\t\t\t\t<div class=\"elementor-element elementor-element-6143b845 elementor-widget elementor-widget-heading\" data-id=\"6143b845\" data-element_type=\"widget\" data-e-type=\"widget\" data-widget_type=\"heading.default\">\n\t\t\t\t<div class=\"elementor-widget-container\">\n\t\t\t\t\t<h1 class=\"elementor-heading-title elementor-size-default\">Notre responsabilit\u00e9<\/h1>\t\t\t\t<\/div>\n\t\t\t\t<\/div>\n\t\t\t\t<div class=\"elementor-element elementor-element-456ac572 elementor-widget__width-initial elementor-widget elementor-widget-text-editor\" data-id=\"456ac572\" data-element_type=\"widget\" data-e-type=\"widget\" data-widget_type=\"text-editor.default\">\n\t\t\t\t<div class=\"elementor-widget-container\">\n\t\t\t\t\t\t\t\t\t<p><strong>Durabilit\u00e9 et partenariat pour un avenir respectueux des ressources. Nous d\u00e9veloppons des solutions respectueuses de l&rsquo;environnement, misons sur la coop\u00e9ration r\u00e9gionale et encourageons les technologies durables afin de minimiser notre empreinte \u00e9cologique.<\/strong><\/p>\t\t\t\t\t\t\t\t<\/div>\n\t\t\t\t<\/div>\n\t\t\t\t<\/div>\n\t\t\t\t\t<\/div>\n\t\t\t\t<\/div>\n\t\t<div class=\"elementor-element elementor-element-d0737eb e-flex e-con-boxed e-con e-parent\" data-id=\"d0737eb\" data-element_type=\"container\" data-e-type=\"container\">\n\t\t\t\t\t<div class=\"e-con-inner\">\n\t\t<div class=\"elementor-element elementor-element-ba42fb6 e-con-full e-flex e-con e-child\" data-id=\"ba42fb6\" data-element_type=\"container\" data-e-type=\"container\">\n\t\t\t\t<div class=\"elementor-element elementor-element-de00cf6 elementor-widget elementor-widget-heading\" data-id=\"de00cf6\" data-element_type=\"widget\" data-e-type=\"widget\" data-widget_type=\"heading.default\">\n\t\t\t\t<div class=\"elementor-widget-container\">\n\t\t\t\t\t<h2 class=\"elementor-heading-title elementor-size-default\">\"L'eau est un \u00e9l\u00e9ment vital pour l'homme, l'animal et la nature\".<\/h2>\t\t\t\t<\/div>\n\t\t\t\t<\/div>\n\t\t\t\t<div class=\"elementor-element elementor-element-0e11563 elementor-widget elementor-widget-text-editor\" data-id=\"0e11563\" data-element_type=\"widget\" data-e-type=\"widget\" data-widget_type=\"text-editor.default\">\n\t\t\t\t<div class=\"elementor-widget-container\">\n\t\t\t\t\t\t\t\t\t<p>Notre propre responsabilit\u00e9 vis-\u00e0-vis de l&rsquo;environnement et de la pr\u00e9servation de nos eaux est le moteur de nos activit\u00e9s. En tant que partenaire leader des entreprises dans le domaine de la r\u00e9habilitation (partielle) des \u00e9gouts, nous nous attachons \u00e0 transmettre ce sens des responsabilit\u00e9s et \u00e0 nous d\u00e9velopper en permanence dans le sens d&rsquo;une philosophie d&rsquo;entreprise durable. Nous essayons non seulement de concevoir nos produits et processus de mani\u00e8re durable, mais aussi, en tant qu&rsquo;entreprise familiale, d&rsquo;\u00eatre un mod\u00e8le au niveau social et soci\u00e9tal.  <\/p><p> <\/p><p><strong>Parce que vivre les valeurs, \u00e7a vaut le coup.<\/strong><\/p>\t\t\t\t\t\t\t\t<\/div>\n\t\t\t\t<\/div>\n\t\t<div class=\"elementor-element elementor-element-d72ac8c e-con-full e-flex e-con e-child\" data-id=\"d72ac8c\" data-element_type=\"container\" data-e-type=\"container\">\n\t\t<div class=\"elementor-element elementor-element-0fc3adb e-con-full e-flex e-con e-child\" data-id=\"0fc3adb\" data-element_type=\"container\" data-e-type=\"container\">\n\t\t\t\t<div class=\"elementor-element elementor-element-ef3a663 elementor-widget__width-initial elementor-widget elementor-widget-image\" data-id=\"ef3a663\" data-element_type=\"widget\" data-e-type=\"widget\" data-widget_type=\"image.default\">\n\t\t\t\t<div class=\"elementor-widget-container\">\n\t\t\t\t\t\t\t\t\t\t\t\t\t\t\t<img fetchpriority=\"high\" decoding=\"async\" width=\"1080\" height=\"838\" src=\"https:\/\/bodenbender.com\/wp-content\/uploads\/2024\/12\/prozess_klein.jpg\" class=\"attachment-full size-full wp-image-2703\" alt=\"Blaues Plastikst\u00fcck.\" srcset=\"https:\/\/bodenbender.com\/wp-content\/uploads\/2024\/12\/prozess_klein.jpg 1080w, https:\/\/bodenbender.com\/wp-content\/uploads\/2024\/12\/prozess_klein-300x233.jpg 300w, https:\/\/bodenbender.com\/wp-content\/uploads\/2024\/12\/prozess_klein-1024x795.jpg 1024w, https:\/\/bodenbender.com\/wp-content\/uploads\/2024\/12\/prozess_klein-768x596.jpg 768w\" sizes=\"(max-width: 1080px) 100vw, 1080px\" \/>\t\t\t\t\t\t\t\t\t\t\t\t\t\t\t<\/div>\n\t\t\t\t<\/div>\n\t\t\t\t<\/div>\n\t\t<div class=\"elementor-element elementor-element-768858d e-con-full e-flex e-con e-child\" data-id=\"768858d\" data-element_type=\"container\" data-e-type=\"container\">\n\t\t\t\t<div class=\"elementor-element elementor-element-84c3b4c elementor-widget elementor-widget-heading\" data-id=\"84c3b4c\" data-element_type=\"widget\" data-e-type=\"widget\" data-widget_type=\"heading.default\">\n\t\t\t\t<div class=\"elementor-widget-container\">\n\t\t\t\t\t<h2 class=\"elementor-heading-title elementor-size-default\">Produits et processus<\/h2>\t\t\t\t<\/div>\n\t\t\t\t<\/div>\n\t\t\t\t<div class=\"elementor-element elementor-element-9c4ea99 elementor-widget elementor-widget-text-editor\" data-id=\"9c4ea99\" data-element_type=\"widget\" data-e-type=\"widget\" data-widget_type=\"text-editor.default\">\n\t\t\t\t<div class=\"elementor-widget-container\">\n\t\t\t\t\t\t\t\t\t<p>Produire en connaissance de cause et optimiser les processus.<\/p>\t\t\t\t\t\t\t\t<\/div>\n\t\t\t\t<\/div>\n\t\t\t\t<div class=\"elementor-element elementor-element-0ef0119 elementor-widget elementor-widget-button\" data-id=\"0ef0119\" data-element_type=\"widget\" data-e-type=\"widget\" data-widget_type=\"button.default\">\n\t\t\t\t<div class=\"elementor-widget-container\">\n\t\t\t\t\t\t\t\t\t<div class=\"elementor-button-wrapper\">\n\t\t\t\t\t<a class=\"elementor-button elementor-button-link elementor-size-sm\" href=\"https:\/\/bodenbender.com\/fr\/societe\/notre-responsabilite\/produits-et-processus\/\">\n\t\t\t\t\t\t<span class=\"elementor-button-content-wrapper\">\n\t\t\t\t\t\t<span class=\"elementor-button-icon\">\n\t\t\t\t<svg xmlns=\"http:\/\/www.w3.org\/2000\/svg\" width=\"13.918\" height=\"9.282\" viewBox=\"0 0 13.918 9.282\"><path id=\"Icon_ion-ios-arrow-round-forward\" data-name=\"Icon ion-ios-arrow-round-forward\" d=\"M16.751,11.429a.632.632,0,0,0,0,.889l2.939,2.944H8.5a.628.628,0,0,0,0,1.257H19.68l-2.939,2.944a.636.636,0,0,0,0,.889.626.626,0,0,0,.885,0l3.983-4.012a.706.706,0,0,0,.131-.2.6.6,0,0,0,.048-.242.63.63,0,0,0-.179-.44L17.63,11.444a.616.616,0,0,0-.88-.015Z\" transform=\"translate(-7.875 -11.252)\" fill=\"#ececec\"><\/path><\/svg>\t\t\t<\/span>\n\t\t\t\t\t\t\t\t\t<span class=\"elementor-button-text\">en savoir plus<\/span>\n\t\t\t\t\t<\/span>\n\t\t\t\t\t<\/a>\n\t\t\t\t<\/div>\n\t\t\t\t\t\t\t\t<\/div>\n\t\t\t\t<\/div>\n\t\t\t\t<\/div>\n\t\t\t\t<\/div>\n\t\t<div class=\"elementor-element elementor-element-217e066 e-con-full e-flex e-con e-child\" data-id=\"217e066\" data-element_type=\"container\" data-e-type=\"container\">\n\t\t<div class=\"elementor-element elementor-element-c18be19 e-con-full e-flex e-con e-child\" data-id=\"c18be19\" data-element_type=\"container\" data-e-type=\"container\">\n\t\t\t\t<div class=\"elementor-element elementor-element-3aff70b elementor-widget elementor-widget-heading\" data-id=\"3aff70b\" data-element_type=\"widget\" data-e-type=\"widget\" data-widget_type=\"heading.default\">\n\t\t\t\t<div class=\"elementor-widget-container\">\n\t\t\t\t\t<h2 class=\"elementor-heading-title elementor-size-default\">Monde du travail<\/h2>\t\t\t\t<\/div>\n\t\t\t\t<\/div>\n\t\t\t\t<div class=\"elementor-element elementor-element-03572c9 elementor-widget elementor-widget-text-editor\" data-id=\"03572c9\" data-element_type=\"widget\" data-e-type=\"widget\" data-widget_type=\"text-editor.default\">\n\t\t\t\t<div class=\"elementor-widget-container\">\n\t\t\t\t\t\t\t\t\t<p>Travailler chez Bodenbender.<\/p>\t\t\t\t\t\t\t\t<\/div>\n\t\t\t\t<\/div>\n\t\t\t\t<div class=\"elementor-element elementor-element-620beb6 elementor-align-left elementor-widget elementor-widget-button\" data-id=\"620beb6\" data-element_type=\"widget\" data-e-type=\"widget\" data-widget_type=\"button.default\">\n\t\t\t\t<div class=\"elementor-widget-container\">\n\t\t\t\t\t\t\t\t\t<div class=\"elementor-button-wrapper\">\n\t\t\t\t\t<a class=\"elementor-button elementor-button-link elementor-size-sm\" href=\"https:\/\/bodenbender.com\/fr\/societe\/notre-responsabilite\/monde-du-travail\/\">\n\t\t\t\t\t\t<span class=\"elementor-button-content-wrapper\">\n\t\t\t\t\t\t<span class=\"elementor-button-icon\">\n\t\t\t\t<svg xmlns=\"http:\/\/www.w3.org\/2000\/svg\" width=\"13.918\" height=\"9.282\" viewBox=\"0 0 13.918 9.282\"><path id=\"Icon_ion-ios-arrow-round-forward\" data-name=\"Icon ion-ios-arrow-round-forward\" d=\"M16.751,11.429a.632.632,0,0,0,0,.889l2.939,2.944H8.5a.628.628,0,0,0,0,1.257H19.68l-2.939,2.944a.636.636,0,0,0,0,.889.626.626,0,0,0,.885,0l3.983-4.012a.706.706,0,0,0,.131-.2.6.6,0,0,0,.048-.242.63.63,0,0,0-.179-.44L17.63,11.444a.616.616,0,0,0-.88-.015Z\" transform=\"translate(-7.875 -11.252)\" fill=\"#ececec\"><\/path><\/svg>\t\t\t<\/span>\n\t\t\t\t\t\t\t\t\t<span class=\"elementor-button-text\">en savoir plus<\/span>\n\t\t\t\t\t<\/span>\n\t\t\t\t\t<\/a>\n\t\t\t\t<\/div>\n\t\t\t\t\t\t\t\t<\/div>\n\t\t\t\t<\/div>\n\t\t\t\t<\/div>\n\t\t<div class=\"elementor-element elementor-element-06e8390 e-con-full e-flex e-con e-child\" data-id=\"06e8390\" data-element_type=\"container\" data-e-type=\"container\">\n\t\t\t\t<div class=\"elementor-element elementor-element-2de0fd8 elementor-widget__width-initial elementor-widget elementor-widget-image\" data-id=\"2de0fd8\" data-element_type=\"widget\" data-e-type=\"widget\" data-widget_type=\"image.default\">\n\t\t\t\t<div class=\"elementor-widget-container\">\n\t\t\t\t\t\t\t\t\t\t\t\t\t\t\t<img decoding=\"async\" width=\"1080\" height=\"838\" src=\"https:\/\/bodenbender.com\/wp-content\/uploads\/2024\/12\/arbeitswelt_klein.jpg\" class=\"attachment-full size-full wp-image-2712\" alt=\"Hand die auf Bodenbender Flex-Liner Aufkleber zeigt.\" srcset=\"https:\/\/bodenbender.com\/wp-content\/uploads\/2024\/12\/arbeitswelt_klein.jpg 1080w, https:\/\/bodenbender.com\/wp-content\/uploads\/2024\/12\/arbeitswelt_klein-300x233.jpg 300w, https:\/\/bodenbender.com\/wp-content\/uploads\/2024\/12\/arbeitswelt_klein-1024x795.jpg 1024w, https:\/\/bodenbender.com\/wp-content\/uploads\/2024\/12\/arbeitswelt_klein-768x596.jpg 768w\" sizes=\"(max-width: 1080px) 100vw, 1080px\" \/>\t\t\t\t\t\t\t\t\t\t\t\t\t\t\t<\/div>\n\t\t\t\t<\/div>\n\t\t\t\t<\/div>\n\t\t\t\t<\/div>\n\t\t<div class=\"elementor-element elementor-element-ca0aa59 e-con-full e-flex e-con e-child\" data-id=\"ca0aa59\" data-element_type=\"container\" data-e-type=\"container\">\n\t\t<div class=\"elementor-element elementor-element-0920364 e-con-full e-flex e-con e-child\" data-id=\"0920364\" data-element_type=\"container\" data-e-type=\"container\">\n\t\t\t\t<div class=\"elementor-element elementor-element-4b9273b elementor-widget__width-initial elementor-widget elementor-widget-image\" data-id=\"4b9273b\" data-element_type=\"widget\" data-e-type=\"widget\" data-widget_type=\"image.default\">\n\t\t\t\t<div class=\"elementor-widget-container\">\n\t\t\t\t\t\t\t\t\t\t\t\t\t\t\t<img decoding=\"async\" width=\"1080\" height=\"838\" src=\"https:\/\/bodenbender.com\/wp-content\/uploads\/2024\/12\/umwelt_klein.jpg\" class=\"attachment-full size-full wp-image-2754\" alt=\"Mensch mit Labor Handschuhen nimmt eine Wasserprobe aus einem Fluss.\" srcset=\"https:\/\/bodenbender.com\/wp-content\/uploads\/2024\/12\/umwelt_klein.jpg 1080w, https:\/\/bodenbender.com\/wp-content\/uploads\/2024\/12\/umwelt_klein-300x233.jpg 300w, https:\/\/bodenbender.com\/wp-content\/uploads\/2024\/12\/umwelt_klein-1024x795.jpg 1024w, https:\/\/bodenbender.com\/wp-content\/uploads\/2024\/12\/umwelt_klein-768x596.jpg 768w\" sizes=\"(max-width: 1080px) 100vw, 1080px\" \/>\t\t\t\t\t\t\t\t\t\t\t\t\t\t\t<\/div>\n\t\t\t\t<\/div>\n\t\t\t\t<\/div>\n\t\t<div class=\"elementor-element elementor-element-51bed09 e-con-full e-flex e-con e-child\" data-id=\"51bed09\" data-element_type=\"container\" data-e-type=\"container\">\n\t\t\t\t<div class=\"elementor-element elementor-element-504e727 elementor-widget elementor-widget-heading\" data-id=\"504e727\" data-element_type=\"widget\" data-e-type=\"widget\" data-widget_type=\"heading.default\">\n\t\t\t\t<div class=\"elementor-widget-container\">\n\t\t\t\t\t<h2 class=\"elementor-heading-title elementor-size-default\">Environnement<\/h2>\t\t\t\t<\/div>\n\t\t\t\t<\/div>\n\t\t\t\t<div class=\"elementor-element elementor-element-d772585 elementor-widget elementor-widget-text-editor\" data-id=\"d772585\" data-element_type=\"widget\" data-e-type=\"widget\" data-widget_type=\"text-editor.default\">\n\t\t\t\t<div class=\"elementor-widget-container\">\n\t\t\t\t\t\t\t\t\t<p>Prot\u00e9ger ce qui ne peut pas se prot\u00e9ger lui-m\u00eame.<\/p>\t\t\t\t\t\t\t\t<\/div>\n\t\t\t\t<\/div>\n\t\t\t\t<div class=\"elementor-element elementor-element-219d53e elementor-align-left elementor-widget elementor-widget-button\" data-id=\"219d53e\" data-element_type=\"widget\" data-e-type=\"widget\" data-widget_type=\"button.default\">\n\t\t\t\t<div class=\"elementor-widget-container\">\n\t\t\t\t\t\t\t\t\t<div class=\"elementor-button-wrapper\">\n\t\t\t\t\t<a class=\"elementor-button elementor-button-link elementor-size-sm\" href=\"https:\/\/bodenbender.com\/fr\/societe\/notre-responsabilite\/environnement\/\">\n\t\t\t\t\t\t<span class=\"elementor-button-content-wrapper\">\n\t\t\t\t\t\t<span class=\"elementor-button-icon\">\n\t\t\t\t<svg xmlns=\"http:\/\/www.w3.org\/2000\/svg\" width=\"13.918\" height=\"9.282\" viewBox=\"0 0 13.918 9.282\"><path id=\"Icon_ion-ios-arrow-round-forward\" data-name=\"Icon ion-ios-arrow-round-forward\" d=\"M16.751,11.429a.632.632,0,0,0,0,.889l2.939,2.944H8.5a.628.628,0,0,0,0,1.257H19.68l-2.939,2.944a.636.636,0,0,0,0,.889.626.626,0,0,0,.885,0l3.983-4.012a.706.706,0,0,0,.131-.2.6.6,0,0,0,.048-.242.63.63,0,0,0-.179-.44L17.63,11.444a.616.616,0,0,0-.88-.015Z\" transform=\"translate(-7.875 -11.252)\" fill=\"#ececec\"><\/path><\/svg>\t\t\t<\/span>\n\t\t\t\t\t\t\t\t\t<span class=\"elementor-button-text\">en savoir plus<\/span>\n\t\t\t\t\t<\/span>\n\t\t\t\t\t<\/a>\n\t\t\t\t<\/div>\n\t\t\t\t\t\t\t\t<\/div>\n\t\t\t\t<\/div>\n\t\t\t\t<\/div>\n\t\t\t\t<\/div>\n\t\t<div class=\"elementor-element elementor-element-7a96ca8 e-con-full e-flex e-con e-child\" data-id=\"7a96ca8\" data-element_type=\"container\" data-e-type=\"container\">\n\t\t<div class=\"elementor-element elementor-element-16da353 e-con-full e-flex e-con e-child\" data-id=\"16da353\" data-element_type=\"container\" data-e-type=\"container\">\n\t\t\t\t<div class=\"elementor-element elementor-element-ecd1de7 elementor-widget elementor-widget-heading\" data-id=\"ecd1de7\" data-element_type=\"widget\" data-e-type=\"widget\" data-widget_type=\"heading.default\">\n\t\t\t\t<div class=\"elementor-widget-container\">\n\t\t\t\t\t<h2 class=\"elementor-heading-title elementor-size-default\">Soci\u00e9t\u00e9 et affaires sociales<\/h2>\t\t\t\t<\/div>\n\t\t\t\t<\/div>\n\t\t\t\t<div class=\"elementor-element elementor-element-23923a1 elementor-widget elementor-widget-text-editor\" data-id=\"23923a1\" data-element_type=\"widget\" data-e-type=\"widget\" data-widget_type=\"text-editor.default\">\n\t\t\t\t<div class=\"elementor-widget-container\">\n\t\t\t\t\t\t\t\t\t<p>Parce que les racines font de nous ce que nous sommes.<\/p><p>Sponsoring pour les Volleys Marburg et le HSG Wetzlar.<\/p>\t\t\t\t\t\t\t\t<\/div>\n\t\t\t\t<\/div>\n\t\t\t\t<div class=\"elementor-element elementor-element-731ae13 elementor-align-left elementor-widget elementor-widget-button\" data-id=\"731ae13\" data-element_type=\"widget\" data-e-type=\"widget\" data-widget_type=\"button.default\">\n\t\t\t\t<div class=\"elementor-widget-container\">\n\t\t\t\t\t\t\t\t\t<div class=\"elementor-button-wrapper\">\n\t\t\t\t\t<a class=\"elementor-button elementor-button-link elementor-size-sm\" href=\"https:\/\/bodenbender.com\/fr\/societe\/notre-responsabilite\/societe-social\/\">\n\t\t\t\t\t\t<span class=\"elementor-button-content-wrapper\">\n\t\t\t\t\t\t<span class=\"elementor-button-icon\">\n\t\t\t\t<svg xmlns=\"http:\/\/www.w3.org\/2000\/svg\" width=\"13.918\" height=\"9.282\" viewBox=\"0 0 13.918 9.282\"><path id=\"Icon_ion-ios-arrow-round-forward\" data-name=\"Icon ion-ios-arrow-round-forward\" d=\"M16.751,11.429a.632.632,0,0,0,0,.889l2.939,2.944H8.5a.628.628,0,0,0,0,1.257H19.68l-2.939,2.944a.636.636,0,0,0,0,.889.626.626,0,0,0,.885,0l3.983-4.012a.706.706,0,0,0,.131-.2.6.6,0,0,0,.048-.242.63.63,0,0,0-.179-.44L17.63,11.444a.616.616,0,0,0-.88-.015Z\" transform=\"translate(-7.875 -11.252)\" fill=\"#ececec\"><\/path><\/svg>\t\t\t<\/span>\n\t\t\t\t\t\t\t\t\t<span class=\"elementor-button-text\">en savoir plus<\/span>\n\t\t\t\t\t<\/span>\n\t\t\t\t\t<\/a>\n\t\t\t\t<\/div>\n\t\t\t\t\t\t\t\t<\/div>\n\t\t\t\t<\/div>\n\t\t\t\t<\/div>\n\t\t<div class=\"elementor-element elementor-element-15a6bda e-con-full e-flex e-con e-child\" data-id=\"15a6bda\" data-element_type=\"container\" data-e-type=\"container\">\n\t\t\t\t<div class=\"elementor-element elementor-element-e500706 elementor-widget__width-initial elementor-widget elementor-widget-image\" data-id=\"e500706\" data-element_type=\"widget\" data-e-type=\"widget\" data-widget_type=\"image.default\">\n\t\t\t\t<div class=\"elementor-widget-container\">\n\t\t\t\t\t\t\t\t\t\t\t\t\t\t\t<img loading=\"lazy\" decoding=\"async\" width=\"1080\" height=\"838\" src=\"https:\/\/bodenbender.com\/wp-content\/uploads\/2024\/12\/burg_klein.jpg\" class=\"attachment-full size-full wp-image-2769\" alt=\"Baumwipfel und dar\u00fcber ein Schloss, mit blauem Himmel im Hintergrund.\" srcset=\"https:\/\/bodenbender.com\/wp-content\/uploads\/2024\/12\/burg_klein.jpg 1080w, https:\/\/bodenbender.com\/wp-content\/uploads\/2024\/12\/burg_klein-300x233.jpg 300w, https:\/\/bodenbender.com\/wp-content\/uploads\/2024\/12\/burg_klein-1024x795.jpg 1024w, https:\/\/bodenbender.com\/wp-content\/uploads\/2024\/12\/burg_klein-768x596.jpg 768w\" sizes=\"(max-width: 1080px) 100vw, 1080px\" \/>\t\t\t\t\t\t\t\t\t\t\t\t\t\t\t<\/div>\n\t\t\t\t<\/div>\n\t\t\t\t<\/div>\n\t\t\t\t<\/div>\n\t\t\t\t<\/div>\n\t\t<div class=\"elementor-element elementor-element-07f6d04 e-con-full e-flex e-con e-child\" data-id=\"07f6d04\" data-element_type=\"container\" data-e-type=\"container\">\n\t\t\t\t<div class=\"elementor-element elementor-element-4f5759e3 elementor-widget elementor-widget-text-editor\" data-id=\"4f5759e3\" data-element_type=\"widget\" data-e-type=\"widget\" data-widget_type=\"text-editor.default\">\n\t\t\t\t<div class=\"elementor-widget-container\">\n\t\t\t\t\t\t\t\t\t<p><strong>Vous avez des questions ?<br><\/strong><\/p>\t\t\t\t\t\t\t\t<\/div>\n\t\t\t\t<\/div>\n\t\t\t\t<div class=\"elementor-element elementor-element-22636cb6 elementor-widget elementor-widget-image\" data-id=\"22636cb6\" data-element_type=\"widget\" data-e-type=\"widget\" data-widget_type=\"image.default\">\n\t\t\t\t<div class=\"elementor-widget-container\">\n\t\t\t\t\t\t\t\t\t\t\t\t\t\t\t<img loading=\"lazy\" decoding=\"async\" width=\"1024\" height=\"682\" src=\"https:\/\/bodenbender.com\/wp-content\/uploads\/2024\/12\/christian_kunkel-1-1024x682.jpg\" class=\"attachment-large size-large wp-image-2285\" alt=\"Foto Portrait von Christian Kunkel.\" srcset=\"https:\/\/bodenbender.com\/wp-content\/uploads\/2024\/12\/christian_kunkel-1-1024x682.jpg 1024w, https:\/\/bodenbender.com\/wp-content\/uploads\/2024\/12\/christian_kunkel-1-300x200.jpg 300w, https:\/\/bodenbender.com\/wp-content\/uploads\/2024\/12\/christian_kunkel-1-768x512.jpg 768w, https:\/\/bodenbender.com\/wp-content\/uploads\/2024\/12\/christian_kunkel-1.jpg 1181w\" sizes=\"(max-width: 1024px) 100vw, 1024px\" \/>\t\t\t\t\t\t\t\t\t\t\t\t\t\t\t<\/div>\n\t\t\t\t<\/div>\n\t\t\t\t<div class=\"elementor-element elementor-element-b5007bd elementor-widget elementor-widget-text-editor\" data-id=\"b5007bd\" data-element_type=\"widget\" data-e-type=\"widget\" data-widget_type=\"text-editor.default\">\n\t\t\t\t<div class=\"elementor-widget-container\">\n\t\t\t\t\t\t\t\t\t<p><strong>Christian Kunkel<\/strong><\/p><p>Directeur g\u00e9n\u00e9ral<\/p><p><a href=\"tel:0049646198520\">+49 6461 98520<\/a><\/p><p><a href=\"mailto:christian.kunkel@bodenbender.com\" target=\"_blank\" rel=\"noopener\">christian.kunkel@bodenbender.com<\/a><\/p>\t\t\t\t\t\t\t\t<\/div>\n\t\t\t\t<\/div>\n\t\t\t\t<\/div>\n\t\t\t\t\t<\/div>\n\t\t\t\t<\/div>\n\t\t\t\t<\/div>\n\t\t","protected":false},"excerpt":{"rendered":"<p>Durabilit\u00e9 et partenariat pour un avenir respectueux des ressources. Nous d\u00e9veloppons des solutions respectueuses de l&rsquo;environnement, misons sur la coop\u00e9ration [&hellip;]<\/p>\n","protected":false},"author":1,"featured_media":0,"parent":13003,"menu_order":0,"comment_status":"closed","ping_status":"closed","template":"","meta":{"site-sidebar-layout":"no-sidebar","site-content-layout":"","ast-site-content-layout":"full-width-container","site-content-style":"default","site-sidebar-style":"default","ast-global-header-display":"","ast-banner-title-visibility":"","ast-main-header-display":"","ast-hfb-above-header-display":"","ast-hfb-below-header-display":"","ast-hfb-mobile-header-display":"","site-post-title":"disabled","ast-breadcrumbs-content":"","ast-featured-img":"disabled","footer-sml-layout":"","ast-disable-related-posts":"","theme-transparent-header-meta":"","adv-header-id-meta":"","stick-header-meta":"","header-above-stick-meta":"","header-main-stick-meta":"","header-below-stick-meta":"","astra-migrate-meta-layouts":"default","ast-page-background-enabled":"default","ast-page-background-meta":{"desktop":{"background-color":"var(--ast-global-color-4)","background-image":"","background-repeat":"repeat","background-position":"center center","background-size":"auto","background-attachment":"scroll","background-type":"","background-media":"","overlay-type":"","overlay-color":"","overlay-opacity":"","overlay-gradient":""},"tablet":{"background-color":"","background-image":"","background-repeat":"repeat","background-position":"center center","background-size":"auto","background-attachment":"scroll","background-type":"","background-media":"","overlay-type":"","overlay-color":"","overlay-opacity":"","overlay-gradient":""},"mobile":{"background-color":"","background-image":"","background-repeat":"repeat","background-position":"center center","background-size":"auto","background-attachment":"scroll","background-type":"","background-media":"","overlay-type":"","overlay-color":"","overlay-opacity":"","overlay-gradient":""}},"ast-content-background-meta":{"desktop":{"background-color":"var(--ast-global-color-5)","background-image":"","background-repeat":"repeat","background-position":"center center","background-size":"auto","background-attachment":"scroll","background-type":"","background-media":"","overlay-type":"","overlay-color":"","overlay-opacity":"","overlay-gradient":""},"tablet":{"background-color":"var(--ast-global-color-5)","background-image":"","background-repeat":"repeat","background-position":"center center","background-size":"auto","background-attachment":"scroll","background-type":"","background-media":"","overlay-type":"","overlay-color":"","overlay-opacity":"","overlay-gradient":""},"mobile":{"background-color":"var(--ast-global-color-5)","background-image":"","background-repeat":"repeat","background-position":"center center","background-size":"auto","background-attachment":"scroll","background-type":"","background-media":"","overlay-type":"","overlay-color":"","overlay-opacity":"","overlay-gradient":""}},"footnotes":""},"class_list":["post-12984","page","type-page","status-publish","hentry"],"_links":{"self":[{"href":"https:\/\/bodenbender.com\/fr\/wp-json\/wp\/v2\/pages\/12984","targetHints":{"allow":["GET"]}}],"collection":[{"href":"https:\/\/bodenbender.com\/fr\/wp-json\/wp\/v2\/pages"}],"about":[{"href":"https:\/\/bodenbender.com\/fr\/wp-json\/wp\/v2\/types\/page"}],"author":[{"embeddable":true,"href":"https:\/\/bodenbender.com\/fr\/wp-json\/wp\/v2\/users\/1"}],"replies":[{"embeddable":true,"href":"https:\/\/bodenbender.com\/fr\/wp-json\/wp\/v2\/comments?post=12984"}],"version-history":[{"count":5,"href":"https:\/\/bodenbender.com\/fr\/wp-json\/wp\/v2\/pages\/12984\/revisions"}],"predecessor-version":[{"id":14184,"href":"https:\/\/bodenbender.com\/fr\/wp-json\/wp\/v2\/pages\/12984\/revisions\/14184"}],"up":[{"embeddable":true,"href":"https:\/\/bodenbender.com\/fr\/wp-json\/wp\/v2\/pages\/13003"}],"wp:attachment":[{"href":"https:\/\/bodenbender.com\/fr\/wp-json\/wp\/v2\/media?parent=12984"}],"curies":[{"name":"wp","href":"https:\/\/api.w.org\/{rel}","templated":true}]}}