{"id":12980,"date":"2024-10-15T14:09:43","date_gmt":"2024-10-15T12:09:43","guid":{"rendered":"https:\/\/bodenbender.com\/emplois\/"},"modified":"2025-05-14T13:52:09","modified_gmt":"2025-05-14T11:52:09","slug":"emplois","status":"publish","type":"page","link":"https:\/\/bodenbender.com\/fr\/emplois\/","title":{"rendered":"Emplois"},"content":{"rendered":"\t\t<div data-elementor-type=\"wp-page\" data-elementor-id=\"12980\" class=\"elementor elementor-12980 elementor-517\" data-elementor-post-type=\"page\">\n\t\t\t\t<div class=\"elementor-element elementor-element-43a53e2 e-flex e-con-boxed e-con e-parent\" data-id=\"43a53e2\" data-element_type=\"container\" data-e-type=\"container\">\n\t\t\t\t\t<div class=\"e-con-inner\">\n\t\t<div class=\"elementor-element elementor-element-0b1874a e-con-full e-flex e-con e-child\" data-id=\"0b1874a\" data-element_type=\"container\" data-e-type=\"container\">\n\t\t\t\t<div class=\"elementor-element elementor-element-0ea0a77 elementor-widget elementor-widget-heading\" data-id=\"0ea0a77\" data-element_type=\"widget\" data-e-type=\"widget\" data-widget_type=\"heading.default\">\n\t\t\t\t<div class=\"elementor-widget-container\">\n\t\t\t\t\t<h1 class=\"elementor-heading-title elementor-size-default\">Archives des emplois<\/h1>\t\t\t\t<\/div>\n\t\t\t\t<\/div>\n\t\t\t\t<div class=\"elementor-element elementor-element-67c7fdbd elementor-widget__width-inherit elementor-widget elementor-widget-text-editor\" data-id=\"67c7fdbd\" data-element_type=\"widget\" data-e-type=\"widget\" data-widget_type=\"text-editor.default\">\n\t\t\t\t<div class=\"elementor-widget-container\">\n\t\t\t\t\t\t\t\t\t<p><strong>Opportunit\u00e9s de carri\u00e8re dans une entreprise innovante et familiale. Rejoignez notre \u00e9quipe et construisez avec nous l&rsquo;avenir de la r\u00e9habilitation des canalisations sans tranch\u00e9e. Nous offrons des t\u00e2ches vari\u00e9es, des conditions de travail modernes et un espace pour le d\u00e9veloppement personnel. <\/strong><\/p>\t\t\t\t\t\t\t\t<\/div>\n\t\t\t\t<\/div>\n\t\t\t\t<\/div>\n\t\t\t\t\t<\/div>\n\t\t\t\t<\/div>\n\t\t<div class=\"elementor-element elementor-element-83d1c78 e-flex e-con-boxed e-con e-parent\" data-id=\"83d1c78\" data-element_type=\"container\" data-e-type=\"container\">\n\t\t\t\t\t<div class=\"e-con-inner\">\n\t\t\t\t<div class=\"elementor-element elementor-element-d39db3f elementor-widget elementor-widget-shortcode\" data-id=\"d39db3f\" data-element_type=\"widget\" data-e-type=\"widget\" data-widget_type=\"shortcode.default\">\n\t\t\t\t<div class=\"elementor-widget-container\">\n\t\t\t\t\t\t\t<div class=\"elementor-shortcode\"><div class=\"sjb-page\">\r\n<!-- Start: Jobs Listing Wrapper -->\r\n\r\n\r\n<!-- Start Job Filters\r\n================================================== -->\r\n<div class=\" sjb-filters-v2\">\r\n        <form class=\"filters-form\" action=\"https:\/\/bodenbender.com\/fr\/emplois\/\" method=\"get\">\r\n        <div class=\"row\">\r\n                    <\/div>\r\n    <\/form>\r\n<\/div>\r\n<!-- ==================================================\r\nEnd Job Filters -->\r\n\r\n\r\n<div class=\"sjb-listing\">\r\n        <!-- start Jobs Listing: List View -->\r\n    <div class=\"list-view\">\r\n        \r\n    \r\n<!-- Start Jobs List View \r\n================================================== -->\r\n<div class=\"list-data\">\r\n    <div class=\"v2 sjb-job-13807\">\r\n\r\n        <!-- Jobs List view header -->\r\n        <header>\r\n            <div class=\"row\">\r\n                \r\n                <div class=\"col-md-12 col-sm-12\">\r\n                    <div class=\"sjb-company-wrapper-details-list\">\r\n                        <div class=\"row\">\r\n                            \r\n<!-- Start Company Logo\r\n================================================== -->\r\n<div class=\"col-md-8 col-sm-8\">\r\n            <div class=\"company-logo\">\r\n            <a href=\"https:\/\/bodenbender.com\/fr\/job\/candidature-spontanee-h-f-pour-nos-sites-de-biedenkopf-de-ou-muenchwilen-ch\/\"><img decoding=\"async\" src=\"https:\/\/bodenbender.com\/wp-content\/plugins\/simple-job-board\/public\/images\/company.png\" alt=\"\" class=\"sjb-img-responsive \" id=\"\"\/><\/a>\r\n        <\/div>\r\n    \r\n    <!-- ==================================================\r\nEnd Company Logo -->\r\n\r\n    <div class=\"sjb-with-logo\">\r\n    <div class=\"job-info job-without-company\">\r\n        <h4>\r\n            <a href=\"https:\/\/bodenbender.com\/fr\/job\/candidature-spontanee-h-f-pour-nos-sites-de-biedenkopf-de-ou-muenchwilen-ch\/\">\r\n                <span class=\"job-title\">Candidature spontan\u00e9e (h\/f) pour nos sites de Biedenkopf (DE) ou M\u00fcnchwilen (CH)<\/span>            <\/a>\r\n        <\/h4>\r\n        <div class=\"sjb-company-details\">\r\n                    <\/div>\r\n            <\/div>\r\n<\/div>\r\n<\/div>\r\n\r\n<!-- Start apply now button\r\n================================================== -->\r\n<div class=\"col-md-4 col-sm-4 col-xs-12 sjb-apply-now-btn\">\r\n\t<p><a href=\"https:\/\/bodenbender.com\/fr\/job\/candidature-spontanee-h-f-pour-nos-sites-de-biedenkopf-de-ou-muenchwilen-ch\/\" class=\"btn btn-primary \">Inscrivez-vous d\u00e8s maintenant<\/a><\/p><\/div>\r\n<!-- ==================================================\r\nEnd apply now button -->\r\n\r\n                        <\/div>\r\n                    <\/div>\r\n                <\/div>\r\n             \r\n                <div class=\"clearfix\"><\/div>\r\n                <div class=\"col-md-12 col-sm-12\">\r\n                    <div class=\"sjb-job-type-location-date\">\r\n                        <div class=\"row\">\r\n                        \r\n<!-- Start Job Type\r\n================================================== -->\r\n \r\n<!-- ==================================================\r\nEnd Job Type -->\r\n\r\n\r\n<!-- Start Job's Location\r\n================================================== -->\r\n<!-- ==================================================\r\nEnd Job's Location -->\r\n\r\n\r\n<!-- Start Job Posted Date\r\n================================================== -->\r\n\t<div class=\"col-md-4 col-sm-4 col-xs-12\">\r\n                <div class=\"job-date\"><i class=\"fa  fa-calendar-check\"><\/i>Publi\u00e9 il y a 1 an<\/div>\r\n\t<\/div>\r\n<!-- ==================================================\r\nEnd Job Posted Date -->\r\n\r\n                        <\/div>\r\n                    <\/div>\r\n\r\n                <\/div>\r\n            <\/div>\r\n            \r\n        <\/header>\r\n        \r\n\r\n        \r\n    <!-- View more content start\r\n    ================================= -->\r\n    \r\n<!-- View long content start \r\n================================================== -->\r\n<div class=\"sjb_more_content\" id=\"sjb_more_content_13807\">\r\n    \n<p>Notre entreprise et l'ensemble du secteur de la r\u00e9habilitation des canalisations connaissent une forte croissance et nous sommes donc toujours \u00e0 la recherche de nouveaux talents motiv\u00e9s qui ont envie de participer au d\u00e9veloppement de notre entreprise et de s'impliquer activement. Laissez-vous contaminer par notre enthousiasme au sein de l'entreprise familiale g\u00e9r\u00e9e par son propri\u00e9taire et envoyez-nous votre candidature spontan\u00e9e. Nous verrons si nous pouvons vous trouver un poste appropri\u00e9 ou nous garderons volontiers votre candidature (avec votre accord) jusqu'\u00e0 ce que nous ayons un poste qui vous convienne. <\/p>\n\n<h2 class=\"wp-block-heading\">Votre candidature<\/h2>\n\n<p>Le domaine d'activit\u00e9 qui vous int\u00e9resse et le lieu o\u00f9 vous souhaitez travailler doivent \u00eatre clairement indiqu\u00e9s. Plus les informations sur votre parcours professionnel et personnel sont pr\u00e9cises, mieux nous pourrons nous faire une id\u00e9e de vous. <\/p>\n\n<h2 class=\"wp-block-heading\">Ce que nous vous offrons<\/h2>\n\n<p>En plus de travailler avec une \u00e9quipe ouverte et amicale dans un secteur \u00e0 l'abri de la crise et \u00e0 forte valeur \u00e9cologique, nous vous offrons d'autres avantages :<\/p>\n\n<ul class=\"wp-block-list\">\n<li>Roue de l'emploi<\/li>\n\n\n\n<li>Possibilit\u00e9s de formation continue<\/li>\n\n\n\n<li>Bureau \u00e0 domicile (apr\u00e8s accord et t\u00e2che concr\u00e8te)<\/li>\n\n\n\n<li>R\u00e9mun\u00e9ration au m\u00e9rite plus primes de No\u00ebl et de vacances<\/li>\n\n\n\n<li>30 jours de cong\u00e9 annuel<\/li>\n\n\n\n<li>Temps de travail fond\u00e9 sur la confiance<\/li>\n\n\n\n<li>La libert\u00e9 de suivre votre propre voie chez nous<\/li>\n\n\n\n<li>Humanit\u00e9 et ouverture d'esprit<\/li>\n\n\n\n<li>\u00c9v\u00e9nements du personnel<\/li>\n\n\n\n<li>Et d'autres avantages <a href=\"https:\/\/bodenbender.com\/fr\/societe\/notre-responsabilite\/monde-du-travail\/\">: https:\/\/bodenbender.com\/unternehmen\/unsere-verantwortung\/arbeitswelt\/<\/a><\/li>\n<\/ul>\n\n<p>Vous \u00eates int\u00e9ress\u00e9(e) et souhaitez faire plus ample connaissance avec notre \u00e9quipe ?<br\/>Alors posez votre candidature rapidement et facilement via notre formulaire de candidature.<br\/>N'h\u00e9sitez pas \u00e0 compl\u00e9ter le formulaire avec votre CV et une courte lettre de motivation au format PDF (vous pouvez t\u00e9l\u00e9charger jusqu'\u00e0 5 fichiers).<\/p>\n    \r\n<!-- Start Job Features\r\n================================================== -->\r\n<div class=\"job-features\">\r\n    \r\n    <table class=\"table\">\r\n        <tbody>\r\n                    <\/tbody>\r\n    <\/table>\r\n\r\n<\/div>\r\n<!-- ==================================================\r\nEnd Job Features -->\r\n\r\n<div class=\"clearfix\"><\/div>\r\n<\/div>\r\n\r\n<div class=\"sjb-view-less-btn\" id=\"sjb_view_less_btn_13807\">\r\n    <a data-id=\"13807\" class=\"sjb_view_less_btn sjb_view_more_btn\">\r\n        Voir moins            \r\n    <\/a>\r\n<\/div>\r\n<!-- ==================================================\r\nView long content end  -->\r\n\r\n    <!-- View more content end\r\n    ================================= -->\r\n\r\n    <!-- Start Job Short Description \r\n    ================================================== -->\r\n    <div class=\"job-description-list\">\r\n        <div id=\"sjb_less_content_13807\"><p>Notre entreprise et l&rsquo;ensemble du secteur de la r\u00e9habilitation des canalisations connaissent une forte croissance et nous sommes donc toujours [&hellip;]<\/p><\/div>    <\/div>\r\n    <!-- ==================================================\r\n    End Job Short Description  -->\r\n\r\n        <\/div>\r\n<\/div>\r\n<!-- ==================================================\r\nEnd Jobs List View -->\r\n\r\n<div class=\"clearfix\"><\/div>\r\n\r\n\r\n<!-- Start Jobs List View \r\n================================================== -->\r\n<div class=\"list-data\">\r\n    <div class=\"v2 sjb-job-13805\">\r\n\r\n        <!-- Jobs List view header -->\r\n        <header>\r\n            <div class=\"row\">\r\n                \r\n                <div class=\"col-md-12 col-sm-12\">\r\n                    <div class=\"sjb-company-wrapper-details-list\">\r\n                        <div class=\"row\">\r\n                            \r\n<!-- Start Company Logo\r\n================================================== -->\r\n<div class=\"col-md-8 col-sm-8\">\r\n            <div class=\"company-logo\">\r\n            <a href=\"https:\/\/bodenbender.com\/fr\/job\/agent-de-production-h-f\/\"><img decoding=\"async\" src=\"https:\/\/bodenbender.com\/wp-content\/plugins\/simple-job-board\/public\/images\/company.png\" alt=\"\" class=\"sjb-img-responsive \" id=\"\"\/><\/a>\r\n        <\/div>\r\n    \r\n    <!-- ==================================================\r\nEnd Company Logo -->\r\n\r\n    <div class=\"sjb-with-logo\">\r\n    <div class=\"job-info job-without-company\">\r\n        <h4>\r\n            <a href=\"https:\/\/bodenbender.com\/fr\/job\/agent-de-production-h-f\/\">\r\n                <span class=\"job-title\">Agent de production (h\/f)<\/span>            <\/a>\r\n        <\/h4>\r\n        <div class=\"sjb-company-details\">\r\n                    <\/div>\r\n            <\/div>\r\n<\/div>\r\n<\/div>\r\n\r\n<!-- Start apply now button\r\n================================================== -->\r\n<div class=\"col-md-4 col-sm-4 col-xs-12 sjb-apply-now-btn\">\r\n\t<p><a href=\"https:\/\/bodenbender.com\/fr\/job\/agent-de-production-h-f\/\" class=\"btn btn-primary \">Inscrivez-vous d\u00e8s maintenant<\/a><\/p><\/div>\r\n<!-- ==================================================\r\nEnd apply now button -->\r\n\r\n                        <\/div>\r\n                    <\/div>\r\n                <\/div>\r\n             \r\n                <div class=\"clearfix\"><\/div>\r\n                <div class=\"col-md-12 col-sm-12\">\r\n                    <div class=\"sjb-job-type-location-date\">\r\n                        <div class=\"row\">\r\n                        \r\n<!-- Start Job Type\r\n================================================== -->\r\n\t<div class=\"col-md-2 col-sm-4 col-xs-12\">\r\n                <div class=\"job-type\"><i class=\"fa fa-briefcase\"><\/i>Produktion<\/div>\r\n    <\/div>\r\n \r\n<!-- ==================================================\r\nEnd Job Type -->\r\n\r\n\r\n<!-- Start Job's Location\r\n================================================== -->\r\n\t<div class=\"col-md-3 col-sm-4 col-xs-12\">\r\n                <div class=\"job-location\"><i class=\"fa  fa-map-marker\"><\/i>Biedenkopf (DE)<\/div>\r\n\t<\/div>\r\n<!-- ==================================================\r\nEnd Job's Location -->\r\n\r\n\r\n<!-- Start Job Posted Date\r\n================================================== -->\r\n\t<div class=\"col-md-4 col-sm-4 col-xs-12\">\r\n                <div class=\"job-date\"><i class=\"fa  fa-calendar-check\"><\/i>Publi\u00e9 il y a 1 an<\/div>\r\n\t<\/div>\r\n<!-- ==================================================\r\nEnd Job Posted Date -->\r\n\r\n                        <\/div>\r\n                    <\/div>\r\n\r\n                <\/div>\r\n            <\/div>\r\n            \r\n        <\/header>\r\n        \r\n\r\n        \r\n    <!-- View more content start\r\n    ================================= -->\r\n    \r\n<!-- View long content start \r\n================================================== -->\r\n<div class=\"sjb_more_content\" id=\"sjb_more_content_13805\">\r\n    \n<p>Nous recherchons <strong>\u00e0 partir du 01\/09\/2025<\/strong> un <strong>agent de production (m\/f) <\/strong>pour notre si\u00e8ge social \u00e0 Biedenkopf (Hesse).<br\/>A pourvoir \u00e0 temps plein. Le poste est \u00e0 dur\u00e9e ind\u00e9termin\u00e9e. <\/p>\n\n<h2 class=\"wp-block-heading\">Vos t\u00e2ches<\/h2>\n\n<p>En tant qu'employ\u00e9(e) de notre production, l'un des fleurons de notre entreprise est entre vos mains : Nos produits d'assainissement. Vous \u00eates responsable du respect fiable du plan de production et de l'ex\u00e9cution minutieuse de votre t\u00e2che. <\/p>\n\n<ul class=\"wp-block-list\">\n<li>Activit\u00e9s g\u00e9n\u00e9rales de production<\/li>\n\n\n\n<li>Remplissage de r\u00e9sines d'assainissement \/ Pr\u00e9paration de commandes<\/li>\n\n\n\n<li>Enroulement et mesure de liners et autres. Mat\u00e9riaux<\/li>\n\n\n\n<li>Pr\u00e9paration et suivi du travail<\/li>\n\n\n\n<li>Emballage et pr\u00e9paration de l'exp\u00e9dition des marchandises<\/li>\n<\/ul>\n\n<h2 class=\"wp-block-heading\">Ce que nous attendons de vous<\/h2>\n\n<ul class=\"wp-block-list\">\n<li>Permis de conduire un chariot \u00e9l\u00e9vateur est un avantage (mais peut \u00eatre acquis)<\/li>\n\n\n\n<li>Aimer le travail physique<\/li>\n\n\n\n<li>Motiv\u00e9(e) et consciencieux(se)<\/li>\n\n\n\n<li>Joueur d'\u00e9quipe fiable et flexible<\/li>\n<\/ul>\n\n<h2 class=\"wp-block-heading\">Ce que nous vous offrons<\/h2>\n\n<p>En plus de travailler avec une \u00e9quipe ouverte et amicale dans un secteur \u00e0 l'abri de la crise et \u00e0 forte valeur \u00e9cologique, nous vous offrons d'autres avantages :<\/p>\n\n<ul class=\"wp-block-list\">\n<li>Roue de l'emploi<\/li>\n\n\n\n<li>Possibilit\u00e9s de formation continue<\/li>\n\n\n\n<li>R\u00e9mun\u00e9ration au m\u00e9rite plus primes de No\u00ebl et de vacances<\/li>\n\n\n\n<li>30 jours de cong\u00e9 annuel<\/li>\n\n\n\n<li>Temps de travail fond\u00e9 sur la confiance<\/li>\n\n\n\n<li>La libert\u00e9 de suivre votre propre voie chez nous<\/li>\n\n\n\n<li>Humanit\u00e9 et ouverture d'esprit<\/li>\n\n\n\n<li>\u00c9v\u00e9nements du personnel<\/li>\n<\/ul>\n\n<p>Vous \u00eates int\u00e9ress\u00e9(e) et souhaitez faire plus ample connaissance avec notre \u00e9quipe ?<br\/>Alors posez votre candidature rapidement et facilement via notre formulaire de candidature.<br\/>N'h\u00e9sitez pas \u00e0 compl\u00e9ter le formulaire avec votre CV et une courte lettre de motivation au format PDF (vous pouvez t\u00e9l\u00e9charger jusqu'\u00e0 5 fichiers).<\/p>\n\n<h2 class=\"wp-block-heading\">Votre contact<\/h2>\n\n<p>Bodenbender GmbH<br\/>Christian Kunkel <br\/> jobs@bodenbender.com<\/p>\n    \r\n<!-- Start Job Features\r\n================================================== -->\r\n<div class=\"job-features\">\r\n            <h3>D\u00e9tails de l&#039;emploi<\/h3>\r\n    \r\n    <table class=\"table\">\r\n        <tbody>\r\n                            <div class='row'>\r\n                    <div class='col-md-3 col-sm-6'>\r\n                        <div class='sjb-title-value'>\r\n                            <h4><i class='fab fa-black-tie' aria-hidden='true'><\/i>Cat\u00e9gorie emploi<\/h4>\r\n                            <p>Unbefristet, Vollzeit<\/p>\r\n                        <\/div>\r\n                    <\/div>\r\n                        <\/tbody>\r\n    <\/table>\r\n\r\n<\/div>\r\n<!-- ==================================================\r\nEnd Job Features -->\r\n\r\n<div class=\"clearfix\"><\/div>\r\n<\/div>\r\n\r\n<div class=\"sjb-view-less-btn\" id=\"sjb_view_less_btn_13805\">\r\n    <a data-id=\"13805\" class=\"sjb_view_less_btn sjb_view_more_btn\">\r\n        Voir moins            \r\n    <\/a>\r\n<\/div>\r\n<!-- ==================================================\r\nView long content end  -->\r\n\r\n    <!-- View more content end\r\n    ================================= -->\r\n\r\n    <!-- Start Job Short Description \r\n    ================================================== -->\r\n    <div class=\"job-description-list\">\r\n        <div id=\"sjb_less_content_13805\"><p>Nous recherchons \u00e0 partir du 01\/09\/2025 un agent de production (m\/f) pour notre si\u00e8ge social \u00e0 Biedenkopf (Hesse).A pourvoir \u00e0 [&hellip;]<\/p><\/div>    <\/div>\r\n    <!-- ==================================================\r\n    End Job Short Description  -->\r\n\r\n        <\/div>\r\n<\/div>\r\n<!-- ==================================================\r\nEnd Jobs List View -->\r\n\r\n<div class=\"clearfix\"><\/div>\r\n\r\n\r\n    <\/div> <!-- end Jobs Listing: List View -->\r\n<\/div>\r\n<!-- End: Jobs Listing -->\r\n\r\n<div class=\"clearfix\"><\/div>\r\n<\/div>\r\n<!-- End: Jobs Listing Wrapper -->\r\n\r\n<\/div>\n\t\t\t\t\t\t<\/div>\n\t\t\t\t<\/div>\n\t\t\t\t\t<\/div>\n\t\t\t\t<\/div>\n\t\t\t\t<\/div>\n\t\t","protected":false},"excerpt":{"rendered":"<p>Archives des emplois Opportunit\u00e9s de carri\u00e8re dans une entreprise innovante et familiale. Rejoignez notre \u00e9quipe et construisez avec nous l&rsquo;avenir [&hellip;]<\/p>\n","protected":false},"author":1,"featured_media":0,"parent":0,"menu_order":0,"comment_status":"closed","ping_status":"closed","template":"elementor_theme","meta":{"site-sidebar-layout":"no-sidebar","site-content-layout":"","ast-site-content-layout":"full-width-container","site-content-style":"default","site-sidebar-style":"default","ast-global-header-display":"","ast-banner-title-visibility":"","ast-main-header-display":"","ast-hfb-above-header-display":"","ast-hfb-below-header-display":"","ast-hfb-mobile-header-display":"","site-post-title":"disabled","ast-breadcrumbs-content":"","ast-featured-img":"disabled","footer-sml-layout":"","ast-disable-related-posts":"","theme-transparent-header-meta":"","adv-header-id-meta":"","stick-header-meta":"","header-above-stick-meta":"","header-main-stick-meta":"","header-below-stick-meta":"","astra-migrate-meta-layouts":"default","ast-page-background-enabled":"default","ast-page-background-meta":{"desktop":{"background-color":"var(--ast-global-color-4)","background-image":"","background-repeat":"repeat","background-position":"center center","background-size":"auto","background-attachment":"scroll","background-type":"","background-media":"","overlay-type":"","overlay-color":"","overlay-opacity":"","overlay-gradient":""},"tablet":{"background-color":"","background-image":"","background-repeat":"repeat","background-position":"center center","background-size":"auto","background-attachment":"scroll","background-type":"","background-media":"","overlay-type":"","overlay-color":"","overlay-opacity":"","overlay-gradient":""},"mobile":{"background-color":"","background-image":"","background-repeat":"repeat","background-position":"center center","background-size":"auto","background-attachment":"scroll","background-type":"","background-media":"","overlay-type":"","overlay-color":"","overlay-opacity":"","overlay-gradient":""}},"ast-content-background-meta":{"desktop":{"background-color":"var(--ast-global-color-5)","background-image":"","background-repeat":"repeat","background-position":"center center","background-size":"auto","background-attachment":"scroll","background-type":"","background-media":"","overlay-type":"","overlay-color":"","overlay-opacity":"","overlay-gradient":""},"tablet":{"background-color":"var(--ast-global-color-5)","background-image":"","background-repeat":"repeat","background-position":"center center","background-size":"auto","background-attachment":"scroll","background-type":"","background-media":"","overlay-type":"","overlay-color":"","overlay-opacity":"","overlay-gradient":""},"mobile":{"background-color":"var(--ast-global-color-5)","background-image":"","background-repeat":"repeat","background-position":"center center","background-size":"auto","background-attachment":"scroll","background-type":"","background-media":"","overlay-type":"","overlay-color":"","overlay-opacity":"","overlay-gradient":""}},"footnotes":""},"class_list":["post-12980","page","type-page","status-publish","hentry"],"_links":{"self":[{"href":"https:\/\/bodenbender.com\/fr\/wp-json\/wp\/v2\/pages\/12980","targetHints":{"allow":["GET"]}}],"collection":[{"href":"https:\/\/bodenbender.com\/fr\/wp-json\/wp\/v2\/pages"}],"about":[{"href":"https:\/\/bodenbender.com\/fr\/wp-json\/wp\/v2\/types\/page"}],"author":[{"embeddable":true,"href":"https:\/\/bodenbender.com\/fr\/wp-json\/wp\/v2\/users\/1"}],"replies":[{"embeddable":true,"href":"https:\/\/bodenbender.com\/fr\/wp-json\/wp\/v2\/comments?post=12980"}],"version-history":[{"count":1,"href":"https:\/\/bodenbender.com\/fr\/wp-json\/wp\/v2\/pages\/12980\/revisions"}],"predecessor-version":[{"id":12982,"href":"https:\/\/bodenbender.com\/fr\/wp-json\/wp\/v2\/pages\/12980\/revisions\/12982"}],"wp:attachment":[{"href":"https:\/\/bodenbender.com\/fr\/wp-json\/wp\/v2\/media?parent=12980"}],"curies":[{"name":"wp","href":"https:\/\/api.w.org\/{rel}","templated":true}]}}