{"id":12951,"date":"2025-04-29T10:13:51","date_gmt":"2025-04-29T08:13:51","guid":{"rendered":"https:\/\/bodenbender.com\/monde-du-travail\/"},"modified":"2025-05-14T13:52:05","modified_gmt":"2025-05-14T11:52:05","slug":"monde-du-travail","status":"publish","type":"page","link":"https:\/\/bodenbender.com\/fr\/societe\/notre-responsabilite\/monde-du-travail\/","title":{"rendered":"Monde du travail"},"content":{"rendered":"\t\t<div data-elementor-type=\"wp-page\" data-elementor-id=\"12951\" class=\"elementor elementor-12951 elementor-10190\" data-elementor-post-type=\"page\">\n\t\t\t\t<div class=\"elementor-element elementor-element-344dac0b e-flex e-con-boxed e-con e-parent\" data-id=\"344dac0b\" data-element_type=\"container\" data-e-type=\"container\" data-settings=\"{&quot;background_background&quot;:&quot;classic&quot;}\">\n\t\t\t\t\t<div class=\"e-con-inner\">\n\t\t<div class=\"elementor-element elementor-element-668625b6 e-con-full e-flex e-con e-child\" data-id=\"668625b6\" data-element_type=\"container\" data-e-type=\"container\">\n\t\t\t\t<div class=\"elementor-element elementor-element-22e438e8 elementor-widget elementor-widget-image\" data-id=\"22e438e8\" data-element_type=\"widget\" data-e-type=\"widget\" data-widget_type=\"image.default\">\n\t\t\t\t<div class=\"elementor-widget-container\">\n\t\t\t\t\t\t\t\t\t\t\t\t\t\t\t<img fetchpriority=\"high\" decoding=\"async\" width=\"1024\" height=\"795\" src=\"https:\/\/bodenbender.com\/wp-content\/uploads\/2024\/12\/arbeitswelt_klein-1024x795.jpg\" class=\"attachment-large size-large wp-image-2712\" alt=\"Hand die auf Bodenbender Flex-Liner Aufkleber zeigt.\" srcset=\"https:\/\/bodenbender.com\/wp-content\/uploads\/2024\/12\/arbeitswelt_klein-1024x795.jpg 1024w, https:\/\/bodenbender.com\/wp-content\/uploads\/2024\/12\/arbeitswelt_klein-300x233.jpg 300w, https:\/\/bodenbender.com\/wp-content\/uploads\/2024\/12\/arbeitswelt_klein-768x596.jpg 768w, https:\/\/bodenbender.com\/wp-content\/uploads\/2024\/12\/arbeitswelt_klein.jpg 1080w\" sizes=\"(max-width: 1024px) 100vw, 1024px\" \/>\t\t\t\t\t\t\t\t\t\t\t\t\t\t\t<\/div>\n\t\t\t\t<\/div>\n\t\t\t\t<\/div>\n\t\t<div class=\"elementor-element elementor-element-add266 e-con-full e-flex e-con e-child\" data-id=\"add266\" data-element_type=\"container\" data-e-type=\"container\">\n\t\t\t\t<div class=\"elementor-element elementor-element-1a75a96a elementor-widget elementor-widget-heading\" data-id=\"1a75a96a\" data-element_type=\"widget\" data-e-type=\"widget\" data-widget_type=\"heading.default\">\n\t\t\t\t<div class=\"elementor-widget-container\">\n\t\t\t\t\t<h1 class=\"elementor-heading-title elementor-size-default\">Monde du travail<\/h1>\t\t\t\t<\/div>\n\t\t\t\t<\/div>\n\t\t\t\t<div class=\"elementor-element elementor-element-476dfd99 elementor-widget__width-auto elementor-widget elementor-widget-text-editor\" data-id=\"476dfd99\" data-element_type=\"widget\" data-e-type=\"widget\" data-widget_type=\"text-editor.default\">\n\t\t\t\t<div class=\"elementor-widget-container\">\n\t\t\t\t\t\t\t\t\t<div class=\"et_pb_column et_pb_column_4_4 et_pb_column_0 et_pb_css_mix_blend_mode_passthrough et-last-child\"><div class=\"et_pb_module et_pb_text et_pb_text_0 et_pb_text_align_left et_pb_bg_layout_light et_multi_view__hover_selector et_multi_view__hovered\"><div class=\"et_pb_text_inner\" data-et-multi-view=\"{\"schema\":{\"content\":{\"desktop\":\"&lt;encoded_tag_open \/&gt;h2&lt;encoded_tag_closed \/&gt;&lt;encoded_tag_open \/&gt;span style=\\\"color: #0062a4;\\\"&lt;encoded_tag_closed \/&gt;Stetige Weiterentwicklung f\\u00fcr eine zukunftsf\\u00e4hige Umwelt.\\u00a0&lt;encoded_tag_open \/&gt;\\\/span&lt;encoded_tag_closed \/&gt;&lt;encoded_tag_open \/&gt;\\\/h2&lt;encoded_tag_closed \/&gt;\",\"tablet\":\"&lt;encoded_tag_open \/&gt;h2&lt;encoded_tag_closed \/&gt;&lt;encoded_tag_open \/&gt;span style=\\\"color: #0062a4;\\\"&lt;encoded_tag_closed \/&gt;Lorem Ipsum&lt;encoded_tag_open \/&gt;\\\/span&lt;encoded_tag_closed \/&gt;&lt;encoded_tag_open \/&gt;\\\/h2&lt;encoded_tag_closed \/&gt;\"}},\"slug\":\"et_pb_text\"}\" data-et-multi-view-load-tablet-hidden=\"true\"><div class=\"et_pb_column et_pb_column_4_4 et_pb_column_0 et_pb_css_mix_blend_mode_passthrough et-last-child\"><div class=\"et_pb_module et_pb_text et_pb_text_0 et_pb_text_align_left et_pb_bg_layout_light et_multi_view__hover_selector et_multi_view__hovered\"><div class=\"et_pb_text_inner\" data-et-multi-view=\"{\"schema\":{\"content\":{\"desktop\":\"&lt;encoded_tag_open \/&gt;h2&lt;encoded_tag_closed \/&gt;&lt;encoded_tag_open \/&gt;span style=\\\"color: #0062a4;\\\"&lt;encoded_tag_closed \/&gt;Unser Ziel:&lt;encoded_tag_open \/&gt;br \\\/&lt;encoded_tag_closed \/&gt;\\nEin attraktives, f\\u00f6rderndes und faires Arbeitsumfeld schaffen!&lt;encoded_tag_open \/&gt;\\\/span&lt;encoded_tag_closed \/&gt;&lt;encoded_tag_open \/&gt;\\\/h2&lt;encoded_tag_closed \/&gt;\",\"tablet\":\"&lt;encoded_tag_open \/&gt;h2&lt;encoded_tag_closed \/&gt;Unser Ziel: Ein attraktives, f\\u00f6rderndes und faires Arbeitsumfeld schaffen!&lt;encoded_tag_open \/&gt;\\\/h2&lt;encoded_tag_closed \/&gt;\"}},\"slug\":\"et_pb_text\"}\" data-et-multi-view-load-tablet-hidden=\"true\"><p><strong>Notre objectif : cr\u00e9er un environnement de travail attractif, encourageant et \u00e9quitable !<\/strong><\/p><\/div><\/div><\/div><\/div><\/div><\/div>\t\t\t\t\t\t\t\t<\/div>\n\t\t\t\t<\/div>\n\t\t\t\t<\/div>\n\t\t\t\t\t<\/div>\n\t\t\t\t<\/div>\n\t\t<div class=\"elementor-element elementor-element-40ae86ab e-flex e-con-boxed e-con e-parent\" data-id=\"40ae86ab\" data-element_type=\"container\" data-e-type=\"container\">\n\t\t\t\t\t<div class=\"e-con-inner\">\n\t\t<div class=\"elementor-element elementor-element-1bf6e5f7 e-con-full e-flex e-con e-child\" data-id=\"1bf6e5f7\" data-element_type=\"container\" data-e-type=\"container\">\n\t\t\t\t<div class=\"elementor-element elementor-element-5bbd5d5 elementor-widget elementor-widget-image\" data-id=\"5bbd5d5\" data-element_type=\"widget\" data-e-type=\"widget\" data-widget_type=\"image.default\">\n\t\t\t\t<div class=\"elementor-widget-container\">\n\t\t\t\t\t\t\t\t\t\t\t\t\t\t\t<img decoding=\"async\" width=\"1024\" height=\"250\" src=\"https:\/\/bodenbender.com\/wp-content\/uploads\/2025\/04\/Reihe-1024x250.png\" class=\"attachment-large size-large wp-image-10225\" alt=\"\" srcset=\"https:\/\/bodenbender.com\/wp-content\/uploads\/2025\/04\/Reihe-1024x250.png 1024w, https:\/\/bodenbender.com\/wp-content\/uploads\/2025\/04\/Reihe-300x73.png 300w, https:\/\/bodenbender.com\/wp-content\/uploads\/2025\/04\/Reihe-768x187.png 768w, https:\/\/bodenbender.com\/wp-content\/uploads\/2025\/04\/Reihe-1536x375.png 1536w, https:\/\/bodenbender.com\/wp-content\/uploads\/2025\/04\/Reihe-2048x500.png 2048w\" sizes=\"(max-width: 1024px) 100vw, 1024px\" \/>\t\t\t\t\t\t\t\t\t\t\t\t\t\t\t<\/div>\n\t\t\t\t<\/div>\n\t\t\t\t<div class=\"elementor-element elementor-element-d14a863 elementor-icon-list--layout-traditional elementor-list-item-link-full_width elementor-widget elementor-widget-icon-list\" data-id=\"d14a863\" data-element_type=\"widget\" data-e-type=\"widget\" data-widget_type=\"icon-list.default\">\n\t\t\t\t<div class=\"elementor-widget-container\">\n\t\t\t\t\t\t\t<ul class=\"elementor-icon-list-items\">\n\t\t\t\t\t\t\t<li class=\"elementor-icon-list-item\">\n\t\t\t\t\t\t\t\t\t\t\t<span class=\"elementor-icon-list-icon\">\n\t\t\t\t\t\t\t<svg aria-hidden=\"true\" class=\"e-font-icon-svg e-fas-check\" viewBox=\"0 0 512 512\" xmlns=\"http:\/\/www.w3.org\/2000\/svg\"><path d=\"M173.898 439.404l-166.4-166.4c-9.997-9.997-9.997-26.206 0-36.204l36.203-36.204c9.997-9.998 26.207-9.998 36.204 0L192 312.69 432.095 72.596c9.997-9.997 26.207-9.997 36.204 0l36.203 36.204c9.997 9.997 9.997 26.206 0 36.204l-294.4 294.401c-9.998 9.997-26.207 9.997-36.204-.001z\"><\/path><\/svg>\t\t\t\t\t\t<\/span>\n\t\t\t\t\t\t\t\t\t\t<span class=\"elementor-icon-list-text\">  Pour promouvoir la sant\u00e9, nous misons sur l'activit\u00e9 physique. Tous nos employ\u00e9s sont \u00e9quip\u00e9s d'un Job-Bike s'ils le souhaitent. Cela nous permet en outre de r\u00e9duire les trajets en voiture pour se rendre au travail !  <\/span>\n\t\t\t\t\t\t\t\t\t<\/li>\n\t\t\t\t\t\t\t\t<li class=\"elementor-icon-list-item\">\n\t\t\t\t\t\t\t\t\t\t\t<span class=\"elementor-icon-list-icon\">\n\t\t\t\t\t\t\t<svg aria-hidden=\"true\" class=\"e-font-icon-svg e-fas-check\" viewBox=\"0 0 512 512\" xmlns=\"http:\/\/www.w3.org\/2000\/svg\"><path d=\"M173.898 439.404l-166.4-166.4c-9.997-9.997-9.997-26.206 0-36.204l36.203-36.204c9.997-9.998 26.207-9.998 36.204 0L192 312.69 432.095 72.596c9.997-9.997 26.207-9.997 36.204 0l36.203 36.204c9.997 9.997 9.997 26.206 0 36.204l-294.4 294.401c-9.998 9.997-26.207 9.997-36.204-.001z\"><\/path><\/svg>\t\t\t\t\t\t<\/span>\n\t\t\t\t\t\t\t\t\t\t<span class=\"elementor-icon-list-text\">Afin d'\u00e9viter les accidents du travail et de manipuler les produits chimiques en toute s\u00e9curit\u00e9, tous nos employ\u00e9s disposent d'\u00e9quipements de protection.<\/span>\n\t\t\t\t\t\t\t\t\t<\/li>\n\t\t\t\t\t\t\t\t<li class=\"elementor-icon-list-item\">\n\t\t\t\t\t\t\t\t\t\t\t<span class=\"elementor-icon-list-icon\">\n\t\t\t\t\t\t\t<svg aria-hidden=\"true\" class=\"e-font-icon-svg e-fas-check\" viewBox=\"0 0 512 512\" xmlns=\"http:\/\/www.w3.org\/2000\/svg\"><path d=\"M173.898 439.404l-166.4-166.4c-9.997-9.997-9.997-26.206 0-36.204l36.203-36.204c9.997-9.998 26.207-9.998 36.204 0L192 312.69 432.095 72.596c9.997-9.997 26.207-9.997 36.204 0l36.203 36.204c9.997 9.997 9.997 26.206 0 36.204l-294.4 294.401c-9.998 9.997-26.207 9.997-36.204-.001z\"><\/path><\/svg>\t\t\t\t\t\t<\/span>\n\t\t\t\t\t\t\t\t\t\t<span class=\"elementor-icon-list-text\">Les postes de travail sont \u00e9quip\u00e9s en fonction des besoins individuels (par exemple, \u00e9crans sur\u00e9lev\u00e9s, \u00e9clairage suffisant et syst\u00e8mes ergonomiques).<\/span>\n\t\t\t\t\t\t\t\t\t<\/li>\n\t\t\t\t\t\t\t\t<li class=\"elementor-icon-list-item\">\n\t\t\t\t\t\t\t\t\t\t\t<span class=\"elementor-icon-list-icon\">\n\t\t\t\t\t\t\t<svg aria-hidden=\"true\" class=\"e-font-icon-svg e-fas-check\" viewBox=\"0 0 512 512\" xmlns=\"http:\/\/www.w3.org\/2000\/svg\"><path d=\"M173.898 439.404l-166.4-166.4c-9.997-9.997-9.997-26.206 0-36.204l36.203-36.204c9.997-9.998 26.207-9.998 36.204 0L192 312.69 432.095 72.596c9.997-9.997 26.207-9.997 36.204 0l36.203 36.204c9.997 9.997 9.997 26.206 0 36.204l-294.4 294.401c-9.998 9.997-26.207 9.997-36.204-.001z\"><\/path><\/svg>\t\t\t\t\t\t<\/span>\n\t\t\t\t\t\t\t\t\t\t<span class=\"elementor-icon-list-text\">Nous mettons gratuitement \u00e0 la disposition de nos employ\u00e9s de l'eau, du caf\u00e9 et un repas commun hebdomadaire.<\/span>\n\t\t\t\t\t\t\t\t\t<\/li>\n\t\t\t\t\t\t<\/ul>\n\t\t\t\t\t\t<\/div>\n\t\t\t\t<\/div>\n\t\t\t\t<div class=\"elementor-element elementor-element-78f300e elementor-widget elementor-widget-heading\" data-id=\"78f300e\" data-element_type=\"widget\" data-e-type=\"widget\" data-widget_type=\"heading.default\">\n\t\t\t\t<div class=\"elementor-widget-container\">\n\t\t\t\t\t<h2 class=\"elementor-heading-title elementor-size-default\">Conciliation de la vie professionnelle et de la vie familiale<\/h2>\t\t\t\t<\/div>\n\t\t\t\t<\/div>\n\t\t\t\t<div class=\"elementor-element elementor-element-15c008fa elementor-widget__width-auto elementor-widget elementor-widget-text-editor\" data-id=\"15c008fa\" data-element_type=\"widget\" data-e-type=\"widget\" data-widget_type=\"text-editor.default\">\n\t\t\t\t<div class=\"elementor-widget-container\">\n\t\t\t\t\t\t\t\t\t<div class=\"et_pb_module et_pb_text et_pb_text_1 et_pb_text_align_left et_pb_bg_layout_light\"><div class=\"et_pb_text_inner\"><div class=\"et_pb_module et_pb_text et_pb_text_2 et_pb_text_align_left et_pb_bg_layout_light\"><div class=\"et_pb_module et_pb_text et_pb_text_2 et_pb_text_align_left et_pb_bg_layout_light\"><div class=\"et_pb_row et_pb_row_2\"><div class=\"et_pb_column et_pb_column_4_4 et_pb_column_5 et_pb_css_mix_blend_mode_passthrough et-last-child\"><div class=\"et_pb_module et_pb_text et_pb_text_7 et_pb_text_align_left et_pb_bg_layout_light\"><div class=\"et_pb_text_inner\"><p>La famille fait partie int\u00e9grante de notre travail quotidien. Nous favorisons la conciliation de la vie professionnelle et de la vie familiale en adaptant individuellement les horaires de travail et en proposant des solutions \u00ab\u00a0au pied lev\u00e9\u00a0\u00bb lorsque les choses doivent aller vite.<br>Nous d\u00e9veloppons en outre nos possibilit\u00e9s de bureau mobile afin de permettre un travail encore plus flexible. <\/p><\/div><\/div><\/div><\/div><\/div><\/div><\/div><\/div>\t\t\t\t\t\t\t\t<\/div>\n\t\t\t\t<\/div>\n\t\t\t\t<div class=\"elementor-element elementor-element-a1c0665 elementor-widget elementor-widget-heading\" data-id=\"a1c0665\" data-element_type=\"widget\" data-e-type=\"widget\" data-widget_type=\"heading.default\">\n\t\t\t\t<div class=\"elementor-widget-container\">\n\t\t\t\t\t<h2 class=\"elementor-heading-title elementor-size-default\">Responsabilit\u00e9 et d\u00e9veloppement<\/h2>\t\t\t\t<\/div>\n\t\t\t\t<\/div>\n\t\t\t\t<div class=\"elementor-element elementor-element-497ddff4 elementor-widget elementor-widget-text-editor\" data-id=\"497ddff4\" data-element_type=\"widget\" data-e-type=\"widget\" data-widget_type=\"text-editor.default\">\n\t\t\t\t<div class=\"elementor-widget-container\">\n\t\t\t\t\t\t\t\t\t<p>Nous encourageons nos collaborateurs \u00e0 prendre conscience de leurs responsabilit\u00e9s vis-\u00e0-vis d&rsquo;eux-m\u00eames, de leurs coll\u00e8gues et de l&rsquo;entreprise. Des voies d\u00e9cisionnelles courtes et des hi\u00e9rarchies plates permettent de travailler de mani\u00e8re autonome. <\/p><p>Si n\u00e9cessaire, tous les employ\u00e9s ont la possibilit\u00e9 de suivre une formation continue. Des ateliers internes sur diff\u00e9rents th\u00e8mes (sp\u00e9cialis\u00e9s ou non) sont \u00e9galement de plus en plus int\u00e9gr\u00e9s actuellement. <\/p>\t\t\t\t\t\t\t\t<\/div>\n\t\t\t\t<\/div>\n\t\t\t\t<div class=\"elementor-element elementor-element-294806a elementor-widget elementor-widget-heading\" data-id=\"294806a\" data-element_type=\"widget\" data-e-type=\"widget\" data-widget_type=\"heading.default\">\n\t\t\t\t<div class=\"elementor-widget-container\">\n\t\t\t\t\t<h2 class=\"elementor-heading-title elementor-size-default\">Communication ouverte<\/h2>\t\t\t\t<\/div>\n\t\t\t\t<\/div>\n\t\t\t\t<div class=\"elementor-element elementor-element-dc7e214 elementor-widget elementor-widget-text-editor\" data-id=\"dc7e214\" data-element_type=\"widget\" data-e-type=\"widget\" data-widget_type=\"text-editor.default\">\n\t\t\t\t<div class=\"elementor-widget-container\">\n\t\t\t\t\t\t\t\t\t<ul><li>Les changements et projets \u00e0 venir sont pr\u00e9sent\u00e9s lors de r\u00e9unions r\u00e9guli\u00e8res et l&rsquo;avis et les suggestions de l&rsquo;\u00e9quipe sont sollicit\u00e9s.<\/li><li>Les suggestions d&rsquo;am\u00e9lioration sont les bienvenues et (si possible) directement mises en \u0153uvre.<\/li><li>Les \u00e9v\u00e9nements d&rsquo;\u00e9quipe et les sorties d&rsquo;entreprise contribuent \u00e0 une communication ouverte, m\u00eame en dehors du contexte professionnel.<\/li><\/ul>\t\t\t\t\t\t\t\t<\/div>\n\t\t\t\t<\/div>\n\t\t\t\t<\/div>\n\t\t<div class=\"elementor-element elementor-element-677b9838 e-con-full e-flex e-con e-child\" data-id=\"677b9838\" data-element_type=\"container\" data-e-type=\"container\">\n\t\t\t\t<div class=\"elementor-element elementor-element-33b8d2b9 elementor-widget elementor-widget-text-editor\" data-id=\"33b8d2b9\" data-element_type=\"widget\" data-e-type=\"widget\" data-widget_type=\"text-editor.default\">\n\t\t\t\t<div class=\"elementor-widget-container\">\n\t\t\t\t\t\t\t\t\t<p><strong>Vous avez des questions ?<br><\/strong><\/p>\t\t\t\t\t\t\t\t<\/div>\n\t\t\t\t<\/div>\n\t\t\t\t<div class=\"elementor-element elementor-element-b6ee0be elementor-widget elementor-widget-image\" data-id=\"b6ee0be\" data-element_type=\"widget\" data-e-type=\"widget\" data-widget_type=\"image.default\">\n\t\t\t\t<div class=\"elementor-widget-container\">\n\t\t\t\t\t\t\t\t\t\t\t\t\t\t\t<img decoding=\"async\" width=\"1024\" height=\"682\" src=\"https:\/\/bodenbender.com\/wp-content\/uploads\/2024\/12\/christian_kunkel-1-1024x682.jpg\" class=\"attachment-large size-large wp-image-2285\" alt=\"Foto Portrait von Christian Kunkel.\" srcset=\"https:\/\/bodenbender.com\/wp-content\/uploads\/2024\/12\/christian_kunkel-1-1024x682.jpg 1024w, https:\/\/bodenbender.com\/wp-content\/uploads\/2024\/12\/christian_kunkel-1-300x200.jpg 300w, https:\/\/bodenbender.com\/wp-content\/uploads\/2024\/12\/christian_kunkel-1-768x512.jpg 768w, https:\/\/bodenbender.com\/wp-content\/uploads\/2024\/12\/christian_kunkel-1.jpg 1181w\" sizes=\"(max-width: 1024px) 100vw, 1024px\" \/>\t\t\t\t\t\t\t\t\t\t\t\t\t\t\t<\/div>\n\t\t\t\t<\/div>\n\t\t\t\t<div class=\"elementor-element elementor-element-4350199a elementor-widget elementor-widget-text-editor\" data-id=\"4350199a\" data-element_type=\"widget\" data-e-type=\"widget\" data-widget_type=\"text-editor.default\">\n\t\t\t\t<div class=\"elementor-widget-container\">\n\t\t\t\t\t\t\t\t\t<p><strong>Christian Kunkel<\/strong><\/p><p>Directeur g\u00e9n\u00e9ral<\/p><p><a href=\"tel:0049646198520\">+49 6461 98520<\/a><\/p><p><a href=\"mailto:christian.kunkel@bodenbender.com\" target=\"_blank\" rel=\"noopener\">christian.kunkel@bodenbender.com<\/a><\/p>\t\t\t\t\t\t\t\t<\/div>\n\t\t\t\t<\/div>\n\t\t\t\t<div class=\"elementor-element elementor-element-115769dd elementor-widget elementor-widget-spacer\" data-id=\"115769dd\" data-element_type=\"widget\" data-e-type=\"widget\" data-widget_type=\"spacer.default\">\n\t\t\t\t<div class=\"elementor-widget-container\">\n\t\t\t\t\t\t\t<div class=\"elementor-spacer\">\n\t\t\t<div class=\"elementor-spacer-inner\"><\/div>\n\t\t<\/div>\n\t\t\t\t\t\t<\/div>\n\t\t\t\t<\/div>\n\t\t\t\t<\/div>\n\t\t\t\t\t<\/div>\n\t\t\t\t<\/div>\n\t\t\t\t<\/div>\n\t\t","protected":false},"excerpt":{"rendered":"<p>Notre objectif : cr\u00e9er un environnement de travail attractif, encourageant et \u00e9quitable ! Pour promouvoir la sant\u00e9, nous misons sur [&hellip;]<\/p>\n","protected":false},"author":1,"featured_media":2712,"parent":12984,"menu_order":0,"comment_status":"closed","ping_status":"closed","template":"","meta":{"site-sidebar-layout":"no-sidebar","site-content-layout":"","ast-site-content-layout":"full-width-container","site-content-style":"default","site-sidebar-style":"default","ast-global-header-display":"","ast-banner-title-visibility":"","ast-main-header-display":"","ast-hfb-above-header-display":"","ast-hfb-below-header-display":"","ast-hfb-mobile-header-display":"","site-post-title":"disabled","ast-breadcrumbs-content":"","ast-featured-img":"disabled","footer-sml-layout":"","ast-disable-related-posts":"","theme-transparent-header-meta":"","adv-header-id-meta":"","stick-header-meta":"","header-above-stick-meta":"","header-main-stick-meta":"","header-below-stick-meta":"","astra-migrate-meta-layouts":"default","ast-page-background-enabled":"default","ast-page-background-meta":{"desktop":{"background-color":"var(--ast-global-color-4)","background-image":"","background-repeat":"repeat","background-position":"center center","background-size":"auto","background-attachment":"scroll","background-type":"","background-media":"","overlay-type":"","overlay-color":"","overlay-opacity":"","overlay-gradient":""},"tablet":{"background-color":"","background-image":"","background-repeat":"repeat","background-position":"center center","background-size":"auto","background-attachment":"scroll","background-type":"","background-media":"","overlay-type":"","overlay-color":"","overlay-opacity":"","overlay-gradient":""},"mobile":{"background-color":"","background-image":"","background-repeat":"repeat","background-position":"center center","background-size":"auto","background-attachment":"scroll","background-type":"","background-media":"","overlay-type":"","overlay-color":"","overlay-opacity":"","overlay-gradient":""}},"ast-content-background-meta":{"desktop":{"background-color":"var(--ast-global-color-5)","background-image":"","background-repeat":"repeat","background-position":"center center","background-size":"auto","background-attachment":"scroll","background-type":"","background-media":"","overlay-type":"","overlay-color":"","overlay-opacity":"","overlay-gradient":""},"tablet":{"background-color":"var(--ast-global-color-5)","background-image":"","background-repeat":"repeat","background-position":"center center","background-size":"auto","background-attachment":"scroll","background-type":"","background-media":"","overlay-type":"","overlay-color":"","overlay-opacity":"","overlay-gradient":""},"mobile":{"background-color":"var(--ast-global-color-5)","background-image":"","background-repeat":"repeat","background-position":"center center","background-size":"auto","background-attachment":"scroll","background-type":"","background-media":"","overlay-type":"","overlay-color":"","overlay-opacity":"","overlay-gradient":""}},"footnotes":""},"class_list":["post-12951","page","type-page","status-publish","has-post-thumbnail","hentry"],"_links":{"self":[{"href":"https:\/\/bodenbender.com\/fr\/wp-json\/wp\/v2\/pages\/12951","targetHints":{"allow":["GET"]}}],"collection":[{"href":"https:\/\/bodenbender.com\/fr\/wp-json\/wp\/v2\/pages"}],"about":[{"href":"https:\/\/bodenbender.com\/fr\/wp-json\/wp\/v2\/types\/page"}],"author":[{"embeddable":true,"href":"https:\/\/bodenbender.com\/fr\/wp-json\/wp\/v2\/users\/1"}],"replies":[{"embeddable":true,"href":"https:\/\/bodenbender.com\/fr\/wp-json\/wp\/v2\/comments?post=12951"}],"version-history":[{"count":1,"href":"https:\/\/bodenbender.com\/fr\/wp-json\/wp\/v2\/pages\/12951\/revisions"}],"predecessor-version":[{"id":12955,"href":"https:\/\/bodenbender.com\/fr\/wp-json\/wp\/v2\/pages\/12951\/revisions\/12955"}],"up":[{"embeddable":true,"href":"https:\/\/bodenbender.com\/fr\/wp-json\/wp\/v2\/pages\/12984"}],"wp:featuredmedia":[{"embeddable":true,"href":"https:\/\/bodenbender.com\/fr\/wp-json\/wp\/v2\/media\/2712"}],"wp:attachment":[{"href":"https:\/\/bodenbender.com\/fr\/wp-json\/wp\/v2\/media?parent=12951"}],"curies":[{"name":"wp","href":"https:\/\/api.w.org\/{rel}","templated":true}]}}