{"id":12810,"date":"2025-04-03T17:08:44","date_gmt":"2025-04-03T15:08:44","guid":{"rendered":"https:\/\/bodenbender.com\/mentions-legales\/"},"modified":"2025-05-14T15:56:05","modified_gmt":"2025-05-14T13:56:05","slug":"mentions-legales","status":"publish","type":"page","link":"https:\/\/bodenbender.com\/fr\/mentions-legales\/","title":{"rendered":"Mentions l\u00e9gales"},"content":{"rendered":"\t\t<div data-elementor-type=\"wp-page\" data-elementor-id=\"12810\" class=\"elementor elementor-12810 elementor-9871\" data-elementor-post-type=\"page\">\n\t\t\t\t<div class=\"elementor-element elementor-element-8500d94 e-flex e-con-boxed e-con e-parent\" data-id=\"8500d94\" data-element_type=\"container\" data-e-type=\"container\">\n\t\t\t\t\t<div class=\"e-con-inner\">\n\t\t<div class=\"elementor-element elementor-element-151c13b e-con-full e-flex e-con e-child\" data-id=\"151c13b\" data-element_type=\"container\" data-e-type=\"container\">\n\t\t\t\t<div class=\"elementor-element elementor-element-a101f5d elementor-widget elementor-widget-heading\" data-id=\"a101f5d\" data-element_type=\"widget\" data-e-type=\"widget\" data-widget_type=\"heading.default\">\n\t\t\t\t<div class=\"elementor-widget-container\">\n\t\t\t\t\t<h1 class=\"elementor-heading-title elementor-size-default\">Mentions l\u00e9gales<\/h1>\t\t\t\t<\/div>\n\t\t\t\t<\/div>\n\t\t\t\t<\/div>\n\t\t\t\t\t<\/div>\n\t\t\t\t<\/div>\n\t\t<div class=\"elementor-element elementor-element-d15154c e-flex e-con-boxed e-con e-parent\" data-id=\"d15154c\" data-element_type=\"container\" data-e-type=\"container\">\n\t\t\t\t\t<div class=\"e-con-inner\">\n\t\t\t\t<div class=\"elementor-element elementor-element-b5668c4 elementor-widget elementor-widget-erecht24\" data-id=\"b5668c4\" data-element_type=\"widget\" data-e-type=\"widget\" data-widget_type=\"erecht24.default\">\n\t\t\t\t<div class=\"elementor-widget-container\">\n\t\t\t\t\t<div class=\"erecht24-elementor-widget\"><div style=\"word-wrap: break-word;\">\n\n<p>Bodenbender GmbH<br \/>\nGoldbergstra&szlig;e 13<br \/>\n35216 Biedenkopf<\/p>\n\n<p>Handelsregister: Amtsgericht Marburg<br \/>\nRegistergericht: HRB 2873<\/p>\n\n<p><strong>Vertreten durch:<\/strong><br \/>\nAndrea Bodenbender<br \/>\r\nChristian Kunkel<br \/>\r\nJonas Bodenbender<\/p>\n\n<h2>Kontakt<\/h2>\n<p>Telefon: 06461 9852 &ndash; 0<br \/>\nE-Mail: info@bodenbender.com<\/p>\n\n<h2>Umsatzsteuer-ID<\/h2>\n<p>Umsatzsteuer-Identifikationsnummer gem&auml;&szlig; &sect; 27 a Umsatzsteuergesetz:<br \/>\nDE112599495<\/p>\n\n<h2>EU-Streitschlichtung<\/h2>\n<p>Die Europ&auml;ische Kommission stellt eine Plattform zur Online-Streitbeilegung (OS) bereit: <a href=\"https:\/\/ec.europa.eu\/consumers\/odr\/\" target=\"_blank\" rel=\"noopener noreferrer\">https:\/\/ec.europa.eu\/consumers\/odr\/<\/a>.<br \/> Unsere E-Mail-Adresse finden Sie oben im Impressum.<\/p>\n\n<h2>Verbraucher&shy;streit&shy;beilegung\/Universal&shy;schlichtungs&shy;stelle<\/h2>\n<p>Wir sind nicht bereit oder verpflichtet, an Streitbeilegungsverfahren vor einer Verbraucherschlichtungsstelle teilzunehmen.<\/p><\/div><\/div>\t\t\t\t<\/div>\n\t\t\t\t<\/div>\n\t\t<div class=\"elementor-element elementor-element-a6ba632 e-con-full e-flex e-con e-child\" data-id=\"a6ba632\" data-element_type=\"container\" data-e-type=\"container\">\n\t\t\t\t<div class=\"elementor-element elementor-element-b9b63e5 elementor-widget elementor-widget-heading\" data-id=\"b9b63e5\" data-element_type=\"widget\" data-e-type=\"widget\" data-widget_type=\"heading.default\">\n\t\t\t\t<div class=\"elementor-widget-container\">\n\t\t\t\t\t<h2 class=\"elementor-heading-title elementor-size-default\">Clause de non-responsabilit\u00e9 :<\/h2>\t\t\t\t<\/div>\n\t\t\t\t<\/div>\n\t\t\t\t<div class=\"elementor-element elementor-element-2feb034 elementor-widget elementor-widget-text-editor\" data-id=\"2feb034\" data-element_type=\"widget\" data-e-type=\"widget\" data-widget_type=\"text-editor.default\">\n\t\t\t\t<div class=\"elementor-widget-container\">\n\t\t\t\t\t\t\t\t\t<h3>Responsabilit\u00e9 du contenu<\/h3><p>Le contenu de nos pages a \u00e9t\u00e9 r\u00e9dig\u00e9 avec le plus grand soin. Nous ne pouvons toutefois pas garantir l&rsquo;exactitude, l&rsquo;exhaustivit\u00e9 et l&rsquo;actualit\u00e9 des contenus. En tant que prestataire de services, nous sommes responsables de nos propres contenus sur ces pages conform\u00e9ment \u00e0 l&rsquo;article 7, paragraphe 1, de la loi allemande sur les t\u00e9l\u00e9m\u00e9dias (TMG). Conform\u00e9ment aux \u00a7\u00a7 8 \u00e0 10 de la TMG, nous ne sommes toutefois pas tenus, en tant que prestataire de services, de surveiller les informations externes transmises ou enregistr\u00e9es ou de rechercher les circonstances qui indiquent une activit\u00e9 ill\u00e9gale. L&rsquo;obligation de supprimer ou de bloquer l&rsquo;utilisation d&rsquo;informations conform\u00e9ment aux lois g\u00e9n\u00e9rales reste inchang\u00e9e. Une responsabilit\u00e9 \u00e0 cet \u00e9gard n&rsquo;est toutefois possible qu&rsquo;\u00e0 partir du moment o\u00f9 une violation concr\u00e8te de la loi est connue. D\u00e8s la prise de connaissance d&rsquo;une telle violation, nous supprimerons imm\u00e9diatement le contenu en question.       <\/p><h3>Responsabilit\u00e9 des liens<\/h3><p>Notre offre contient des liens vers des sites web externes de tiers, sur lesquels nous n&rsquo;avons aucune influence. Nous ne pouvons donc pas nous porter garants de ces contenus externes. Le fournisseur ou l&rsquo;exploitant des pages li\u00e9es est toujours responsable du contenu de ces pages. Les pages li\u00e9es ont \u00e9t\u00e9 v\u00e9rifi\u00e9es au moment de la cr\u00e9ation du lien afin de s&rsquo;assurer qu&rsquo;elles n&rsquo;enfreignaient pas la loi. Aucun contenu ill\u00e9gal n&rsquo;a \u00e9t\u00e9 identifi\u00e9 au moment de la cr\u00e9ation du lien. Un contr\u00f4le permanent du contenu des pages li\u00e9es n&rsquo;est cependant pas exigible sans indices concrets d&rsquo;une violation de la loi. Si nous prenons connaissance de violations de la loi, nous supprimerons imm\u00e9diatement les liens en question.      <\/p><h3>Droit d&rsquo;auteur<\/h3><p>Les contenus et \u0153uvres cr\u00e9\u00e9s par les exploitants de ces pages sont soumis au droit d&rsquo;auteur allemand. La reproduction, le traitement, la diffusion et tout type d&rsquo;exploitation en dehors des limites du droit d&rsquo;auteur n\u00e9cessitent l&rsquo;accord \u00e9crit de l&rsquo;auteur ou du cr\u00e9ateur concern\u00e9. Les t\u00e9l\u00e9chargements et les copies de ce site ne sont autoris\u00e9s que pour un usage priv\u00e9 et non commercial. Dans la mesure o\u00f9 les contenus de ce site n&rsquo;ont pas \u00e9t\u00e9 cr\u00e9\u00e9s par l&rsquo;exploitant, les droits d&rsquo;auteur de tiers sont respect\u00e9s. En particulier, les contenus de tiers sont identifi\u00e9s comme tels. Si vous deviez n\u00e9anmoins constater une violation des droits d&rsquo;auteur, nous vous prions de nous en informer. D\u00e8s que nous aurons connaissance d&rsquo;une violation de la loi, nous supprimerons imm\u00e9diatement le contenu en question.      <\/p><h3>Protection des donn\u00e9es<\/h3><p>En r\u00e8gle g\u00e9n\u00e9rale, l&rsquo;utilisation de notre site web est possible sans indication de donn\u00e9es personnelles. Dans la mesure o\u00f9 des donn\u00e9es personnelles (par exemple nom, adresse ou adresses e-mail) sont collect\u00e9es sur notre site, cela se fait toujours, dans la mesure du possible, sur une base volontaire. Ces donn\u00e9es ne seront pas transmises \u00e0 des tiers sans votre consentement explicite.<br>Nous attirons votre attention sur le fait que la transmission de donn\u00e9es sur Internet (par exemple lors de la communication par e-mail) peut pr\u00e9senter des failles de s\u00e9curit\u00e9. Une protection compl\u00e8te des donn\u00e9es contre l&rsquo;acc\u00e8s par des tiers n&rsquo;est pas possible.<br>L&rsquo;utilisation par des tiers des donn\u00e9es de contact publi\u00e9es dans le cadre des mentions l\u00e9gales obligatoires pour l&rsquo;envoi de publicit\u00e9 et de mat\u00e9riel d&rsquo;information non express\u00e9ment demand\u00e9s est express\u00e9ment interdite. Les exploitants des pages se r\u00e9servent express\u00e9ment le droit d&rsquo;engager des poursuites judiciaires en cas d&rsquo;envoi non sollicit\u00e9 d&rsquo;informations publicitaires, par exemple par le biais de spams.    <\/p>\t\t\t\t\t\t\t\t<\/div>\n\t\t\t\t<\/div>\n\t\t\t\t<\/div>\n\t\t\t\t\t<\/div>\n\t\t\t\t<\/div>\n\t\t\t\t<\/div>\n\t\t","protected":false},"excerpt":{"rendered":"<p>Mentions l\u00e9gales Bodenbender GmbH Goldbergstra&szlig;e 13 35216 Biedenkopf Handelsregister: Amtsgericht Marburg Registergericht: HRB 2873 Vertreten durch: Andrea Bodenbender Christian Kunkel [&hellip;]<\/p>\n","protected":false},"author":1,"featured_media":0,"parent":0,"menu_order":0,"comment_status":"closed","ping_status":"closed","template":"","meta":{"site-sidebar-layout":"no-sidebar","site-content-layout":"","ast-site-content-layout":"full-width-container","site-content-style":"default","site-sidebar-style":"default","ast-global-header-display":"","ast-banner-title-visibility":"","ast-main-header-display":"","ast-hfb-above-header-display":"","ast-hfb-below-header-display":"","ast-hfb-mobile-header-display":"","site-post-title":"disabled","ast-breadcrumbs-content":"","ast-featured-img":"disabled","footer-sml-layout":"","ast-disable-related-posts":"","theme-transparent-header-meta":"","adv-header-id-meta":"","stick-header-meta":"","header-above-stick-meta":"","header-main-stick-meta":"","header-below-stick-meta":"","astra-migrate-meta-layouts":"default","ast-page-background-enabled":"default","ast-page-background-meta":{"desktop":{"background-color":"var(--ast-global-color-4)","background-image":"","background-repeat":"repeat","background-position":"center center","background-size":"auto","background-attachment":"scroll","background-type":"","background-media":"","overlay-type":"","overlay-color":"","overlay-opacity":"","overlay-gradient":""},"tablet":{"background-color":"","background-image":"","background-repeat":"repeat","background-position":"center center","background-size":"auto","background-attachment":"scroll","background-type":"","background-media":"","overlay-type":"","overlay-color":"","overlay-opacity":"","overlay-gradient":""},"mobile":{"background-color":"","background-image":"","background-repeat":"repeat","background-position":"center center","background-size":"auto","background-attachment":"scroll","background-type":"","background-media":"","overlay-type":"","overlay-color":"","overlay-opacity":"","overlay-gradient":""}},"ast-content-background-meta":{"desktop":{"background-color":"var(--ast-global-color-5)","background-image":"","background-repeat":"repeat","background-position":"center center","background-size":"auto","background-attachment":"scroll","background-type":"","background-media":"","overlay-type":"","overlay-color":"","overlay-opacity":"","overlay-gradient":""},"tablet":{"background-color":"var(--ast-global-color-5)","background-image":"","background-repeat":"repeat","background-position":"center center","background-size":"auto","background-attachment":"scroll","background-type":"","background-media":"","overlay-type":"","overlay-color":"","overlay-opacity":"","overlay-gradient":""},"mobile":{"background-color":"var(--ast-global-color-5)","background-image":"","background-repeat":"repeat","background-position":"center center","background-size":"auto","background-attachment":"scroll","background-type":"","background-media":"","overlay-type":"","overlay-color":"","overlay-opacity":"","overlay-gradient":""}},"footnotes":""},"class_list":["post-12810","page","type-page","status-publish","hentry"],"_links":{"self":[{"href":"https:\/\/bodenbender.com\/fr\/wp-json\/wp\/v2\/pages\/12810","targetHints":{"allow":["GET"]}}],"collection":[{"href":"https:\/\/bodenbender.com\/fr\/wp-json\/wp\/v2\/pages"}],"about":[{"href":"https:\/\/bodenbender.com\/fr\/wp-json\/wp\/v2\/types\/page"}],"author":[{"embeddable":true,"href":"https:\/\/bodenbender.com\/fr\/wp-json\/wp\/v2\/users\/1"}],"replies":[{"embeddable":true,"href":"https:\/\/bodenbender.com\/fr\/wp-json\/wp\/v2\/comments?post=12810"}],"version-history":[{"count":2,"href":"https:\/\/bodenbender.com\/fr\/wp-json\/wp\/v2\/pages\/12810\/revisions"}],"predecessor-version":[{"id":13455,"href":"https:\/\/bodenbender.com\/fr\/wp-json\/wp\/v2\/pages\/12810\/revisions\/13455"}],"wp:attachment":[{"href":"https:\/\/bodenbender.com\/fr\/wp-json\/wp\/v2\/media?parent=12810"}],"curies":[{"name":"wp","href":"https:\/\/api.w.org\/{rel}","templated":true}]}}