{"id":12799,"date":"2024-10-15T13:46:47","date_gmt":"2024-10-15T11:46:47","guid":{"rendered":"https:\/\/bodenbender.com\/services-partenaires\/coaching\/"},"modified":"2025-07-16T10:37:42","modified_gmt":"2025-07-16T08:37:42","slug":"coaching","status":"publish","type":"page","link":"https:\/\/bodenbender.com\/fr\/services-partenaires\/coaching\/","title":{"rendered":"Coaching"},"content":{"rendered":"\t\t<div data-elementor-type=\"wp-page\" data-elementor-id=\"12799\" class=\"elementor elementor-12799 elementor-498\" data-elementor-post-type=\"page\">\n\t\t\t\t<div class=\"elementor-element elementor-element-4ba50f30 e-flex e-con-boxed e-con e-parent\" data-id=\"4ba50f30\" data-element_type=\"container\" data-e-type=\"container\">\n\t\t\t\t\t<div class=\"e-con-inner\">\n\t\t<div class=\"elementor-element elementor-element-3b105580 e-con-full e-flex e-con e-child\" data-id=\"3b105580\" data-element_type=\"container\" data-e-type=\"container\">\n\t\t\t\t<div class=\"elementor-element elementor-element-6d04c1ef elementor-widget elementor-widget-heading\" data-id=\"6d04c1ef\" data-element_type=\"widget\" data-e-type=\"widget\" data-widget_type=\"heading.default\">\n\t\t\t\t<div class=\"elementor-widget-container\">\n\t\t\t\t\t<h1 class=\"elementor-heading-title elementor-size-default\">Coaching<\/h1>\t\t\t\t<\/div>\n\t\t\t\t<\/div>\n\t\t\t\t<div class=\"elementor-element elementor-element-265efec elementor-widget elementor-widget-text-editor\" data-id=\"265efec\" data-element_type=\"widget\" data-e-type=\"widget\" data-widget_type=\"text-editor.default\">\n\t\t\t\t<div class=\"elementor-widget-container\">\n\t\t\t\t\t\t\t\t\t<p><strong>Des formations individuelles et un coaching pratique pour un maximum de r\u00e9sultats sur vos chantiers. Nos experts travaillent depuis des ann\u00e9es dans le secteur et proposent des formations proches de la r\u00e9alit\u00e9 afin d&rsquo;optimiser les processus et de d\u00e9couvrir de nouvelles possibilit\u00e9s.   <\/strong><\/p>\t\t\t\t\t\t\t\t<\/div>\n\t\t\t\t<\/div>\n\t\t\t\t<\/div>\n\t\t\t\t\t<\/div>\n\t\t\t\t<\/div>\n\t\t<div class=\"elementor-element elementor-element-1b4e69b e-flex e-con-boxed e-con e-parent\" data-id=\"1b4e69b\" data-element_type=\"container\" data-e-type=\"container\">\n\t\t\t\t\t<div class=\"e-con-inner\">\n\t\t<div class=\"elementor-element elementor-element-bb6b7a8 e-con-full e-flex e-con e-child\" data-id=\"bb6b7a8\" data-element_type=\"container\" data-e-type=\"container\">\n\t\t\t\t<div class=\"elementor-element elementor-element-549b4c4 elementor-widget elementor-widget-heading\" data-id=\"549b4c4\" data-element_type=\"widget\" data-e-type=\"widget\" data-widget_type=\"heading.default\">\n\t\t\t\t<div class=\"elementor-widget-container\">\n\t\t\t\t\t<h2 class=\"elementor-heading-title elementor-size-default\">Continuer \u00e0 se d\u00e9velopper ? S'am\u00e9liorer, s'am\u00e9liorer ? Oser la nouveaut\u00e9 ?    \nAvec Bodenbender \u00e0 vos c\u00f4t\u00e9s.<\/h2>\t\t\t\t<\/div>\n\t\t\t\t<\/div>\n\t\t\t\t<div class=\"elementor-element elementor-element-fa22fbe elementor-widget elementor-widget-text-editor\" data-id=\"fa22fbe\" data-element_type=\"widget\" data-e-type=\"widget\" data-widget_type=\"text-editor.default\">\n\t\t\t\t<div class=\"elementor-widget-container\">\n\t\t\t\t\t\t\t\t\t<p>Vous \u00eates nettoyeur de canalisations et vous voulez enfin vous lancer dans la r\u00e9habilitation des \u00e9gouts ? Ou bien vous changez de voie et vous voyez votre nouvelle passion dans la r\u00e9habilitation des \u00e9gouts ? Alors nous sommes le partenaire qu&rsquo;il vous faut !  <\/p><p>Gr\u00e2ce \u00e0 nos syst\u00e8mes certifi\u00e9s DIBt, vous disposez de produits de haute qualit\u00e9 et travaillez avec des solutions qui s&rsquo;harmonisent parfaitement. De plus, vous b\u00e9n\u00e9ficiez de notre longue exp\u00e9rience en tant que r\u00e9novateur et partenaire de formation. <\/p><p>Que vous ayez d\u00e9j\u00e0 accept\u00e9 des missions ou que vous souhaitiez vous former en amont : Nous adaptons notre programme en fonction de vos besoins et vous formons dans notre acad\u00e9mie interne Bodenbender, afin que vous soyez parfaitement pr\u00e9par\u00e9 pour vos premi\u00e8res missions.  <\/p><p>A l&rsquo;issue de la formation, tous les participants re\u00e7oivent les certificats correspondants.<\/p><p> <\/p><p><strong>Que se passe-t-il ensuite ?<\/strong><\/p><p>Notre technicien, votre \u00ab\u00a0parrain de formation\u00a0\u00bb, vous accompagne \u00e0 nouveau sur les premiers chantiers si n\u00e9cessaire, afin de vous aider \u00e0 acqu\u00e9rir une \u00ab\u00a0v\u00e9ritable\u00a0\u00bb premi\u00e8re exp\u00e9rience. Tous nos techniciens sont issus de la pratique et ont \u00e9t\u00e9 form\u00e9s pendant des ann\u00e9es sur des chantiers pour leur propre service ou pour de grandes entreprises de r\u00e9novation. Votre parrain vous soutiendra jusqu&rsquo;\u00e0 ce que vous soyez suffisamment s\u00fbr de vous pour r\u00e9aliser les chantiers en toute autonomie.  <\/p><p>En plus de la formation pratique sur l&rsquo;un de nos sites en Allemagne ou en Suisse, nous offrons \u00e9galement la possibilit\u00e9 d&rsquo;utiliser notre offre d&rsquo;apprentissage en ligne. Celle-ci est gratuite pour les clients de Bodenbender et permet de r\u00e9viser et d&rsquo;approfondir virtuellement les connaissances acquises. <\/p><p> <\/p><p><strong>Pourquoi r\u00e9habiliter les \u00e9gouts plut\u00f4t que de \u00ab\u00a0simplement\u00a0\u00bb les nettoyer ?<\/strong><\/p><p>Les raisons sont nombreuses, mais soyons honn\u00eates : la plupart du temps, les commandes sont l\u00e0, la demande est forte et vous voulez gagner plus d&rsquo;argent pour assurer la p\u00e9rennit\u00e9 de votre entreprise. Avec nous, vous avez la possibilit\u00e9 de d\u00e9velopper votre entreprise et d&rsquo;\u00e9tablir un autre pilier. <\/p><p>De plus, on estime que les entreprises de r\u00e9habilitation existantes n&rsquo;ont pas la capacit\u00e9 de r\u00e9habiliter toutes les canalisations qui se cassent chaque ann\u00e9e. Il s&rsquo;agit donc d&rsquo;un march\u00e9 en pleine croissance. <\/p><p> <\/p><p><strong>Pourquoi faisons-nous cela ?<\/strong><\/p><p>Bien s\u00fbr, nous voulons distribuer notre mat\u00e9riel.<\/p><p>En outre, il nous tient \u00e0 c\u0153ur d&rsquo;avoir plus de canalisateurs comp\u00e9tents dans le secteur. Il n&rsquo;existe pas de formation reconnue par l&rsquo;\u00c9tat pour les canalisateurs et nous voulons combler cette lacune. <\/p>\t\t\t\t\t\t\t\t<\/div>\n\t\t\t\t<\/div>\n\t\t\t\t<\/div>\n\t\t<div class=\"elementor-element elementor-element-27ae126 e-con-full e-flex e-con e-child\" data-id=\"27ae126\" data-element_type=\"container\" data-e-type=\"container\">\n\t\t\t\t<div class=\"elementor-element elementor-element-724f704 elementor-widget elementor-widget-text-editor\" data-id=\"724f704\" data-element_type=\"widget\" data-e-type=\"widget\" data-widget_type=\"text-editor.default\">\n\t\t\t\t<div class=\"elementor-widget-container\">\n\t\t\t\t\t\t\t\t\t<p><strong>Vous avez des questions ?<br><\/strong><\/p>\t\t\t\t\t\t\t\t<\/div>\n\t\t\t\t<\/div>\n\t\t\t\t<div class=\"elementor-element elementor-element-3e051ce elementor-widget elementor-widget-image\" data-id=\"3e051ce\" data-element_type=\"widget\" data-e-type=\"widget\" data-widget_type=\"image.default\">\n\t\t\t\t<div class=\"elementor-widget-container\">\n\t\t\t\t\t\t\t\t\t\t\t\t\t\t\t<img fetchpriority=\"high\" decoding=\"async\" width=\"1024\" height=\"682\" src=\"https:\/\/bodenbender.com\/wp-content\/uploads\/2024\/12\/michael_eul-1-1024x682.jpg\" class=\"attachment-large size-large wp-image-2317\" alt=\"Foto Portrait von Michael Eul.\" srcset=\"https:\/\/bodenbender.com\/wp-content\/uploads\/2024\/12\/michael_eul-1-1024x682.jpg 1024w, https:\/\/bodenbender.com\/wp-content\/uploads\/2024\/12\/michael_eul-1-300x200.jpg 300w, https:\/\/bodenbender.com\/wp-content\/uploads\/2024\/12\/michael_eul-1-768x512.jpg 768w, https:\/\/bodenbender.com\/wp-content\/uploads\/2024\/12\/michael_eul-1.jpg 1181w\" sizes=\"(max-width: 1024px) 100vw, 1024px\" \/>\t\t\t\t\t\t\t\t\t\t\t\t\t\t\t<\/div>\n\t\t\t\t<\/div>\n\t\t\t\t<div class=\"elementor-element elementor-element-45c9c00 elementor-widget elementor-widget-text-editor\" data-id=\"45c9c00\" data-element_type=\"widget\" data-e-type=\"widget\" data-widget_type=\"text-editor.default\">\n\t\t\t\t<div class=\"elementor-widget-container\">\n\t\t\t\t\t\t\t\t\t<p><strong>Michael Eul<\/strong><\/p><p>Technique d&rsquo;application et vente<\/p><p><a href=\"tel:+496461985218\" target=\"_blank\" rel=\"noopener\">+49 6461 985218<\/a><\/p><p><a href=\"tel:+491729050006\" target=\"_blank\" rel=\"noopener\">+49 172 9050006<\/a><\/p><p><a href=\"mailto:michael.eul@bodenbender.com\" target=\"_blank\" rel=\"noopener\">michael.eul@bodenbender.com<\/a><\/p>\t\t\t\t\t\t\t\t<\/div>\n\t\t\t\t<\/div>\n\t\t\t\t<\/div>\n\t\t\t\t\t<\/div>\n\t\t\t\t<\/div>\n\t\t<div class=\"elementor-element elementor-element-74588512 e-flex e-con-boxed e-con e-parent\" data-id=\"74588512\" data-element_type=\"container\" data-e-type=\"container\" data-settings=\"{&quot;background_background&quot;:&quot;classic&quot;}\">\n\t\t\t\t\t<div class=\"e-con-inner\">\n\t\t<div class=\"elementor-element elementor-element-a8a6eee e-con-full e-flex e-con e-child\" data-id=\"a8a6eee\" data-element_type=\"container\" data-e-type=\"container\">\n\t\t\t\t<div class=\"elementor-element elementor-element-1af3b924 elementor-widget elementor-widget-heading\" data-id=\"1af3b924\" data-element_type=\"widget\" data-e-type=\"widget\" data-widget_type=\"heading.default\">\n\t\t\t\t<div class=\"elementor-widget-container\">\n\t\t\t\t\t<h2 class=\"elementor-heading-title elementor-size-default\">Nous nous consid\u00e9rons comme un partenaire de votre entreprise et souhaitons vous aider \u00e0 gagner de l'argent avec un assainissement de canalisations de qualit\u00e9 et s\u00e9rieux.<\/h2>\t\t\t\t<\/div>\n\t\t\t\t<\/div>\n\t\t\t\t<\/div>\n\t\t<div class=\"elementor-element elementor-element-532fe117 e-con-full e-flex e-con e-child\" data-id=\"532fe117\" data-element_type=\"container\" data-e-type=\"container\">\n\t\t\t\t<div class=\"elementor-element elementor-element-38c5a030 elementor-widget elementor-widget-button\" data-id=\"38c5a030\" data-element_type=\"widget\" data-e-type=\"widget\" data-widget_type=\"button.default\">\n\t\t\t\t<div class=\"elementor-widget-container\">\n\t\t\t\t\t\t\t\t\t<div class=\"elementor-button-wrapper\">\n\t\t\t\t\t<a class=\"elementor-button elementor-button-link elementor-size-sm\" href=\"https:\/\/bodenbender.com\/fr\/contact\/\">\n\t\t\t\t\t\t<span class=\"elementor-button-content-wrapper\">\n\t\t\t\t\t\t\t\t\t<span class=\"elementor-button-text\">Organiser une consultation<\/span>\n\t\t\t\t\t<\/span>\n\t\t\t\t\t<\/a>\n\t\t\t\t<\/div>\n\t\t\t\t\t\t\t\t<\/div>\n\t\t\t\t<\/div>\n\t\t\t\t<\/div>\n\t\t\t\t\t<\/div>\n\t\t\t\t<\/div>\n\t\t\t\t<\/div>\n\t\t","protected":false},"excerpt":{"rendered":"<p>Des formations individuelles et un coaching pratique pour un maximum de r\u00e9sultats sur vos chantiers. Nos experts travaillent depuis des [&hellip;]<\/p>\n","protected":false},"author":1,"featured_media":0,"parent":12788,"menu_order":0,"comment_status":"closed","ping_status":"closed","template":"","meta":{"site-sidebar-layout":"no-sidebar","site-content-layout":"","ast-site-content-layout":"full-width-container","site-content-style":"default","site-sidebar-style":"default","ast-global-header-display":"","ast-banner-title-visibility":"","ast-main-header-display":"","ast-hfb-above-header-display":"","ast-hfb-below-header-display":"","ast-hfb-mobile-header-display":"","site-post-title":"disabled","ast-breadcrumbs-content":"","ast-featured-img":"disabled","footer-sml-layout":"","ast-disable-related-posts":"","theme-transparent-header-meta":"","adv-header-id-meta":"","stick-header-meta":"","header-above-stick-meta":"","header-main-stick-meta":"","header-below-stick-meta":"","astra-migrate-meta-layouts":"default","ast-page-background-enabled":"default","ast-page-background-meta":{"desktop":{"background-color":"var(--ast-global-color-4)","background-image":"","background-repeat":"repeat","background-position":"center center","background-size":"auto","background-attachment":"scroll","background-type":"","background-media":"","overlay-type":"","overlay-color":"","overlay-opacity":"","overlay-gradient":""},"tablet":{"background-color":"","background-image":"","background-repeat":"repeat","background-position":"center center","background-size":"auto","background-attachment":"scroll","background-type":"","background-media":"","overlay-type":"","overlay-color":"","overlay-opacity":"","overlay-gradient":""},"mobile":{"background-color":"","background-image":"","background-repeat":"repeat","background-position":"center center","background-size":"auto","background-attachment":"scroll","background-type":"","background-media":"","overlay-type":"","overlay-color":"","overlay-opacity":"","overlay-gradient":""}},"ast-content-background-meta":{"desktop":{"background-color":"var(--ast-global-color-5)","background-image":"","background-repeat":"repeat","background-position":"center center","background-size":"auto","background-attachment":"scroll","background-type":"","background-media":"","overlay-type":"","overlay-color":"","overlay-opacity":"","overlay-gradient":""},"tablet":{"background-color":"var(--ast-global-color-5)","background-image":"","background-repeat":"repeat","background-position":"center center","background-size":"auto","background-attachment":"scroll","background-type":"","background-media":"","overlay-type":"","overlay-color":"","overlay-opacity":"","overlay-gradient":""},"mobile":{"background-color":"var(--ast-global-color-5)","background-image":"","background-repeat":"repeat","background-position":"center center","background-size":"auto","background-attachment":"scroll","background-type":"","background-media":"","overlay-type":"","overlay-color":"","overlay-opacity":"","overlay-gradient":""}},"footnotes":""},"class_list":["post-12799","page","type-page","status-publish","hentry"],"_links":{"self":[{"href":"https:\/\/bodenbender.com\/fr\/wp-json\/wp\/v2\/pages\/12799","targetHints":{"allow":["GET"]}}],"collection":[{"href":"https:\/\/bodenbender.com\/fr\/wp-json\/wp\/v2\/pages"}],"about":[{"href":"https:\/\/bodenbender.com\/fr\/wp-json\/wp\/v2\/types\/page"}],"author":[{"embeddable":true,"href":"https:\/\/bodenbender.com\/fr\/wp-json\/wp\/v2\/users\/1"}],"replies":[{"embeddable":true,"href":"https:\/\/bodenbender.com\/fr\/wp-json\/wp\/v2\/comments?post=12799"}],"version-history":[{"count":5,"href":"https:\/\/bodenbender.com\/fr\/wp-json\/wp\/v2\/pages\/12799\/revisions"}],"predecessor-version":[{"id":14208,"href":"https:\/\/bodenbender.com\/fr\/wp-json\/wp\/v2\/pages\/12799\/revisions\/14208"}],"up":[{"embeddable":true,"href":"https:\/\/bodenbender.com\/fr\/wp-json\/wp\/v2\/pages\/12788"}],"wp:attachment":[{"href":"https:\/\/bodenbender.com\/fr\/wp-json\/wp\/v2\/media?parent=12799"}],"curies":[{"name":"wp","href":"https:\/\/api.w.org\/{rel}","templated":true}]}}