{"id":12790,"date":"2024-10-15T13:45:28","date_gmt":"2024-10-15T11:45:28","guid":{"rendered":"https:\/\/bodenbender.com\/services-partenaires\/academie\/"},"modified":"2025-07-16T10:37:42","modified_gmt":"2025-07-16T08:37:42","slug":"academie","status":"publish","type":"page","link":"https:\/\/bodenbender.com\/fr\/services-partenaires\/academie\/","title":{"rendered":"Acad\u00e9mie"},"content":{"rendered":"\t\t<div data-elementor-type=\"wp-page\" data-elementor-id=\"12790\" class=\"elementor elementor-12790 elementor-494\" data-elementor-post-type=\"page\">\n\t\t\t\t<div class=\"elementor-element elementor-element-2d641987 e-flex e-con-boxed e-con e-parent\" data-id=\"2d641987\" data-element_type=\"container\" data-e-type=\"container\">\n\t\t\t\t\t<div class=\"e-con-inner\">\n\t\t<div class=\"elementor-element elementor-element-469a454 e-con-full e-flex e-con e-child\" data-id=\"469a454\" data-element_type=\"container\" data-e-type=\"container\">\n\t\t\t\t<div class=\"elementor-element elementor-element-7b7e525 elementor-widget elementor-widget-image\" data-id=\"7b7e525\" data-element_type=\"widget\" data-e-type=\"widget\" data-widget_type=\"image.default\">\n\t\t\t\t<div class=\"elementor-widget-container\">\n\t\t\t\t\t\t\t\t\t\t\t\t\t\t\t<img fetchpriority=\"high\" decoding=\"async\" width=\"1000\" height=\"667\" src=\"https:\/\/bodenbender.com\/wp-content\/uploads\/2024\/12\/bodenbender_akademie.jpg\" class=\"attachment-full size-full wp-image-1935\" alt=\"bodenbender_akademie\" srcset=\"https:\/\/bodenbender.com\/wp-content\/uploads\/2024\/12\/bodenbender_akademie.jpg 1000w, https:\/\/bodenbender.com\/wp-content\/uploads\/2024\/12\/bodenbender_akademie-300x200.jpg 300w, https:\/\/bodenbender.com\/wp-content\/uploads\/2024\/12\/bodenbender_akademie-768x512.jpg 768w\" sizes=\"(max-width: 1000px) 100vw, 1000px\" \/>\t\t\t\t\t\t\t\t\t\t\t\t\t\t\t<\/div>\n\t\t\t\t<\/div>\n\t\t\t\t<\/div>\n\t\t<div class=\"elementor-element elementor-element-b4dd62f e-con-full e-flex e-con e-child\" data-id=\"b4dd62f\" data-element_type=\"container\" data-e-type=\"container\">\n\t\t\t\t<div class=\"elementor-element elementor-element-1a4f23aa elementor-widget elementor-widget-heading\" data-id=\"1a4f23aa\" data-element_type=\"widget\" data-e-type=\"widget\" data-widget_type=\"heading.default\">\n\t\t\t\t<div class=\"elementor-widget-container\">\n\t\t\t\t\t<h1 class=\"elementor-heading-title elementor-size-default\">Acad\u00e9mie<\/h1>\t\t\t\t<\/div>\n\t\t\t\t<\/div>\n\t\t\t\t<div class=\"elementor-element elementor-element-2d14bba3 elementor-widget elementor-widget-text-editor\" data-id=\"2d14bba3\" data-element_type=\"widget\" data-e-type=\"widget\" data-widget_type=\"text-editor.default\">\n\t\t\t\t<div class=\"elementor-widget-container\">\n\t\t\t\t\t\t\t\t\t<p><strong>Dans l&rsquo;acad\u00e9mie Bodenbender, nous combinons th\u00e9orie et pratique afin que vous puissiez utiliser les derni\u00e8res techniques et produits en toute s\u00e9curit\u00e9.  <\/strong><\/p>\t\t\t\t\t\t\t\t<\/div>\n\t\t\t\t<\/div>\n\t\t\t\t<\/div>\n\t\t\t\t\t<\/div>\n\t\t\t\t<\/div>\n\t\t<div class=\"elementor-element elementor-element-6385b990 e-flex e-con-boxed e-con e-parent\" data-id=\"6385b990\" data-element_type=\"container\" data-e-type=\"container\">\n\t\t\t\t\t<div class=\"e-con-inner\">\n\t\t<div class=\"elementor-element elementor-element-6f1320c8 e-con-full e-flex e-con e-child\" data-id=\"6f1320c8\" data-element_type=\"container\" data-e-type=\"container\">\n\t\t\t\t<div class=\"elementor-element elementor-element-903c3eb elementor-widget elementor-widget-text-editor\" data-id=\"903c3eb\" data-element_type=\"widget\" data-e-type=\"widget\" data-widget_type=\"text-editor.default\">\n\t\t\t\t<div class=\"elementor-widget-container\">\n\t\t\t\t\t\t\t\t\t<p>L&rsquo;acad\u00e9mie Bodenbender: notre responsabilit\u00e9 dans le partage des connaissances. Des formations pratiques et un perfectionnement pour la r\u00e9habilitation sans tranch\u00e9e avec des connaissances d&rsquo;experts. Dans notre Acad\u00e9mie de r\u00e9fection, nous combinons th\u00e9orie et pratique pour vous permettre d&rsquo;utiliser en toute s\u00e9curit\u00e9 les techniques et les produits les plus r\u00e9cents. Depuis le lancement de notre syst\u00e8me Bodenbender Point-Liner \u00ae en 1991, la formation de nos clients et partenaires fait partie int\u00e9grante de l&rsquo;identit\u00e9 de notre entreprise. L&rsquo;id\u00e9e d&rsquo;une formation libre vient de notre propre responsabilit\u00e9 vis-\u00e0-vis de notre environnement et de la pr\u00e9servation de nos eaux. En tant qu&rsquo;une des premi\u00e8res entreprises dans le domaine de la r\u00e9habilitation des \u00e9gouts sans tranch\u00e9e, nous souhaitons assumer notre responsabilit\u00e9 de transmission des connaissances. Nous consid\u00e9rons la formation personnelle compl\u00e8te comme la pierre angulaire de la qualit\u00e9 du produit final &#8211; typiquement Bodenbender.      <\/p>\t\t\t\t\t\t\t\t<\/div>\n\t\t\t\t<\/div>\n\t\t<div class=\"elementor-element elementor-element-2bae722 e-con-full e-flex e-con e-child\" data-id=\"2bae722\" data-element_type=\"container\" data-e-type=\"container\">\n\t\t\t\t<div class=\"elementor-element elementor-element-488a2fa elementor-widget elementor-widget-text-editor\" data-id=\"488a2fa\" data-element_type=\"widget\" data-e-type=\"widget\" data-widget_type=\"text-editor.default\">\n\t\t\t\t<div class=\"elementor-widget-container\">\n\t\t\t\t\t\t\t\t\t<p>Vous trouverez <a href=\"https:\/\/www.unserebroschuere.de\/BodenbenderGmbH\/MailView\/\" target=\"_blank\" rel=\"noopener\">ici<\/a> notre brochure interactive avec d&rsquo;autres aper\u00e7us de l&rsquo;Acad\u00e9mie.<\/p>\t\t\t\t\t\t\t\t<\/div>\n\t\t\t\t<\/div>\n\t\t\t\t<\/div>\n\t\t\t\t<div class=\"elementor-element elementor-element-8785c6d elementor-widget elementor-widget-text-editor\" data-id=\"8785c6d\" data-element_type=\"widget\" data-e-type=\"widget\" data-widget_type=\"text-editor.default\">\n\t\t\t\t<div class=\"elementor-widget-container\">\n\t\t\t\t\t\t\t\t\t<p>Que ce soit pour le syst\u00e8me Point-Liner\u00ae ou Inliner, vous pouvez compter sur une formation, une assistance et des conseils de qualit\u00e9, que ce soit dans nos locaux ou sur votre chantier.<\/p><p> <\/p><p><span style=\"font-style: inherit; font-weight: inherit;\">Gr\u00e2ce \u00e0 des ann\u00e9es d&rsquo;exp\u00e9rience en tant que prestataire de services pour les municipalit\u00e9s et les m\u00e9nages priv\u00e9s, et donc utilisateur de son propre produit, notre \u00e9quipe peut s&rsquo;appuyer sur des connaissances pratiques \u00e9tendues et les transmettre.<\/span><\/p>\t\t\t\t\t\t\t\t<\/div>\n\t\t\t\t<\/div>\n\t\t\t\t<div class=\"elementor-element elementor-element-cc4b4aa elementor-widget elementor-widget-text-editor\" data-id=\"cc4b4aa\" data-element_type=\"widget\" data-e-type=\"widget\" data-widget_type=\"text-editor.default\">\n\t\t\t\t<div class=\"elementor-widget-container\">\n\t\t\t\t\t\t\t\t\t<p>Sur notre site de Biedenkopf, dans le centre de la Hesse, nos nouveaux locaux attendent les formations, les \u00e9changes et les exp\u00e9rimentations. Ce lieu a \u00e9t\u00e9 construit sp\u00e9cialement pour les personnes int\u00e9ress\u00e9es et les clients existants et offre, outre une salle de s\u00e9minaire spacieuse et lumineuse pour la partie th\u00e9orique des formations, un grand hall pour les applications pratiques et les exp\u00e9riences. <\/p><p>Depuis septembre 2020, des salles de formation vous attendent \u00e9galement sur notre site suisse (M\u00fcnchwilen AG). En plus d&rsquo;un hall tr\u00e8s spacieux, nous disposons \u00e9galement de petites salles de s\u00e9minaire. <\/p><p>Vous trouverez <a href=\"https:\/\/bodenbender.com\/wp-content\/uploads\/2024\/09\/Flyer_EinzelnA4_Deutschland_Stand_Sep2024-web.pdf\" target=\"_blank\" rel=\"noopener\">ici<\/a> un aper\u00e7u de notre offre de formation : nous organisons \u00e9galement volontiers des formations individuelles, comme la formation de personnes qui changent d&rsquo;orientation professionnelle afin qu&rsquo;elles soient op\u00e9rationnelles sur le prochain chantier &#8211; n&rsquo;h\u00e9sitez pas \u00e0 nous contacter.<\/p><p>Vous trouverez \u00e9galement ici un aper\u00e7u des services inclus, tels que le mat\u00e9riel et les repas : <a href=\"https:\/\/bodenbender.com\/wp-content\/uploads\/2023\/01\/Relining-Academ_Kursbedingungen-und-inbegriffene-Leistungen-scaled.jpg\" target=\"_blank\" rel=\"noopener\">Conditions de cours et services inclus<\/a><\/p><p>Si vous ou votre \u00e9quipe souhaitez prendre rendez-vous pour une formation, n&rsquo;h\u00e9sitez pas \u00e0 contacter votre interlocuteur, \u00e0 nous envoyer un e-mail \u00e0 <a href=\"mailto:academy@bodenbender.com\" target=\"_blank\" rel=\"noopener\">academy@bodenbender.com<\/a> ou \u00e0 utiliser le <a href=\"https:\/\/bodenbender.com\/fr\/contact\/\">formulaire de contact<\/a>.<\/p>\t\t\t\t\t\t\t\t<\/div>\n\t\t\t\t<\/div>\n\t\t\t\t<div class=\"elementor-element elementor-element-4df939c elementor-widget elementor-widget-image\" data-id=\"4df939c\" data-element_type=\"widget\" data-e-type=\"widget\" data-widget_type=\"image.default\">\n\t\t\t\t<div class=\"elementor-widget-container\">\n\t\t\t\t\t\t\t\t\t\t\t\t\t\t\t<img decoding=\"async\" width=\"176\" height=\"244\" src=\"https:\/\/bodenbender.com\/wp-content\/uploads\/2024\/12\/der-partner-fuer-kanalsanierung.jpg\" class=\"attachment-large size-large wp-image-2021\" alt=\"der-partner-fuer-kanalsanierung\" \/>\t\t\t\t\t\t\t\t\t\t\t\t\t\t\t<\/div>\n\t\t\t\t<\/div>\n\t\t\t\t<\/div>\n\t\t<div class=\"elementor-element elementor-element-986314c e-con-full e-flex e-con e-child\" data-id=\"986314c\" data-element_type=\"container\" data-e-type=\"container\">\n\t\t\t\t<div class=\"elementor-element elementor-element-73c9b24 elementor-widget elementor-widget-text-editor\" data-id=\"73c9b24\" data-element_type=\"widget\" data-e-type=\"widget\" data-widget_type=\"text-editor.default\">\n\t\t\t\t<div class=\"elementor-widget-container\">\n\t\t\t\t\t\t\t\t\t<p><strong>Vous avez des questions ?<br><\/strong><\/p>\t\t\t\t\t\t\t\t<\/div>\n\t\t\t\t<\/div>\n\t\t\t\t<div class=\"elementor-element elementor-element-7e8d99e elementor-widget elementor-widget-image\" data-id=\"7e8d99e\" data-element_type=\"widget\" data-e-type=\"widget\" data-widget_type=\"image.default\">\n\t\t\t\t<div class=\"elementor-widget-container\">\n\t\t\t\t\t\t\t\t\t\t\t\t\t\t\t<img decoding=\"async\" width=\"1024\" height=\"683\" src=\"https:\/\/bodenbender.com\/wp-content\/uploads\/2024\/12\/andy_neudert-1-1024x683.jpg\" class=\"attachment-large size-large wp-image-2332\" alt=\"Foto Portrait von Andy Neudert.\" srcset=\"https:\/\/bodenbender.com\/wp-content\/uploads\/2024\/12\/andy_neudert-1-1024x683.jpg 1024w, https:\/\/bodenbender.com\/wp-content\/uploads\/2024\/12\/andy_neudert-1-300x200.jpg 300w, https:\/\/bodenbender.com\/wp-content\/uploads\/2024\/12\/andy_neudert-1-768x512.jpg 768w, https:\/\/bodenbender.com\/wp-content\/uploads\/2024\/12\/andy_neudert-1.jpg 1200w\" sizes=\"(max-width: 1024px) 100vw, 1024px\" \/>\t\t\t\t\t\t\t\t\t\t\t\t\t\t\t<\/div>\n\t\t\t\t<\/div>\n\t\t\t\t<div class=\"elementor-element elementor-element-e7f2c4e elementor-widget elementor-widget-text-editor\" data-id=\"e7f2c4e\" data-element_type=\"widget\" data-e-type=\"widget\" data-widget_type=\"text-editor.default\">\n\t\t\t\t<div class=\"elementor-widget-container\">\n\t\t\t\t\t\t\t\t\t<p><strong>Andy Neudert<\/strong><\/p><p>Service commercial interne<\/p><p><a href=\"tel:+496461985211\" target=\"_blank\" rel=\"noopener\">+49 6461 985211<\/a><\/p><p><a href=\"mailto:andreas.neudert@bodenbender.com\" target=\"_blank\" rel=\"noopener\">andreas.neudert@bodenbender.com<\/a><\/p>\t\t\t\t\t\t\t\t<\/div>\n\t\t\t\t<\/div>\n\t\t\t\t<\/div>\n\t\t\t\t\t<\/div>\n\t\t\t\t<\/div>\n\t\t<div class=\"elementor-element elementor-element-25b6b947 e-flex e-con-boxed e-con e-parent\" data-id=\"25b6b947\" data-element_type=\"container\" data-e-type=\"container\" data-settings=\"{&quot;background_background&quot;:&quot;classic&quot;}\">\n\t\t\t\t\t<div class=\"e-con-inner\">\n\t\t<div class=\"elementor-element elementor-element-67d7fddc e-con-full e-flex e-con e-child\" data-id=\"67d7fddc\" data-element_type=\"container\" data-e-type=\"container\">\n\t\t\t\t<div class=\"elementor-element elementor-element-136d59d elementor-widget elementor-widget-image\" data-id=\"136d59d\" data-element_type=\"widget\" data-e-type=\"widget\" data-widget_type=\"image.default\">\n\t\t\t\t<div class=\"elementor-widget-container\">\n\t\t\t\t\t\t\t\t\t\t\t\t\t\t\t<img loading=\"lazy\" decoding=\"async\" width=\"1024\" height=\"294\" src=\"https:\/\/bodenbender.com\/wp-content\/uploads\/2025\/01\/Logo-Relining-Academy-weiss-1024x294.png\" class=\"attachment-large size-large wp-image-7522\" alt=\"Logo Relining Academy.\" srcset=\"https:\/\/bodenbender.com\/wp-content\/uploads\/2025\/01\/Logo-Relining-Academy-weiss-1024x294.png 1024w, https:\/\/bodenbender.com\/wp-content\/uploads\/2025\/01\/Logo-Relining-Academy-weiss-300x86.png 300w, https:\/\/bodenbender.com\/wp-content\/uploads\/2025\/01\/Logo-Relining-Academy-weiss-768x220.png 768w, https:\/\/bodenbender.com\/wp-content\/uploads\/2025\/01\/Logo-Relining-Academy-weiss-1536x440.png 1536w, https:\/\/bodenbender.com\/wp-content\/uploads\/2025\/01\/Logo-Relining-Academy-weiss-2048x587.png 2048w\" sizes=\"(max-width: 1024px) 100vw, 1024px\" \/>\t\t\t\t\t\t\t\t\t\t\t\t\t\t\t<\/div>\n\t\t\t\t<\/div>\n\t\t\t\t<\/div>\n\t\t<div class=\"elementor-element elementor-element-20e79520 e-con-full e-flex e-con e-child\" data-id=\"20e79520\" data-element_type=\"container\" data-e-type=\"container\">\n\t\t\t\t<div class=\"elementor-element elementor-element-1b1368f9 elementor-widget elementor-widget-button\" data-id=\"1b1368f9\" data-element_type=\"widget\" data-e-type=\"widget\" data-widget_type=\"button.default\">\n\t\t\t\t<div class=\"elementor-widget-container\">\n\t\t\t\t\t\t\t\t\t<div class=\"elementor-button-wrapper\">\n\t\t\t\t\t<a class=\"elementor-button elementor-button-link elementor-size-sm\" href=\"mailto:academy@bodenbender.com\" target=\"_blank\">\n\t\t\t\t\t\t<span class=\"elementor-button-content-wrapper\">\n\t\t\t\t\t\t\t\t\t<span class=\"elementor-button-text\">Organiser une formation maintenant<\/span>\n\t\t\t\t\t<\/span>\n\t\t\t\t\t<\/a>\n\t\t\t\t<\/div>\n\t\t\t\t\t\t\t\t<\/div>\n\t\t\t\t<\/div>\n\t\t\t\t<\/div>\n\t\t\t\t\t<\/div>\n\t\t\t\t<\/div>\n\t\t\t\t<\/div>\n\t\t","protected":false},"excerpt":{"rendered":"<p>Dans l&rsquo;acad\u00e9mie Bodenbender, nous combinons th\u00e9orie et pratique afin que vous puissiez utiliser les derni\u00e8res techniques et produits en toute [&hellip;]<\/p>\n","protected":false},"author":1,"featured_media":0,"parent":12788,"menu_order":0,"comment_status":"closed","ping_status":"closed","template":"","meta":{"site-sidebar-layout":"no-sidebar","site-content-layout":"","ast-site-content-layout":"full-width-container","site-content-style":"default","site-sidebar-style":"default","ast-global-header-display":"","ast-banner-title-visibility":"","ast-main-header-display":"","ast-hfb-above-header-display":"","ast-hfb-below-header-display":"","ast-hfb-mobile-header-display":"","site-post-title":"disabled","ast-breadcrumbs-content":"","ast-featured-img":"disabled","footer-sml-layout":"","ast-disable-related-posts":"","theme-transparent-header-meta":"","adv-header-id-meta":"","stick-header-meta":"","header-above-stick-meta":"","header-main-stick-meta":"","header-below-stick-meta":"","astra-migrate-meta-layouts":"default","ast-page-background-enabled":"default","ast-page-background-meta":{"desktop":{"background-color":"var(--ast-global-color-4)","background-image":"","background-repeat":"repeat","background-position":"center center","background-size":"auto","background-attachment":"scroll","background-type":"","background-media":"","overlay-type":"","overlay-color":"","overlay-opacity":"","overlay-gradient":""},"tablet":{"background-color":"","background-image":"","background-repeat":"repeat","background-position":"center center","background-size":"auto","background-attachment":"scroll","background-type":"","background-media":"","overlay-type":"","overlay-color":"","overlay-opacity":"","overlay-gradient":""},"mobile":{"background-color":"","background-image":"","background-repeat":"repeat","background-position":"center center","background-size":"auto","background-attachment":"scroll","background-type":"","background-media":"","overlay-type":"","overlay-color":"","overlay-opacity":"","overlay-gradient":""}},"ast-content-background-meta":{"desktop":{"background-color":"var(--ast-global-color-5)","background-image":"","background-repeat":"repeat","background-position":"center center","background-size":"auto","background-attachment":"scroll","background-type":"","background-media":"","overlay-type":"","overlay-color":"","overlay-opacity":"","overlay-gradient":""},"tablet":{"background-color":"var(--ast-global-color-5)","background-image":"","background-repeat":"repeat","background-position":"center center","background-size":"auto","background-attachment":"scroll","background-type":"","background-media":"","overlay-type":"","overlay-color":"","overlay-opacity":"","overlay-gradient":""},"mobile":{"background-color":"var(--ast-global-color-5)","background-image":"","background-repeat":"repeat","background-position":"center center","background-size":"auto","background-attachment":"scroll","background-type":"","background-media":"","overlay-type":"","overlay-color":"","overlay-opacity":"","overlay-gradient":""}},"footnotes":""},"class_list":["post-12790","page","type-page","status-publish","hentry"],"_links":{"self":[{"href":"https:\/\/bodenbender.com\/fr\/wp-json\/wp\/v2\/pages\/12790","targetHints":{"allow":["GET"]}}],"collection":[{"href":"https:\/\/bodenbender.com\/fr\/wp-json\/wp\/v2\/pages"}],"about":[{"href":"https:\/\/bodenbender.com\/fr\/wp-json\/wp\/v2\/types\/page"}],"author":[{"embeddable":true,"href":"https:\/\/bodenbender.com\/fr\/wp-json\/wp\/v2\/users\/1"}],"replies":[{"embeddable":true,"href":"https:\/\/bodenbender.com\/fr\/wp-json\/wp\/v2\/comments?post=12790"}],"version-history":[{"count":5,"href":"https:\/\/bodenbender.com\/fr\/wp-json\/wp\/v2\/pages\/12790\/revisions"}],"predecessor-version":[{"id":14211,"href":"https:\/\/bodenbender.com\/fr\/wp-json\/wp\/v2\/pages\/12790\/revisions\/14211"}],"up":[{"embeddable":true,"href":"https:\/\/bodenbender.com\/fr\/wp-json\/wp\/v2\/pages\/12788"}],"wp:attachment":[{"href":"https:\/\/bodenbender.com\/fr\/wp-json\/wp\/v2\/media?parent=12790"}],"curies":[{"name":"wp","href":"https:\/\/api.w.org\/{rel}","templated":true}]}}