{"id":12716,"date":"2025-04-29T10:14:19","date_gmt":"2025-04-29T08:14:19","guid":{"rendered":"https:\/\/bodenbender.com\/environnement\/"},"modified":"2025-07-10T11:03:06","modified_gmt":"2025-07-10T09:03:06","slug":"environnement","status":"publish","type":"page","link":"https:\/\/bodenbender.com\/fr\/societe\/notre-responsabilite\/environnement\/","title":{"rendered":"Environnement"},"content":{"rendered":"\t\t<div data-elementor-type=\"wp-page\" data-elementor-id=\"12716\" class=\"elementor elementor-12716 elementor-10192\" data-elementor-post-type=\"page\">\n\t\t\t\t<div class=\"elementor-element elementor-element-276af3f4 e-flex e-con-boxed e-con e-parent\" data-id=\"276af3f4\" data-element_type=\"container\" data-e-type=\"container\" data-settings=\"{&quot;background_background&quot;:&quot;classic&quot;}\">\n\t\t\t\t\t<div class=\"e-con-inner\">\n\t\t<div class=\"elementor-element elementor-element-76e33d2e e-con-full e-flex e-con e-child\" data-id=\"76e33d2e\" data-element_type=\"container\" data-e-type=\"container\">\n\t\t\t\t<div class=\"elementor-element elementor-element-6fe4ce1 elementor-widget elementor-widget-image\" data-id=\"6fe4ce1\" data-element_type=\"widget\" data-e-type=\"widget\" data-widget_type=\"image.default\">\n\t\t\t\t<div class=\"elementor-widget-container\">\n\t\t\t\t\t\t\t\t\t\t\t\t\t\t\t<img fetchpriority=\"high\" decoding=\"async\" width=\"1024\" height=\"795\" src=\"https:\/\/bodenbender.com\/wp-content\/uploads\/2024\/12\/umwelt_klein-1024x795.jpg\" class=\"attachment-large size-large wp-image-2754\" alt=\"Mensch mit Labor Handschuhen nimmt eine Wasserprobe aus einem Fluss.\" srcset=\"https:\/\/bodenbender.com\/wp-content\/uploads\/2024\/12\/umwelt_klein-1024x795.jpg 1024w, https:\/\/bodenbender.com\/wp-content\/uploads\/2024\/12\/umwelt_klein-300x233.jpg 300w, https:\/\/bodenbender.com\/wp-content\/uploads\/2024\/12\/umwelt_klein-768x596.jpg 768w, https:\/\/bodenbender.com\/wp-content\/uploads\/2024\/12\/umwelt_klein.jpg 1080w\" sizes=\"(max-width: 1024px) 100vw, 1024px\" \/>\t\t\t\t\t\t\t\t\t\t\t\t\t\t\t<\/div>\n\t\t\t\t<\/div>\n\t\t\t\t<\/div>\n\t\t<div class=\"elementor-element elementor-element-27283939 e-con-full e-flex e-con e-child\" data-id=\"27283939\" data-element_type=\"container\" data-e-type=\"container\">\n\t\t\t\t<div class=\"elementor-element elementor-element-11490794 elementor-widget elementor-widget-heading\" data-id=\"11490794\" data-element_type=\"widget\" data-e-type=\"widget\" data-widget_type=\"heading.default\">\n\t\t\t\t<div class=\"elementor-widget-container\">\n\t\t\t\t\t<h1 class=\"elementor-heading-title elementor-size-default\">Environnement<\/h1>\t\t\t\t<\/div>\n\t\t\t\t<\/div>\n\t\t\t\t<div class=\"elementor-element elementor-element-5adcb8ee elementor-widget__width-auto elementor-widget elementor-widget-text-editor\" data-id=\"5adcb8ee\" data-element_type=\"widget\" data-e-type=\"widget\" data-widget_type=\"text-editor.default\">\n\t\t\t\t<div class=\"elementor-widget-container\">\n\t\t\t\t\t\t\t\t\t<div class=\"et_pb_column et_pb_column_4_4 et_pb_column_0 et_pb_css_mix_blend_mode_passthrough et-last-child\"><div class=\"et_pb_module et_pb_text et_pb_text_0 et_pb_text_align_left et_pb_bg_layout_light et_multi_view__hover_selector et_multi_view__hovered\"><div class=\"et_pb_text_inner\" data-et-multi-view=\"{\"schema\":{\"content\":{\"desktop\":\"&lt;encoded_tag_open \/&gt;h2&lt;encoded_tag_closed \/&gt;&lt;encoded_tag_open \/&gt;span style=\\\"color: #0062a4;\\\"&lt;encoded_tag_closed \/&gt;Stetige Weiterentwicklung f\\u00fcr eine zukunftsf\\u00e4hige Umwelt.\\u00a0&lt;encoded_tag_open \/&gt;\\\/span&lt;encoded_tag_closed \/&gt;&lt;encoded_tag_open \/&gt;\\\/h2&lt;encoded_tag_closed \/&gt;\",\"tablet\":\"&lt;encoded_tag_open \/&gt;h2&lt;encoded_tag_closed \/&gt;&lt;encoded_tag_open \/&gt;span style=\\\"color: #0062a4;\\\"&lt;encoded_tag_closed \/&gt;Lorem Ipsum&lt;encoded_tag_open \/&gt;\\\/span&lt;encoded_tag_closed \/&gt;&lt;encoded_tag_open \/&gt;\\\/h2&lt;encoded_tag_closed \/&gt;\"}},\"slug\":\"et_pb_text\"}\" data-et-multi-view-load-tablet-hidden=\"true\"><p><strong>Pr\u00e9servation de la biodiversit\u00e9<\/strong><\/p><\/div><\/div><\/div>\t\t\t\t\t\t\t\t<\/div>\n\t\t\t\t<\/div>\n\t\t\t\t<\/div>\n\t\t\t\t\t<\/div>\n\t\t\t\t<\/div>\n\t\t<div class=\"elementor-element elementor-element-5760924f e-flex e-con-boxed e-con e-parent\" data-id=\"5760924f\" data-element_type=\"container\" data-e-type=\"container\">\n\t\t\t\t\t<div class=\"e-con-inner\">\n\t\t<div class=\"elementor-element elementor-element-37a7e58a e-con-full e-flex e-con e-child\" data-id=\"37a7e58a\" data-element_type=\"container\" data-e-type=\"container\">\n\t\t\t\t<div class=\"elementor-element elementor-element-79f95006 elementor-widget__width-auto elementor-widget elementor-widget-text-editor\" data-id=\"79f95006\" data-element_type=\"widget\" data-e-type=\"widget\" data-widget_type=\"text-editor.default\">\n\t\t\t\t<div class=\"elementor-widget-container\">\n\t\t\t\t\t\t\t\t\t<div class=\"et_pb_module et_pb_text et_pb_text_1 et_pb_text_align_left et_pb_bg_layout_light\"><div class=\"et_pb_text_inner\"><div class=\"et_pb_module et_pb_text et_pb_text_2 et_pb_text_align_left et_pb_bg_layout_light\"><div class=\"et_pb_module et_pb_text et_pb_text_2 et_pb_text_align_left et_pb_bg_layout_light\"><p>Depuis 2019, une colonie d&rsquo;abeilles d&rsquo;environ 50.000 individus vit sur notre site et est r\u00e9guli\u00e8rement suivie par un apiculteur. Nous souhaitons ainsi contribuer \u00e0 ralentir le d\u00e9clin de la population d&rsquo;insectes, tout en favorisant la pr\u00e9servation de la biodiversit\u00e9. Les abeilles servent de pollinisateurs pour les plantes sauvages et contribuent \u00e0 leur reproduction, ce qui a \u00e9galement un impact positif sur le sol et l&rsquo;air. En outre, la pollinisation des cultures a un impact \u00e0 long terme sur les stocks alimentaires mondiaux.   <\/p><\/div><\/div><\/div><\/div>\t\t\t\t\t\t\t\t<\/div>\n\t\t\t\t<\/div>\n\t\t\t\t<div class=\"elementor-element elementor-element-77b7bb9b elementor-widget elementor-widget-heading\" data-id=\"77b7bb9b\" data-element_type=\"widget\" data-e-type=\"widget\" data-widget_type=\"heading.default\">\n\t\t\t\t<div class=\"elementor-widget-container\">\n\t\t\t\t\t<h2 class=\"elementor-heading-title elementor-size-default\">Pr\u00e9servation des ressources<\/h2>\t\t\t\t<\/div>\n\t\t\t\t<\/div>\n\t\t\t\t<div class=\"elementor-element elementor-element-4b8abb8c elementor-widget elementor-widget-text-editor\" data-id=\"4b8abb8c\" data-element_type=\"widget\" data-e-type=\"widget\" data-widget_type=\"text-editor.default\">\n\t\t\t\t<div class=\"elementor-widget-container\">\n\t\t\t\t\t\t\t\t\t<p>Nos halls et l&rsquo;immeuble de bureaux sont \u00e9quip\u00e9s d&rsquo;un syst\u00e8me d&rsquo;\u00e9clairage intelligent &#8211; les luminaires s&rsquo;adaptent aux conditions d&rsquo;\u00e9clairage naturel (intensit\u00e9 de la lumi\u00e8re du jour) et r\u00e9agissent aux mouvements. Nous \u00e9vitons ainsi de gaspiller inutilement de l&rsquo;\u00e9nergie et, gr\u00e2ce \u00e0 un \u00e9clairage toujours optimal, nous emp\u00eachons que les yeux des employ\u00e9s ne soient fortement sollicit\u00e9s. <\/p>\t\t\t\t\t\t\t\t<\/div>\n\t\t\t\t<\/div>\n\t\t\t\t<div class=\"elementor-element elementor-element-21447710 elementor-widget elementor-widget-heading\" data-id=\"21447710\" data-element_type=\"widget\" data-e-type=\"widget\" data-widget_type=\"heading.default\">\n\t\t\t\t<div class=\"elementor-widget-container\">\n\t\t\t\t\t<h2 class=\"elementor-heading-title elementor-size-default\">Pour nous, le d\u00e9veloppement durable n'est pas un th\u00e8me unique. Nous sommes donc en constante \u00e9volution : <\/h2>\t\t\t\t<\/div>\n\t\t\t\t<\/div>\n\t\t\t\t<div class=\"elementor-element elementor-element-42d444b5 elementor-widget elementor-widget-text-editor\" data-id=\"42d444b5\" data-element_type=\"widget\" data-e-type=\"widget\" data-widget_type=\"text-editor.default\">\n\t\t\t\t<div class=\"elementor-widget-container\">\n\t\t\t\t\t\t\t\t\t<p>Nous testons actuellement des solutions d&#8217;emballage recyclables pour les petites pi\u00e8ces afin de pouvoir modifier nos mat\u00e9riaux d&#8217;emballage pour les substances non chimiques.<\/p>\t\t\t\t\t\t\t\t<\/div>\n\t\t\t\t<\/div>\n\t\t\t\t<\/div>\n\t\t<div class=\"elementor-element elementor-element-11ddf751 e-con-full e-flex e-con e-child\" data-id=\"11ddf751\" data-element_type=\"container\" data-e-type=\"container\">\n\t\t\t\t<div class=\"elementor-element elementor-element-54ea218e elementor-widget elementor-widget-text-editor\" data-id=\"54ea218e\" data-element_type=\"widget\" data-e-type=\"widget\" data-widget_type=\"text-editor.default\">\n\t\t\t\t<div class=\"elementor-widget-container\">\n\t\t\t\t\t\t\t\t\t<p><strong>Vous avez des questions ?<br><\/strong><\/p>\t\t\t\t\t\t\t\t<\/div>\n\t\t\t\t<\/div>\n\t\t\t\t<div class=\"elementor-element elementor-element-57dbdde6 elementor-widget elementor-widget-image\" data-id=\"57dbdde6\" data-element_type=\"widget\" data-e-type=\"widget\" data-widget_type=\"image.default\">\n\t\t\t\t<div class=\"elementor-widget-container\">\n\t\t\t\t\t\t\t\t\t\t\t\t\t\t\t<img decoding=\"async\" width=\"1024\" height=\"682\" src=\"https:\/\/bodenbender.com\/wp-content\/uploads\/2024\/12\/christian_kunkel-1-1024x682.jpg\" class=\"attachment-large size-large wp-image-2285\" alt=\"Foto Portrait von Christian Kunkel.\" srcset=\"https:\/\/bodenbender.com\/wp-content\/uploads\/2024\/12\/christian_kunkel-1-1024x682.jpg 1024w, https:\/\/bodenbender.com\/wp-content\/uploads\/2024\/12\/christian_kunkel-1-300x200.jpg 300w, https:\/\/bodenbender.com\/wp-content\/uploads\/2024\/12\/christian_kunkel-1-768x512.jpg 768w, https:\/\/bodenbender.com\/wp-content\/uploads\/2024\/12\/christian_kunkel-1.jpg 1181w\" sizes=\"(max-width: 1024px) 100vw, 1024px\" \/>\t\t\t\t\t\t\t\t\t\t\t\t\t\t\t<\/div>\n\t\t\t\t<\/div>\n\t\t\t\t<div class=\"elementor-element elementor-element-363b025b elementor-widget elementor-widget-text-editor\" data-id=\"363b025b\" data-element_type=\"widget\" data-e-type=\"widget\" data-widget_type=\"text-editor.default\">\n\t\t\t\t<div class=\"elementor-widget-container\">\n\t\t\t\t\t\t\t\t\t<p><strong>Christian Kunkel<\/strong><\/p><p>Directeur g\u00e9n\u00e9ral<\/p><p><a href=\"tel:0049646198520\">+49 6461 98520<\/a><\/p><p><a href=\"mailto:christian.kunkel@bodenbender.com\" target=\"_blank\" rel=\"noopener\">christian.kunkel@bodenbender.com<\/a><\/p>\t\t\t\t\t\t\t\t<\/div>\n\t\t\t\t<\/div>\n\t\t\t\t<div class=\"elementor-element elementor-element-28a8cedc elementor-widget elementor-widget-spacer\" data-id=\"28a8cedc\" data-element_type=\"widget\" data-e-type=\"widget\" data-widget_type=\"spacer.default\">\n\t\t\t\t<div class=\"elementor-widget-container\">\n\t\t\t\t\t\t\t<div class=\"elementor-spacer\">\n\t\t\t<div class=\"elementor-spacer-inner\"><\/div>\n\t\t<\/div>\n\t\t\t\t\t\t<\/div>\n\t\t\t\t<\/div>\n\t\t\t\t<\/div>\n\t\t\t\t\t<\/div>\n\t\t\t\t<\/div>\n\t\t\t\t<\/div>\n\t\t","protected":false},"excerpt":{"rendered":"<p>Pr\u00e9servation de la biodiversit\u00e9 Depuis 2019, une colonie d&rsquo;abeilles d&rsquo;environ 50.000 individus vit sur notre site et est r\u00e9guli\u00e8rement suivie [&hellip;]<\/p>\n","protected":false},"author":1,"featured_media":2754,"parent":12984,"menu_order":0,"comment_status":"closed","ping_status":"closed","template":"","meta":{"site-sidebar-layout":"no-sidebar","site-content-layout":"","ast-site-content-layout":"full-width-container","site-content-style":"default","site-sidebar-style":"default","ast-global-header-display":"","ast-banner-title-visibility":"","ast-main-header-display":"","ast-hfb-above-header-display":"","ast-hfb-below-header-display":"","ast-hfb-mobile-header-display":"","site-post-title":"disabled","ast-breadcrumbs-content":"","ast-featured-img":"disabled","footer-sml-layout":"","ast-disable-related-posts":"","theme-transparent-header-meta":"","adv-header-id-meta":"","stick-header-meta":"","header-above-stick-meta":"","header-main-stick-meta":"","header-below-stick-meta":"","astra-migrate-meta-layouts":"default","ast-page-background-enabled":"default","ast-page-background-meta":{"desktop":{"background-color":"var(--ast-global-color-4)","background-image":"","background-repeat":"repeat","background-position":"center center","background-size":"auto","background-attachment":"scroll","background-type":"","background-media":"","overlay-type":"","overlay-color":"","overlay-opacity":"","overlay-gradient":""},"tablet":{"background-color":"","background-image":"","background-repeat":"repeat","background-position":"center center","background-size":"auto","background-attachment":"scroll","background-type":"","background-media":"","overlay-type":"","overlay-color":"","overlay-opacity":"","overlay-gradient":""},"mobile":{"background-color":"","background-image":"","background-repeat":"repeat","background-position":"center center","background-size":"auto","background-attachment":"scroll","background-type":"","background-media":"","overlay-type":"","overlay-color":"","overlay-opacity":"","overlay-gradient":""}},"ast-content-background-meta":{"desktop":{"background-color":"var(--ast-global-color-5)","background-image":"","background-repeat":"repeat","background-position":"center center","background-size":"auto","background-attachment":"scroll","background-type":"","background-media":"","overlay-type":"","overlay-color":"","overlay-opacity":"","overlay-gradient":""},"tablet":{"background-color":"var(--ast-global-color-5)","background-image":"","background-repeat":"repeat","background-position":"center center","background-size":"auto","background-attachment":"scroll","background-type":"","background-media":"","overlay-type":"","overlay-color":"","overlay-opacity":"","overlay-gradient":""},"mobile":{"background-color":"var(--ast-global-color-5)","background-image":"","background-repeat":"repeat","background-position":"center center","background-size":"auto","background-attachment":"scroll","background-type":"","background-media":"","overlay-type":"","overlay-color":"","overlay-opacity":"","overlay-gradient":""}},"footnotes":""},"class_list":["post-12716","page","type-page","status-publish","has-post-thumbnail","hentry"],"_links":{"self":[{"href":"https:\/\/bodenbender.com\/fr\/wp-json\/wp\/v2\/pages\/12716","targetHints":{"allow":["GET"]}}],"collection":[{"href":"https:\/\/bodenbender.com\/fr\/wp-json\/wp\/v2\/pages"}],"about":[{"href":"https:\/\/bodenbender.com\/fr\/wp-json\/wp\/v2\/types\/page"}],"author":[{"embeddable":true,"href":"https:\/\/bodenbender.com\/fr\/wp-json\/wp\/v2\/users\/1"}],"replies":[{"embeddable":true,"href":"https:\/\/bodenbender.com\/fr\/wp-json\/wp\/v2\/comments?post=12716"}],"version-history":[{"count":3,"href":"https:\/\/bodenbender.com\/fr\/wp-json\/wp\/v2\/pages\/12716\/revisions"}],"predecessor-version":[{"id":14183,"href":"https:\/\/bodenbender.com\/fr\/wp-json\/wp\/v2\/pages\/12716\/revisions\/14183"}],"up":[{"embeddable":true,"href":"https:\/\/bodenbender.com\/fr\/wp-json\/wp\/v2\/pages\/12984"}],"wp:featuredmedia":[{"embeddable":true,"href":"https:\/\/bodenbender.com\/fr\/wp-json\/wp\/v2\/media\/2754"}],"wp:attachment":[{"href":"https:\/\/bodenbender.com\/fr\/wp-json\/wp\/v2\/media?parent=12716"}],"curies":[{"name":"wp","href":"https:\/\/api.w.org\/{rel}","templated":true}]}}