{"id":12628,"date":"2025-04-29T10:15:53","date_gmt":"2025-04-29T08:15:53","guid":{"rendered":"https:\/\/bodenbender.com\/societe-social\/"},"modified":"2025-07-16T10:38:43","modified_gmt":"2025-07-16T08:38:43","slug":"societe-social","status":"publish","type":"page","link":"https:\/\/bodenbender.com\/fr\/societe\/notre-responsabilite\/societe-social\/","title":{"rendered":"Soci\u00e9t\u00e9 et affaires sociales"},"content":{"rendered":"\t\t<div data-elementor-type=\"wp-page\" data-elementor-id=\"12628\" class=\"elementor elementor-12628 elementor-10194\" data-elementor-post-type=\"page\">\n\t\t\t\t<div class=\"elementor-element elementor-element-454097b8 e-flex e-con-boxed e-con e-parent\" data-id=\"454097b8\" data-element_type=\"container\" data-e-type=\"container\" data-settings=\"{&quot;background_background&quot;:&quot;classic&quot;}\">\n\t\t\t\t\t<div class=\"e-con-inner\">\n\t\t<div class=\"elementor-element elementor-element-7d89c7d6 e-con-full e-flex e-con e-child\" data-id=\"7d89c7d6\" data-element_type=\"container\" data-e-type=\"container\">\n\t\t\t\t<div class=\"elementor-element elementor-element-140d0d1a elementor-widget elementor-widget-image\" data-id=\"140d0d1a\" data-element_type=\"widget\" data-e-type=\"widget\" data-widget_type=\"image.default\">\n\t\t\t\t<div class=\"elementor-widget-container\">\n\t\t\t\t\t\t\t\t\t\t\t\t\t\t\t<img fetchpriority=\"high\" decoding=\"async\" width=\"1024\" height=\"795\" src=\"https:\/\/bodenbender.com\/wp-content\/uploads\/2025\/04\/anfahrt_klein-1080x838-1-1024x795.jpg\" class=\"attachment-large size-large wp-image-10197\" alt=\"Burg mitten im Wald\" srcset=\"https:\/\/bodenbender.com\/wp-content\/uploads\/2025\/04\/anfahrt_klein-1080x838-1-1024x795.jpg 1024w, https:\/\/bodenbender.com\/wp-content\/uploads\/2025\/04\/anfahrt_klein-1080x838-1-300x233.jpg 300w, https:\/\/bodenbender.com\/wp-content\/uploads\/2025\/04\/anfahrt_klein-1080x838-1-768x596.jpg 768w, https:\/\/bodenbender.com\/wp-content\/uploads\/2025\/04\/anfahrt_klein-1080x838-1.jpg 1080w\" sizes=\"(max-width: 1024px) 100vw, 1024px\" \/>\t\t\t\t\t\t\t\t\t\t\t\t\t\t\t<\/div>\n\t\t\t\t<\/div>\n\t\t\t\t<\/div>\n\t\t<div class=\"elementor-element elementor-element-43544f38 e-con-full e-flex e-con e-child\" data-id=\"43544f38\" data-element_type=\"container\" data-e-type=\"container\">\n\t\t\t\t<div class=\"elementor-element elementor-element-628a11be elementor-widget elementor-widget-heading\" data-id=\"628a11be\" data-element_type=\"widget\" data-e-type=\"widget\" data-widget_type=\"heading.default\">\n\t\t\t\t<div class=\"elementor-widget-container\">\n\t\t\t\t\t<h1 class=\"elementor-heading-title elementor-size-default\">Soci\u00e9t\u00e9 et affaires sociales<\/h1>\t\t\t\t<\/div>\n\t\t\t\t<\/div>\n\t\t\t\t<div class=\"elementor-element elementor-element-4d251103 elementor-widget__width-auto elementor-widget elementor-widget-text-editor\" data-id=\"4d251103\" data-element_type=\"widget\" data-e-type=\"widget\" data-widget_type=\"text-editor.default\">\n\t\t\t\t<div class=\"elementor-widget-container\">\n\t\t\t\t\t\t\t\t\t<div class=\"et_pb_column et_pb_column_4_4 et_pb_column_0 et_pb_css_mix_blend_mode_passthrough et-last-child\"><div class=\"et_pb_module et_pb_text et_pb_text_0 et_pb_text_align_left et_pb_bg_layout_light et_multi_view__hover_selector et_multi_view__hovered\"><div class=\"et_pb_text_inner\" data-et-multi-view=\"{\"schema\":{\"content\":{\"desktop\":\"&lt;encoded_tag_open \/&gt;h2&lt;encoded_tag_closed \/&gt;&lt;encoded_tag_open \/&gt;span style=\\\"color: #0062a4;\\\"&lt;encoded_tag_closed \/&gt;Stetige Weiterentwicklung f\\u00fcr eine zukunftsf\\u00e4hige Umwelt.\\u00a0&lt;encoded_tag_open \/&gt;\\\/span&lt;encoded_tag_closed \/&gt;&lt;encoded_tag_open \/&gt;\\\/h2&lt;encoded_tag_closed \/&gt;\",\"tablet\":\"&lt;encoded_tag_open \/&gt;h2&lt;encoded_tag_closed \/&gt;&lt;encoded_tag_open \/&gt;span style=\\\"color: #0062a4;\\\"&lt;encoded_tag_closed \/&gt;Lorem Ipsum&lt;encoded_tag_open \/&gt;\\\/span&lt;encoded_tag_closed \/&gt;&lt;encoded_tag_open \/&gt;\\\/h2&lt;encoded_tag_closed \/&gt;\"}},\"slug\":\"et_pb_text\"}\" data-et-multi-view-load-tablet-hidden=\"true\"><p><strong>Nous sommes fiers de nos racines et souhaitons continuer \u00e0 promouvoir la r\u00e9gion. C&rsquo;est pourquoi nous sommes sponsor du VfL 1911 Biedenkopf e.V. depuis 1998. <\/strong><\/p><p>En outre, nous soutenons les Volleys Marburg Biedenkopf et sommes supporters du HSG Wetzlar.<\/p><\/div><\/div><\/div>\t\t\t\t\t\t\t\t<\/div>\n\t\t\t\t<\/div>\n\t\t\t\t<\/div>\n\t\t\t\t\t<\/div>\n\t\t\t\t<\/div>\n\t\t<div class=\"elementor-element elementor-element-6a094b5 e-flex e-con-boxed e-con e-parent\" data-id=\"6a094b5\" data-element_type=\"container\" data-e-type=\"container\">\n\t\t\t\t\t<div class=\"e-con-inner\">\n\t\t<div class=\"elementor-element elementor-element-e6add5d e-con-full e-flex e-con e-child\" data-id=\"e6add5d\" data-element_type=\"container\" data-e-type=\"container\">\n\t\t\t\t<div class=\"elementor-element elementor-element-37f10ab elementor-widget elementor-widget-image\" data-id=\"37f10ab\" data-element_type=\"widget\" data-e-type=\"widget\" data-widget_type=\"image.default\">\n\t\t\t\t<div class=\"elementor-widget-container\">\n\t\t\t\t\t\t\t\t\t\t\t\t\t\t\t<img decoding=\"async\" width=\"300\" height=\"124\" src=\"https:\/\/bodenbender.com\/wp-content\/uploads\/2025\/06\/HSG-Wetzlar-Supporterclub-300x124.png\" class=\"attachment-medium size-medium wp-image-13570\" alt=\"HSG Wetzlar Supporter Club Logo\" srcset=\"https:\/\/bodenbender.com\/wp-content\/uploads\/2025\/06\/HSG-Wetzlar-Supporterclub-300x124.png 300w, https:\/\/bodenbender.com\/wp-content\/uploads\/2025\/06\/HSG-Wetzlar-Supporterclub-1024x424.png 1024w, https:\/\/bodenbender.com\/wp-content\/uploads\/2025\/06\/HSG-Wetzlar-Supporterclub-768x318.png 768w, https:\/\/bodenbender.com\/wp-content\/uploads\/2025\/06\/HSG-Wetzlar-Supporterclub-1536x636.png 1536w, https:\/\/bodenbender.com\/wp-content\/uploads\/2025\/06\/HSG-Wetzlar-Supporterclub.png 1683w\" sizes=\"(max-width: 300px) 100vw, 300px\" \/>\t\t\t\t\t\t\t\t\t\t\t\t\t\t\t<\/div>\n\t\t\t\t<\/div>\n\t\t\t\t<\/div>\n\t\t<div class=\"elementor-element elementor-element-9338a8b e-con-full e-flex e-con e-child\" data-id=\"9338a8b\" data-element_type=\"container\" data-e-type=\"container\">\n\t\t\t\t<div class=\"elementor-element elementor-element-e667470 elementor-widget elementor-widget-image\" data-id=\"e667470\" data-element_type=\"widget\" data-e-type=\"widget\" data-widget_type=\"image.default\">\n\t\t\t\t<div class=\"elementor-widget-container\">\n\t\t\t\t\t\t\t\t\t\t\t\t\t\t\t<img decoding=\"async\" width=\"238\" height=\"300\" src=\"https:\/\/bodenbender.com\/wp-content\/uploads\/2025\/06\/Logo-VfL-Biedenkopf-238x300.png\" class=\"attachment-medium size-medium wp-image-13576\" alt=\"Logo des VfL Biedenkopf\" srcset=\"https:\/\/bodenbender.com\/wp-content\/uploads\/2025\/06\/Logo-VfL-Biedenkopf-238x300.png 238w, https:\/\/bodenbender.com\/wp-content\/uploads\/2025\/06\/Logo-VfL-Biedenkopf-768x966.png 768w, https:\/\/bodenbender.com\/wp-content\/uploads\/2025\/06\/Logo-VfL-Biedenkopf.png 814w\" sizes=\"(max-width: 238px) 100vw, 238px\" \/>\t\t\t\t\t\t\t\t\t\t\t\t\t\t\t<\/div>\n\t\t\t\t<\/div>\n\t\t\t\t<\/div>\n\t\t<div class=\"elementor-element elementor-element-9cecdca e-con-full e-flex e-con e-child\" data-id=\"9cecdca\" data-element_type=\"container\" data-e-type=\"container\">\n\t\t\t\t<div class=\"elementor-element elementor-element-07ad783 elementor-widget elementor-widget-image\" data-id=\"07ad783\" data-element_type=\"widget\" data-e-type=\"widget\" data-widget_type=\"image.default\">\n\t\t\t\t<div class=\"elementor-widget-container\">\n\t\t\t\t\t\t\t\t\t\t\t\t\t\t\t<img loading=\"lazy\" decoding=\"async\" width=\"300\" height=\"300\" src=\"https:\/\/bodenbender.com\/wp-content\/uploads\/2025\/06\/VMB_Black-1-pdf-1024x1024-1-300x300.png\" class=\"attachment-medium size-medium wp-image-13573\" alt=\"Logp Volleys Marburg\" srcset=\"https:\/\/bodenbender.com\/wp-content\/uploads\/2025\/06\/VMB_Black-1-pdf-1024x1024-1-300x300.png 300w, https:\/\/bodenbender.com\/wp-content\/uploads\/2025\/06\/VMB_Black-1-pdf-1024x1024-1-150x150.png 150w, https:\/\/bodenbender.com\/wp-content\/uploads\/2025\/06\/VMB_Black-1-pdf-1024x1024-1-768x768.png 768w, https:\/\/bodenbender.com\/wp-content\/uploads\/2025\/06\/VMB_Black-1-pdf-1024x1024-1.png 1024w\" sizes=\"(max-width: 300px) 100vw, 300px\" \/>\t\t\t\t\t\t\t\t\t\t\t\t\t\t\t<\/div>\n\t\t\t\t<\/div>\n\t\t\t\t<\/div>\n\t\t\t\t\t<\/div>\n\t\t\t\t<\/div>\n\t\t<div class=\"elementor-element elementor-element-4487e990 e-flex e-con-boxed e-con e-parent\" data-id=\"4487e990\" data-element_type=\"container\" data-e-type=\"container\">\n\t\t\t\t\t<div class=\"e-con-inner\">\n\t\t<div class=\"elementor-element elementor-element-1434ec19 e-con-full e-flex e-con e-child\" data-id=\"1434ec19\" data-element_type=\"container\" data-e-type=\"container\">\n\t\t\t\t<div class=\"elementor-element elementor-element-3bb10e7f elementor-widget__width-inherit elementor-widget elementor-widget-text-editor\" data-id=\"3bb10e7f\" data-element_type=\"widget\" data-e-type=\"widget\" data-widget_type=\"text-editor.default\">\n\t\t\t\t<div class=\"elementor-widget-container\">\n\t\t\t\t\t\t\t\t\t<p>En outre, nous nous engageons dans les domaines suivants :<\/p><ul><li>Donation annuelle de No\u00ebl \u00e0 des organisations diff\u00e9rentes (derni\u00e8rement UNICEF et Viva con Agua)<\/li><li>Soutien \/ formation dans les \u00e9coles professionnelles, notamment DEULA Rheinland GmbH<\/li><\/ul><p>Retrouvez-nous \u00e9galement en tant que membre de soutien du VDRK e.V. ou sur biedenkopf.online<\/p>\t\t\t\t\t\t\t\t<\/div>\n\t\t\t\t<\/div>\n\t\t\t\t<div class=\"elementor-element elementor-element-065664d elementor-widget__width-initial elementor-widget elementor-widget-image\" data-id=\"065664d\" data-element_type=\"widget\" data-e-type=\"widget\" data-widget_type=\"image.default\">\n\t\t\t\t<div class=\"elementor-widget-container\">\n\t\t\t\t\t\t\t\t\t\t\t\t\t\t\t<img loading=\"lazy\" decoding=\"async\" width=\"1024\" height=\"326\" src=\"https:\/\/bodenbender.com\/wp-content\/uploads\/2025\/06\/biedenkopf-online-1024x326.png\" class=\"attachment-large size-large wp-image-13563\" alt=\"Logo Biedenkopf Online\" srcset=\"https:\/\/bodenbender.com\/wp-content\/uploads\/2025\/06\/biedenkopf-online-1024x326.png 1024w, https:\/\/bodenbender.com\/wp-content\/uploads\/2025\/06\/biedenkopf-online-300x95.png 300w, https:\/\/bodenbender.com\/wp-content\/uploads\/2025\/06\/biedenkopf-online-768x244.png 768w, https:\/\/bodenbender.com\/wp-content\/uploads\/2025\/06\/biedenkopf-online.png 1343w\" sizes=\"(max-width: 1024px) 100vw, 1024px\" \/>\t\t\t\t\t\t\t\t\t\t\t\t\t\t\t<\/div>\n\t\t\t\t<\/div>\n\t\t\t\t<div class=\"elementor-element elementor-element-71c25c7 elementor-widget__width-initial elementor-widget elementor-widget-image\" data-id=\"71c25c7\" data-element_type=\"widget\" data-e-type=\"widget\" data-widget_type=\"image.default\">\n\t\t\t\t<div class=\"elementor-widget-container\">\n\t\t\t\t\t\t\t\t\t\t\t\t\t\t\t<img loading=\"lazy\" decoding=\"async\" width=\"335\" height=\"200\" src=\"https:\/\/bodenbender.com\/wp-content\/uploads\/2025\/06\/VDRK-Logo_335px.png\" class=\"attachment-large size-large wp-image-13566\" alt=\"Logo VDRK\" srcset=\"https:\/\/bodenbender.com\/wp-content\/uploads\/2025\/06\/VDRK-Logo_335px.png 335w, https:\/\/bodenbender.com\/wp-content\/uploads\/2025\/06\/VDRK-Logo_335px-300x179.png 300w\" sizes=\"(max-width: 335px) 100vw, 335px\" \/>\t\t\t\t\t\t\t\t\t\t\t\t\t\t\t<\/div>\n\t\t\t\t<\/div>\n\t\t\t\t<div class=\"elementor-element elementor-element-efc51d2 elementor-widget__width-initial elementor-widget elementor-widget-image\" data-id=\"efc51d2\" data-element_type=\"widget\" data-e-type=\"widget\" data-widget_type=\"image.default\">\n\t\t\t\t<div class=\"elementor-widget-container\">\n\t\t\t\t\t\t\t\t\t\t\t\t\t\t\t<img loading=\"lazy\" decoding=\"async\" width=\"300\" height=\"153\" src=\"https:\/\/bodenbender.com\/wp-content\/uploads\/2025\/04\/deula.png\" class=\"attachment-large size-large wp-image-10245\" alt=\"\" \/>\t\t\t\t\t\t\t\t\t\t\t\t\t\t\t<\/div>\n\t\t\t\t<\/div>\n\t\t\t\t<\/div>\n\t\t<div class=\"elementor-element elementor-element-3783bf18 e-con-full e-flex e-con e-child\" data-id=\"3783bf18\" data-element_type=\"container\" data-e-type=\"container\">\n\t\t\t\t<div class=\"elementor-element elementor-element-f14cbef elementor-widget elementor-widget-text-editor\" data-id=\"f14cbef\" data-element_type=\"widget\" data-e-type=\"widget\" data-widget_type=\"text-editor.default\">\n\t\t\t\t<div class=\"elementor-widget-container\">\n\t\t\t\t\t\t\t\t\t<p><strong>Vous avez des questions ?<br><\/strong><\/p>\t\t\t\t\t\t\t\t<\/div>\n\t\t\t\t<\/div>\n\t\t\t\t<div class=\"elementor-element elementor-element-36b72257 elementor-widget elementor-widget-image\" data-id=\"36b72257\" data-element_type=\"widget\" data-e-type=\"widget\" data-widget_type=\"image.default\">\n\t\t\t\t<div class=\"elementor-widget-container\">\n\t\t\t\t\t\t\t\t\t\t\t\t\t\t\t<img loading=\"lazy\" decoding=\"async\" width=\"1024\" height=\"682\" src=\"https:\/\/bodenbender.com\/wp-content\/uploads\/2024\/12\/christian_kunkel-1-1024x682.jpg\" class=\"attachment-large size-large wp-image-2285\" alt=\"Foto Portrait von Christian Kunkel.\" srcset=\"https:\/\/bodenbender.com\/wp-content\/uploads\/2024\/12\/christian_kunkel-1-1024x682.jpg 1024w, https:\/\/bodenbender.com\/wp-content\/uploads\/2024\/12\/christian_kunkel-1-300x200.jpg 300w, https:\/\/bodenbender.com\/wp-content\/uploads\/2024\/12\/christian_kunkel-1-768x512.jpg 768w, https:\/\/bodenbender.com\/wp-content\/uploads\/2024\/12\/christian_kunkel-1.jpg 1181w\" sizes=\"(max-width: 1024px) 100vw, 1024px\" \/>\t\t\t\t\t\t\t\t\t\t\t\t\t\t\t<\/div>\n\t\t\t\t<\/div>\n\t\t\t\t<div class=\"elementor-element elementor-element-1ae040c1 elementor-widget elementor-widget-text-editor\" data-id=\"1ae040c1\" data-element_type=\"widget\" data-e-type=\"widget\" data-widget_type=\"text-editor.default\">\n\t\t\t\t<div class=\"elementor-widget-container\">\n\t\t\t\t\t\t\t\t\t<p><strong>Christian Kunkel<\/strong><\/p><p>Directeur g\u00e9n\u00e9ral<\/p><p><a href=\"tel:0049646198520\">+49 6461 98520<\/a><\/p><p><a href=\"mailto:christian.kunkel@bodenbender.com\" target=\"_blank\" rel=\"noopener\">christian.kunkel@bodenbender.com<\/a><\/p>\t\t\t\t\t\t\t\t<\/div>\n\t\t\t\t<\/div>\n\t\t\t\t<div class=\"elementor-element elementor-element-7fa5ca32 elementor-widget elementor-widget-spacer\" data-id=\"7fa5ca32\" data-element_type=\"widget\" data-e-type=\"widget\" data-widget_type=\"spacer.default\">\n\t\t\t\t<div class=\"elementor-widget-container\">\n\t\t\t\t\t\t\t<div class=\"elementor-spacer\">\n\t\t\t<div class=\"elementor-spacer-inner\"><\/div>\n\t\t<\/div>\n\t\t\t\t\t\t<\/div>\n\t\t\t\t<\/div>\n\t\t\t\t<\/div>\n\t\t\t\t\t<\/div>\n\t\t\t\t<\/div>\n\t\t\t\t<\/div>\n\t\t","protected":false},"excerpt":{"rendered":"<p>Nous sommes fiers de nos racines et souhaitons continuer \u00e0 promouvoir la r\u00e9gion. C&rsquo;est pourquoi nous sommes sponsor du VfL [&hellip;]<\/p>\n","protected":false},"author":1,"featured_media":10197,"parent":12984,"menu_order":0,"comment_status":"closed","ping_status":"closed","template":"","meta":{"site-sidebar-layout":"no-sidebar","site-content-layout":"","ast-site-content-layout":"full-width-container","site-content-style":"default","site-sidebar-style":"default","ast-global-header-display":"","ast-banner-title-visibility":"","ast-main-header-display":"","ast-hfb-above-header-display":"","ast-hfb-below-header-display":"","ast-hfb-mobile-header-display":"","site-post-title":"disabled","ast-breadcrumbs-content":"","ast-featured-img":"disabled","footer-sml-layout":"","ast-disable-related-posts":"","theme-transparent-header-meta":"","adv-header-id-meta":"","stick-header-meta":"","header-above-stick-meta":"","header-main-stick-meta":"","header-below-stick-meta":"","astra-migrate-meta-layouts":"default","ast-page-background-enabled":"default","ast-page-background-meta":{"desktop":{"background-color":"var(--ast-global-color-4)","background-image":"","background-repeat":"repeat","background-position":"center center","background-size":"auto","background-attachment":"scroll","background-type":"","background-media":"","overlay-type":"","overlay-color":"","overlay-opacity":"","overlay-gradient":""},"tablet":{"background-color":"","background-image":"","background-repeat":"repeat","background-position":"center center","background-size":"auto","background-attachment":"scroll","background-type":"","background-media":"","overlay-type":"","overlay-color":"","overlay-opacity":"","overlay-gradient":""},"mobile":{"background-color":"","background-image":"","background-repeat":"repeat","background-position":"center center","background-size":"auto","background-attachment":"scroll","background-type":"","background-media":"","overlay-type":"","overlay-color":"","overlay-opacity":"","overlay-gradient":""}},"ast-content-background-meta":{"desktop":{"background-color":"var(--ast-global-color-5)","background-image":"","background-repeat":"repeat","background-position":"center center","background-size":"auto","background-attachment":"scroll","background-type":"","background-media":"","overlay-type":"","overlay-color":"","overlay-opacity":"","overlay-gradient":""},"tablet":{"background-color":"var(--ast-global-color-5)","background-image":"","background-repeat":"repeat","background-position":"center center","background-size":"auto","background-attachment":"scroll","background-type":"","background-media":"","overlay-type":"","overlay-color":"","overlay-opacity":"","overlay-gradient":""},"mobile":{"background-color":"var(--ast-global-color-5)","background-image":"","background-repeat":"repeat","background-position":"center center","background-size":"auto","background-attachment":"scroll","background-type":"","background-media":"","overlay-type":"","overlay-color":"","overlay-opacity":"","overlay-gradient":""}},"footnotes":""},"class_list":["post-12628","page","type-page","status-publish","has-post-thumbnail","hentry"],"_links":{"self":[{"href":"https:\/\/bodenbender.com\/fr\/wp-json\/wp\/v2\/pages\/12628","targetHints":{"allow":["GET"]}}],"collection":[{"href":"https:\/\/bodenbender.com\/fr\/wp-json\/wp\/v2\/pages"}],"about":[{"href":"https:\/\/bodenbender.com\/fr\/wp-json\/wp\/v2\/types\/page"}],"author":[{"embeddable":true,"href":"https:\/\/bodenbender.com\/fr\/wp-json\/wp\/v2\/users\/1"}],"replies":[{"embeddable":true,"href":"https:\/\/bodenbender.com\/fr\/wp-json\/wp\/v2\/comments?post=12628"}],"version-history":[{"count":5,"href":"https:\/\/bodenbender.com\/fr\/wp-json\/wp\/v2\/pages\/12628\/revisions"}],"predecessor-version":[{"id":14318,"href":"https:\/\/bodenbender.com\/fr\/wp-json\/wp\/v2\/pages\/12628\/revisions\/14318"}],"up":[{"embeddable":true,"href":"https:\/\/bodenbender.com\/fr\/wp-json\/wp\/v2\/pages\/12984"}],"wp:featuredmedia":[{"embeddable":true,"href":"https:\/\/bodenbender.com\/fr\/wp-json\/wp\/v2\/media\/10197"}],"wp:attachment":[{"href":"https:\/\/bodenbender.com\/fr\/wp-json\/wp\/v2\/media?parent=12628"}],"curies":[{"name":"wp","href":"https:\/\/api.w.org\/{rel}","templated":true}]}}